{"id":4300,"date":"2020-12-17T09:26:28","date_gmt":"2020-12-17T09:26:28","guid":{"rendered":"http:\/\/www.svu.edu.eg\/faculties\/hu-edu\/?page_id=4300"},"modified":"2022-03-19T09:08:45","modified_gmt":"2022-03-19T09:08:45","slug":"ladministration-de-ressources-humaines","status":"publish","type":"page","link":"http:\/\/www.svu.edu.eg\/faculties\/hu-edu\/fr\/ladministration-de-ressources-humaines\/","title":{"rendered":"L&#8217;administration de ressources humaines"},"content":{"rendered":"<p><span style=\"color: #3366ff;\"><strong><em><span style=\"font-size: 18pt; font-family: georgia, palatino;\">Prestations<\/span><\/em><\/strong><\/span><\/p>\n<p><em><span style=\"font-size: 14pt; font-family: georgia, palatino;\">L&#8217;administration des ressources humaines \u00e9dite mensuellement les formulaires de paie pour les membres du corps professoral , leurs assistants, le personnel permanent , les entrepreneurs et les personnes d\u00e9tach\u00e9es des universit\u00e9s \u00e9gyptiennes.<\/span><\/em><br \/><em><span style=\"font-size: 14pt; font-family: georgia, palatino;\">L&#8217;administration enregistre les salaires des membres du corps professoral , de leurs assistants, du personnel permanent, avec des enregistrements 129 , ainsi que la r\u00e9mun\u00e9ration suppl\u00e9mentaire.<\/span><\/em><\/p>\n<p><span style=\"color: #ff0000;\"><em><strong><span style=\"font-size: 18pt; font-family: georgia, palatino;\">Recrutements<\/span><\/strong><\/em><\/span><\/p>\n<p><span style=\"font-size: 14pt;\"><em><span style=\"font-family: georgia, palatino;\">L&#8217;administration d\u00e9livre les nouveaux assistants et compl\u00e9tera le recrutement.Et\u00a0assure le suivi de la prestation du travail aux employ\u00e9s.<\/span><\/em><\/span><\/p>\n<p>\u00a0<span style=\"color: #ff6600;\"><strong><em><span style=\"font-size: 18pt; font-family: georgia, palatino;\">pensions<\/span><\/em><\/strong><\/span><\/p>\n<p><em><span style=\"font-size: 14pt; font-family: georgia, palatino;\">L&#8217;administration \u00e9tablit un formulaire mensuel de paiement des pensions et l&#8217;envoie \u00e0 l&#8217;Autorit\u00e9 nationale d&#8217;assurance gouvernementale,enregistre le paiement des pensions,et des cartes de salaire variable pour les membres du corps professoral et leurs assistants, les travailleurs permanents, et les entrepreneurs des universit\u00e9s \u00e9gyptiennes.<\/span><\/em><\/p>\n<p><span style=\"font-size: 18pt; font-family: georgia, palatino; color: #993366;\"><em><strong>Cong\u00e9<\/strong><\/em><\/span><\/p>\n<p><em><span style=\"font-size: 14pt; font-family: georgia, palatino;\">L&#8217;administration tient des registres de cong\u00e9s pour les membres du corps professoral, leurs assistants et employ\u00e9s et assure le suivi de leurs cong\u00e9s r\u00e9guliers et de maladie.<\/span><\/em><\/p>\n\n\n<p style=\"text-align:left\"><\/p>\n\n\n\n<h1 class=\"wp-block-heading\">&nbsp;<\/h1>\n\n\n\n<h4 class=\"wp-block-heading\"><\/h4>\n\n\n\n<p style=\"text-align:left\"><\/p>\n","protected":false},"excerpt":{"rendered":"<p>Prestations L&#8217;administration des ressources humaines \u00e9dite mensuellement les formulaires de paie pour les membres du corps professoral , leurs assistants, le personnel permanent , les entrepreneurs et les personnes d\u00e9tach\u00e9es [&hellip;]<\/p>\n","protected":false},"author":6,"featured_media":0,"parent":0,"menu_order":0,"comment_status":"closed","ping_status":"closed","template":"","meta":{"_monsterinsights_skip_tracking":false,"_monsterinsights_sitenote_active":false,"_monsterinsights_sitenote_note":"","_monsterinsights_sitenote_category":0},"_links":{"self":[{"href":"http:\/\/www.svu.edu.eg\/faculties\/hu-edu\/wp-json\/wp\/v2\/pages\/4300"}],"collection":[{"href":"http:\/\/www.svu.edu.eg\/faculties\/hu-edu\/wp-json\/wp\/v2\/pages"}],"about":[{"href":"http:\/\/www.svu.edu.eg\/faculties\/hu-edu\/wp-json\/wp\/v2\/types\/page"}],"author":[{"embeddable":true,"href":"http:\/\/www.svu.edu.eg\/faculties\/hu-edu\/wp-json\/wp\/v2\/users\/6"}],"replies":[{"embeddable":true,"href":"http:\/\/www.svu.edu.eg\/faculties\/hu-edu\/wp-json\/wp\/v2\/comments?post=4300"}],"version-history":[{"count":3,"href":"http:\/\/www.svu.edu.eg\/faculties\/hu-edu\/wp-json\/wp\/v2\/pages\/4300\/revisions"}],"predecessor-version":[{"id":7808,"href":"http:\/\/www.svu.edu.eg\/faculties\/hu-edu\/wp-json\/wp\/v2\/pages\/4300\/revisions\/7808"}],"wp:attachment":[{"href":"http:\/\/www.svu.edu.eg\/faculties\/hu-edu\/wp-json\/wp\/v2\/media?parent=4300"}],"curies":[{"name":"wp","href":"https:\/\/api.w.org\/{rel}","templated":true}]}}