{"id":6823,"date":"2022-01-04T08:12:13","date_gmt":"2022-01-04T08:12:13","guid":{"rendered":"http:\/\/www.svu.edu.eg\/faculties\/vet\/?page_id=6823"},"modified":"2022-01-04T08:12:50","modified_gmt":"2022-01-04T08:12:50","slug":"objectifs-de-lunite-des-services-electroniques","status":"publish","type":"page","link":"https:\/\/www.svu.edu.eg\/faculties\/vet\/fr\/services-electroniques\/objectifs-de-lunite-des-services-electroniques\/","title":{"rendered":"Objectifs de l\u2019Unit\u00e9 des services \u00e9lectroniques"},"content":{"rendered":"<p><span style=\"font-size: 14pt;\"><strong>1- Am\u00e9lioration\u00a0 du r\u00e9seau d\u2019information interne de la facult\u00e9 :<\/strong><\/span><\/p>\n<p><span class=\"ng-star-inserted\">Exploitation et maintenance du r\u00e9seau d\u2019information.<br \/>\n<\/span><span class=\"ng-star-inserted\">\u2022 Surveiller l\u2019utilisation technique du r\u00e9seau et fournir une assistance technique \u00e0 tous les utilisateurs.<br \/>\n<\/span><span class=\"ng-star-inserted\">\u2022 R\u00e9aliser l\u2019expansion requise du r\u00e9seau de t\u00e9l\u00e9communications coll\u00e9giales en coordination avec le r\u00e9seau universitaire.<br \/>\n<\/span><span class=\"ng-star-inserted\">\u2022 Activation de la vid\u00e9oconf\u00e9rence \u00e0 la facult\u00e9.<\/span><\/p>\n<p><span style=\"font-size: 14pt;\"><strong>2- Modernisation\u00a0 des infrastructures :<\/strong><\/span><\/p>\n<p><span class=\"ng-star-inserted\">-Supervision de l\u2019entretien p\u00e9riodique des ordinateurs et de leurs accessoires.<br \/>\n<\/span><span class=\"ng-star-inserted\">&#8211; \u00c9tudier les lacunes, analyser les d\u00e9faillances et les probl\u00e8mes et \u00e9laborer des solutions appropri\u00e9es aux syst\u00e8mes informatiques.<br \/>\n<\/span><span class=\"ng-star-inserted\">-Pr\u00e9paration de rapports p\u00e9riodiques sur l\u2019\u00e9tat des organes et des laboratoires de la facult\u00e9.<\/span><\/p>\n<p><span class=\"ng-star-inserted\"><span style=\"font-size: 14pt;\"><strong>3- L\u00e9galisation de l\u2019\u00e9tat des syst\u00e8mes d\u2019exploitation, des logiciels et de la protection mat\u00e9rielle contre les virus :<\/strong><\/span><\/span><\/p>\n<p><span class=\"ng-star-inserted\">\u2022 T\u00e9l\u00e9charger le logiciel original et les versions antivirales.<br \/>\n<\/span><span class=\"ng-star-inserted\">\u2022 Modernisation des logiciels mat\u00e9riels.<br \/>\n<\/span><span class=\"ng-star-inserted\">\u2022 Entretien des ordinateurs et des imprimantes ou supervision des contrats d\u2019entretien.<\/span><\/p>\n<p><span class=\"ng-star-inserted\"><span style=\"font-size: 14pt;\"><strong>4- Promouvoir le d\u00e9veloppement du processus \u00e9ducatif en renfor\u00e7ant l\u2019interaction entre les \u00e9tudiants et le corps professoral :<\/strong><\/span><\/span><\/p>\n<p><span class=\"ng-star-inserted\">\u2022 Marketing des cours \u00e9lectroniques, du conseil technique et de la formation.<br \/>\n<\/span><span class=\"ng-star-inserted\">\u2022 la formation des membres du corps professoral\u00a0 et de leurs assistants \u00e0 la collecte de ressources d\u2019apprentissage pour le sujet et \u00e0 la gestion des biblioth\u00e8ques de portail.<br \/>\n<\/span><span class=\"ng-star-inserted\">\u2022 Formation du corps professoral \u00e0 l&#8217;administration de forums \u00e9tudiants.<\/span><\/p>\n","protected":false},"excerpt":{"rendered":"<p>1- Am\u00e9lioration\u00a0 du r\u00e9seau d\u2019information interne de la facult\u00e9 : Exploitation et maintenance du r\u00e9seau d\u2019information. \u2022 Surveiller l\u2019utilisation technique du r\u00e9seau et fournir une assistance technique \u00e0 tous les [&hellip;]<\/p>\n","protected":false},"author":2,"featured_media":0,"parent":4644,"menu_order":0,"comment_status":"closed","ping_status":"closed","template":"","meta":{"footnotes":""},"_links":{"self":[{"href":"https:\/\/www.svu.edu.eg\/faculties\/vet\/wp-json\/wp\/v2\/pages\/6823"}],"collection":[{"href":"https:\/\/www.svu.edu.eg\/faculties\/vet\/wp-json\/wp\/v2\/pages"}],"about":[{"href":"https:\/\/www.svu.edu.eg\/faculties\/vet\/wp-json\/wp\/v2\/types\/page"}],"author":[{"embeddable":true,"href":"https:\/\/www.svu.edu.eg\/faculties\/vet\/wp-json\/wp\/v2\/users\/2"}],"replies":[{"embeddable":true,"href":"https:\/\/www.svu.edu.eg\/faculties\/vet\/wp-json\/wp\/v2\/comments?post=6823"}],"version-history":[{"count":3,"href":"https:\/\/www.svu.edu.eg\/faculties\/vet\/wp-json\/wp\/v2\/pages\/6823\/revisions"}],"predecessor-version":[{"id":6826,"href":"https:\/\/www.svu.edu.eg\/faculties\/vet\/wp-json\/wp\/v2\/pages\/6823\/revisions\/6826"}],"up":[{"embeddable":true,"href":"https:\/\/www.svu.edu.eg\/faculties\/vet\/wp-json\/wp\/v2\/pages\/4644"}],"wp:attachment":[{"href":"https:\/\/www.svu.edu.eg\/faculties\/vet\/wp-json\/wp\/v2\/media?parent=6823"}],"curies":[{"name":"wp","href":"https:\/\/api.w.org\/{rel}","templated":true}]}}