{"id":6816,"date":"2022-01-04T07:39:28","date_gmt":"2022-01-04T07:39:28","guid":{"rendered":"http:\/\/www.svu.edu.eg\/faculties\/vet\/?page_id=6816"},"modified":"2022-01-04T07:39:39","modified_gmt":"2022-01-04T07:39:39","slug":"equipe-de-travail-de-lunite-des-services-electroniques","status":"publish","type":"page","link":"https:\/\/www.svu.edu.eg\/faculties\/vet\/fr\/services-electroniques\/equipe-de-travail-de-lunite-des-services-electroniques\/","title":{"rendered":"\u00c9quipe de travail de l\u2019unit\u00e9 des services \u00e9lectroniques"},"content":{"rendered":"<p><strong>Directeur ex\u00e9cutif de l\u2019unit\u00e9 et responsable de syst\u00e8mes<\/strong><\/p>\n<p style=\"text-align: center;\"><img loading=\"lazy\" decoding=\"async\" class=\"\" src=\"http:\/\/www.svu.edu.eg\/faculties\/vet\/wp-content\/uploads\/2020\/02\/moh.jpg\" width=\"145\" height=\"184\"><\/p>\n<p style=\"text-align: center;\"><strong>M. Mohamed Ahmed Hamed<\/strong><\/p>\n<p style=\"text-align: center;\"><strong>E-mail:<\/strong><\/p>\n<p style=\"text-align: center;\"><strong>m-hamed@vet.svu.edu.eg<\/strong><\/p>\n<p><span style=\"font-size: 14pt;\"><strong>\u00c9diteur&nbsp; de d\u00e9clarations sur portail&nbsp;<\/strong><\/span><\/p>\n<p style=\"text-align: center;\"><img decoding=\"async\" src=\"http:\/\/www.svu.edu.eg\/faculties\/vet\/wp-content\/uploads\/2019\/12\/cc-2.jpg\"><\/p>\n<p style=\"text-align: center;\"><strong>Mme Amna Nagar Abdelatef<\/strong><\/p>\n<p style=\"text-align: center;\"><strong>E-mail:<\/strong><\/p>\n<p style=\"text-align: center;\"><strong>am-nagar@vet.svu.edu.eg<\/strong><\/p>\n<p><span style=\"font-size: 14pt;\"><strong>Responsable des syst\u00e8mes administratifs et de l\u2019information<\/strong><\/span><\/p>\n<p style=\"text-align: center;\"><img decoding=\"async\" src=\"http:\/\/www.svu.edu.eg\/faculties\/vet\/wp-content\/uploads\/2019\/12\/cc-2.jpg\"><\/p>\n<p style=\"text-align: center;\"><strong>Mme Fayza Ahmed Mobarek<\/strong><\/p>\n<p style=\"text-align: center;\"><strong>E-mail:<\/strong><\/p>\n<p style=\"text-align: center;\"><strong>f-mobark@vet.svu.edu.eg<\/strong><\/p>\n","protected":false},"excerpt":{"rendered":"<p>Directeur ex\u00e9cutif de l\u2019unit\u00e9 et responsable de syst\u00e8mes M. Mohamed Ahmed Hamed E-mail: m-hamed@vet.svu.edu.eg \u00c9diteur&nbsp; de d\u00e9clarations sur portail&nbsp; Mme Amna Nagar Abdelatef E-mail: am-nagar@vet.svu.edu.eg Responsable des syst\u00e8mes administratifs et [&hellip;]<\/p>\n","protected":false},"author":2,"featured_media":0,"parent":4644,"menu_order":0,"comment_status":"closed","ping_status":"closed","template":"","meta":{"footnotes":""},"_links":{"self":[{"href":"https:\/\/www.svu.edu.eg\/faculties\/vet\/wp-json\/wp\/v2\/pages\/6816"}],"collection":[{"href":"https:\/\/www.svu.edu.eg\/faculties\/vet\/wp-json\/wp\/v2\/pages"}],"about":[{"href":"https:\/\/www.svu.edu.eg\/faculties\/vet\/wp-json\/wp\/v2\/types\/page"}],"author":[{"embeddable":true,"href":"https:\/\/www.svu.edu.eg\/faculties\/vet\/wp-json\/wp\/v2\/users\/2"}],"replies":[{"embeddable":true,"href":"https:\/\/www.svu.edu.eg\/faculties\/vet\/wp-json\/wp\/v2\/comments?post=6816"}],"version-history":[{"count":2,"href":"https:\/\/www.svu.edu.eg\/faculties\/vet\/wp-json\/wp\/v2\/pages\/6816\/revisions"}],"predecessor-version":[{"id":6818,"href":"https:\/\/www.svu.edu.eg\/faculties\/vet\/wp-json\/wp\/v2\/pages\/6816\/revisions\/6818"}],"up":[{"embeddable":true,"href":"https:\/\/www.svu.edu.eg\/faculties\/vet\/wp-json\/wp\/v2\/pages\/4644"}],"wp:attachment":[{"href":"https:\/\/www.svu.edu.eg\/faculties\/vet\/wp-json\/wp\/v2\/media?parent=6816"}],"curies":[{"name":"wp","href":"https:\/\/api.w.org\/{rel}","templated":true}]}}