{"id":6789,"date":"2022-01-03T09:51:48","date_gmt":"2022-01-03T09:51:48","guid":{"rendered":"http:\/\/www.svu.edu.eg\/faculties\/vet\/?page_id=6789"},"modified":"2022-01-03T09:51:55","modified_gmt":"2022-01-03T09:51:55","slug":"membres-du-conseil","status":"publish","type":"page","link":"https:\/\/www.svu.edu.eg\/faculties\/vet\/fr\/conseil-de-la-faculte\/membres-du-conseil\/","title":{"rendered":"Membres du conseil"},"content":{"rendered":"<ul>\n<li><strong>Les vices- doyens de la facult\u00e9&nbsp;:<\/strong><\/li>\n<li>Vice-doyen de la facult\u00e9 pour les affaires \u00e9ducatives et \u00e9tudiantes.<\/li>\n<li>Vice- doyen de la facult\u00e9 pour les \u00e9tudes sup\u00e9rieures.<\/li>\n<li>Vice- doyen de la facult\u00e9 pour les services communautaires et le d\u00e9veloppement environnement.<\/li>\n<li><strong>Les chefs de d\u00e9partements&nbsp;<\/strong><\/li>\n<\/ul>\n<p><strong>Rotation des membres du conseil <\/strong><\/p>\n<ul>\n<li><strong>Secr\u00e9taires du conseil&nbsp;:<\/strong>&nbsp;<\/li>\n<li><strong>Dr. Mohamed Abdelsabor Ahmed&#8212;&#8212;Professeur adjoint au d\u00e9partement d\u2019anatomie.<\/strong><\/li>\n<li><strong>Chef du conseil&#8212;&#8212;&#8212;&#8212;&#8212;&#8212;&#8212;&#8212;&#8212;&#8212;-Dr. Mohamed Waeil Abdelazim, doyen de la facult\u00e9.<\/strong><\/li>\n<li><\/li>\n<li><\/li>\n<\/ul>\n","protected":false},"excerpt":{"rendered":"<p>Les vices- doyens de la facult\u00e9&nbsp;: Vice-doyen de la facult\u00e9 pour les affaires \u00e9ducatives et \u00e9tudiantes. Vice- doyen de la facult\u00e9 pour les \u00e9tudes sup\u00e9rieures. Vice- doyen de la facult\u00e9 [&hellip;]<\/p>\n","protected":false},"author":2,"featured_media":0,"parent":4641,"menu_order":0,"comment_status":"closed","ping_status":"closed","template":"","meta":{"footnotes":""},"_links":{"self":[{"href":"https:\/\/www.svu.edu.eg\/faculties\/vet\/wp-json\/wp\/v2\/pages\/6789"}],"collection":[{"href":"https:\/\/www.svu.edu.eg\/faculties\/vet\/wp-json\/wp\/v2\/pages"}],"about":[{"href":"https:\/\/www.svu.edu.eg\/faculties\/vet\/wp-json\/wp\/v2\/types\/page"}],"author":[{"embeddable":true,"href":"https:\/\/www.svu.edu.eg\/faculties\/vet\/wp-json\/wp\/v2\/users\/2"}],"replies":[{"embeddable":true,"href":"https:\/\/www.svu.edu.eg\/faculties\/vet\/wp-json\/wp\/v2\/comments?post=6789"}],"version-history":[{"count":2,"href":"https:\/\/www.svu.edu.eg\/faculties\/vet\/wp-json\/wp\/v2\/pages\/6789\/revisions"}],"predecessor-version":[{"id":6791,"href":"https:\/\/www.svu.edu.eg\/faculties\/vet\/wp-json\/wp\/v2\/pages\/6789\/revisions\/6791"}],"up":[{"embeddable":true,"href":"https:\/\/www.svu.edu.eg\/faculties\/vet\/wp-json\/wp\/v2\/pages\/4641"}],"wp:attachment":[{"href":"https:\/\/www.svu.edu.eg\/faculties\/vet\/wp-json\/wp\/v2\/media?parent=6789"}],"curies":[{"name":"wp","href":"https:\/\/api.w.org\/{rel}","templated":true}]}}