{"id":6770,"date":"2022-01-03T08:05:34","date_gmt":"2022-01-03T08:05:34","guid":{"rendered":"http:\/\/www.svu.edu.eg\/faculties\/vet\/?page_id=6770"},"modified":"2022-01-03T08:05:34","modified_gmt":"2022-01-03T08:05:34","slug":"secretaire-de-vice-doyen-des-etudes-superieures","status":"publish","type":"page","link":"https:\/\/www.svu.edu.eg\/faculties\/vet\/fr\/secretaire-de-vice-doyen-des-etudes-superieures\/","title":{"rendered":"Secr\u00e9taire de vice-doyen des \u00e9tudes sup\u00e9rieures"},"content":{"rendered":"<p><span style=\"font-size: 18pt;\"><strong>Directrice:\u00a0<\/strong><\/span><\/p>\n<p><span style=\"font-size: 14pt;\"><strong>Mme Nadia Saber Maghraby&#8212;&#8212;-na_saber@vet.svu.edu.eg<\/strong><\/span><\/p>\n","protected":false},"excerpt":{"rendered":"<p>Directrice:\u00a0 Mme Nadia Saber Maghraby&#8212;&#8212;-na_saber@vet.svu.edu.eg<\/p>\n","protected":false},"author":2,"featured_media":0,"parent":0,"menu_order":0,"comment_status":"closed","ping_status":"closed","template":"","meta":{"footnotes":""},"_links":{"self":[{"href":"https:\/\/www.svu.edu.eg\/faculties\/vet\/wp-json\/wp\/v2\/pages\/6770"}],"collection":[{"href":"https:\/\/www.svu.edu.eg\/faculties\/vet\/wp-json\/wp\/v2\/pages"}],"about":[{"href":"https:\/\/www.svu.edu.eg\/faculties\/vet\/wp-json\/wp\/v2\/types\/page"}],"author":[{"embeddable":true,"href":"https:\/\/www.svu.edu.eg\/faculties\/vet\/wp-json\/wp\/v2\/users\/2"}],"replies":[{"embeddable":true,"href":"https:\/\/www.svu.edu.eg\/faculties\/vet\/wp-json\/wp\/v2\/comments?post=6770"}],"version-history":[{"count":1,"href":"https:\/\/www.svu.edu.eg\/faculties\/vet\/wp-json\/wp\/v2\/pages\/6770\/revisions"}],"predecessor-version":[{"id":6771,"href":"https:\/\/www.svu.edu.eg\/faculties\/vet\/wp-json\/wp\/v2\/pages\/6770\/revisions\/6771"}],"wp:attachment":[{"href":"https:\/\/www.svu.edu.eg\/faculties\/vet\/wp-json\/wp\/v2\/media?parent=6770"}],"curies":[{"name":"wp","href":"https:\/\/api.w.org\/{rel}","templated":true}]}}