{"id":6764,"date":"2022-01-03T07:54:46","date_gmt":"2022-01-03T07:54:46","guid":{"rendered":"http:\/\/www.svu.edu.eg\/faculties\/vet\/?page_id=6764"},"modified":"2022-01-03T07:54:46","modified_gmt":"2022-01-03T07:54:46","slug":"modeles-de-procedure-des-etudes-superieures","status":"publish","type":"page","link":"https:\/\/www.svu.edu.eg\/faculties\/vet\/fr\/etudes-superieures\/modeles-de-procedure-des-etudes-superieures\/","title":{"rendered":"Mod\u00e8les de proc\u00e9dure des \u00e9tudes sup\u00e9rieures"},"content":{"rendered":"","protected":false},"excerpt":{"rendered":"","protected":false},"author":2,"featured_media":0,"parent":4629,"menu_order":0,"comment_status":"closed","ping_status":"closed","template":"","meta":{"footnotes":""},"_links":{"self":[{"href":"https:\/\/www.svu.edu.eg\/faculties\/vet\/wp-json\/wp\/v2\/pages\/6764"}],"collection":[{"href":"https:\/\/www.svu.edu.eg\/faculties\/vet\/wp-json\/wp\/v2\/pages"}],"about":[{"href":"https:\/\/www.svu.edu.eg\/faculties\/vet\/wp-json\/wp\/v2\/types\/page"}],"author":[{"embeddable":true,"href":"https:\/\/www.svu.edu.eg\/faculties\/vet\/wp-json\/wp\/v2\/users\/2"}],"replies":[{"embeddable":true,"href":"https:\/\/www.svu.edu.eg\/faculties\/vet\/wp-json\/wp\/v2\/comments?post=6764"}],"version-history":[{"count":1,"href":"https:\/\/www.svu.edu.eg\/faculties\/vet\/wp-json\/wp\/v2\/pages\/6764\/revisions"}],"predecessor-version":[{"id":6765,"href":"https:\/\/www.svu.edu.eg\/faculties\/vet\/wp-json\/wp\/v2\/pages\/6764\/revisions\/6765"}],"up":[{"embeddable":true,"href":"https:\/\/www.svu.edu.eg\/faculties\/vet\/wp-json\/wp\/v2\/pages\/4629"}],"wp:attachment":[{"href":"https:\/\/www.svu.edu.eg\/faculties\/vet\/wp-json\/wp\/v2\/media?parent=6764"}],"curies":[{"name":"wp","href":"https:\/\/api.w.org\/{rel}","templated":true}]}}