{"id":6750,"date":"2022-01-02T10:43:13","date_gmt":"2022-01-02T10:43:13","guid":{"rendered":"http:\/\/www.svu.edu.eg\/faculties\/vet\/?page_id=6750"},"modified":"2022-01-02T10:43:22","modified_gmt":"2022-01-02T10:43:22","slug":"les-documents-requis-a-ladministration-des-affaires-etudiantes","status":"publish","type":"page","link":"https:\/\/www.svu.edu.eg\/faculties\/vet\/fr\/affaires-etudiantes\/les-documents-requis-a-ladministration-des-affaires-etudiantes\/","title":{"rendered":"Les documents requis \u00e0 l&#8217;administration des affaires \u00e9tudiantes"},"content":{"rendered":"<p><strong><span style=\"font-size: 14pt;\">Certificat de fin d&#8217;\u00e9tudes&nbsp;<\/span><\/strong><\/p>\n<div class=\"translation-box\">\n<div class=\"translation-box-wrapper box-position-wrapper\">\n<div class=\"translation-inputs\">\n<div class=\"translation-input translation-input__target content-box-wrapper translation-input--ltr\">\n<div class=\"translation-input__main translation-input__result\">\n<div class=\"sentence-wrapper\"><strong><span class=\"sentence-wrapper_without-hover\" style=\"font-size: 14pt;\">Donn\u00e9es sur les \u00e9tudiants de l\u2019Unit\u00e9 sociale<\/span><\/strong><\/div>\n<\/div>\n<\/div>\n<\/div>\n<\/div>\n<div><\/div>\n<div class=\"box-position-wrapper box-position-wrapper__footer\"><\/div>\n<\/div>\n<div class=\"content-box\">\n<div class=\"box-position-wrapper\"><\/div>\n<\/div>\n","protected":false},"excerpt":{"rendered":"<p>Certificat de fin d&#8217;\u00e9tudes&nbsp; Donn\u00e9es sur les \u00e9tudiants de l\u2019Unit\u00e9 sociale<\/p>\n","protected":false},"author":2,"featured_media":0,"parent":4626,"menu_order":0,"comment_status":"closed","ping_status":"closed","template":"","meta":{"footnotes":""},"_links":{"self":[{"href":"https:\/\/www.svu.edu.eg\/faculties\/vet\/wp-json\/wp\/v2\/pages\/6750"}],"collection":[{"href":"https:\/\/www.svu.edu.eg\/faculties\/vet\/wp-json\/wp\/v2\/pages"}],"about":[{"href":"https:\/\/www.svu.edu.eg\/faculties\/vet\/wp-json\/wp\/v2\/types\/page"}],"author":[{"embeddable":true,"href":"https:\/\/www.svu.edu.eg\/faculties\/vet\/wp-json\/wp\/v2\/users\/2"}],"replies":[{"embeddable":true,"href":"https:\/\/www.svu.edu.eg\/faculties\/vet\/wp-json\/wp\/v2\/comments?post=6750"}],"version-history":[{"count":2,"href":"https:\/\/www.svu.edu.eg\/faculties\/vet\/wp-json\/wp\/v2\/pages\/6750\/revisions"}],"predecessor-version":[{"id":6752,"href":"https:\/\/www.svu.edu.eg\/faculties\/vet\/wp-json\/wp\/v2\/pages\/6750\/revisions\/6752"}],"up":[{"embeddable":true,"href":"https:\/\/www.svu.edu.eg\/faculties\/vet\/wp-json\/wp\/v2\/pages\/4626"}],"wp:attachment":[{"href":"https:\/\/www.svu.edu.eg\/faculties\/vet\/wp-json\/wp\/v2\/media?parent=6750"}],"curies":[{"name":"wp","href":"https:\/\/api.w.org\/{rel}","templated":true}]}}