{"id":4666,"date":"2020-12-30T07:48:27","date_gmt":"2020-12-30T07:48:27","guid":{"rendered":"http:\/\/www.svu.edu.eg\/faculties\/vet\/?page_id=4666"},"modified":"2021-01-05T08:45:58","modified_gmt":"2021-01-05T08:45:58","slug":"facultes-veterinaires-dans-les-universites-egyptiennes","status":"publish","type":"page","link":"https:\/\/www.svu.edu.eg\/faculties\/vet\/fr\/facultes-veterinaires-dans-les-universites-egyptiennes\/","title":{"rendered":"Facult\u00e9s v\u00e9t\u00e9rinaires dans les universit\u00e9s \u00e9gyptiennes"},"content":{"rendered":"\n<p><strong>Universit\u00e9 du caire<\/strong><\/p>\n\n\n\n<p><strong>&#8211; Universit\u00e9 d&#8217;Alexandrie<\/strong><\/p>\n\n\n\n<p><strong>&#8211; Universit\u00e9 d&#8217;Assiout<\/strong><\/p>\n\n\n\n<p><strong>&#8211; Universit\u00e9 de zagazig<\/strong><\/p>\n\n\n\n<p><strong>&#8211; Universit\u00e9 d&#8217;Esmaliya<\/strong><\/p>\n\n\n\n<p><strong>&#8211; Universit\u00e9 &nbsp;du\nCanal de Suez<\/strong><\/p>\n\n\n\n<p><strong>&#8211; Universit\u00e9 de Minya<\/strong><\/p>\n\n\n\n<p><strong>&#8211; Universit\u00e9 de Monufya<\/strong><\/p>\n\n\n\n<p><strong>&#8211; Universit\u00e9 du Sud de la vall\u00e9e<\/strong><\/p>\n\n\n\n<p><strong>&#8211; Universit\u00e9 de Banha<\/strong><\/p>\n\n\n\n<p><strong>&#8211; Universit\u00e9 de Beni Souef<\/strong><\/p>\n\n\n\n<p><strong>&#8211; Universit\u00e9 de Kafr El- sheick<\/strong><\/p>\n\n\n\n<p><strong>&#8211; Universit\u00e9 de Sohag<\/strong><\/p>\n\n\n\n<p><strong>&#8211; Universit\u00e9 de Damanhour<\/strong><\/p>\n\n\n\n<p><strong>&#8211; Universit\u00e9 d&#8217;Asswan<\/strong><strong>&#8211; Universit\u00e9 d&#8217;Elsadat<\/strong><\/p>\n","protected":false},"excerpt":{"rendered":"<p>Universit\u00e9 du caire &#8211; Universit\u00e9 d&#8217;Alexandrie &#8211; Universit\u00e9 d&#8217;Assiout &#8211; Universit\u00e9 de zagazig &#8211; Universit\u00e9 d&#8217;Esmaliya &#8211; Universit\u00e9 &nbsp;du Canal de Suez &#8211; Universit\u00e9 de Minya &#8211; Universit\u00e9 de Monufya [&hellip;]<\/p>\n","protected":false},"author":2,"featured_media":0,"parent":0,"menu_order":0,"comment_status":"closed","ping_status":"closed","template":"","meta":{"footnotes":""},"_links":{"self":[{"href":"https:\/\/www.svu.edu.eg\/faculties\/vet\/wp-json\/wp\/v2\/pages\/4666"}],"collection":[{"href":"https:\/\/www.svu.edu.eg\/faculties\/vet\/wp-json\/wp\/v2\/pages"}],"about":[{"href":"https:\/\/www.svu.edu.eg\/faculties\/vet\/wp-json\/wp\/v2\/types\/page"}],"author":[{"embeddable":true,"href":"https:\/\/www.svu.edu.eg\/faculties\/vet\/wp-json\/wp\/v2\/users\/2"}],"replies":[{"embeddable":true,"href":"https:\/\/www.svu.edu.eg\/faculties\/vet\/wp-json\/wp\/v2\/comments?post=4666"}],"version-history":[{"count":2,"href":"https:\/\/www.svu.edu.eg\/faculties\/vet\/wp-json\/wp\/v2\/pages\/4666\/revisions"}],"predecessor-version":[{"id":4722,"href":"https:\/\/www.svu.edu.eg\/faculties\/vet\/wp-json\/wp\/v2\/pages\/4666\/revisions\/4722"}],"wp:attachment":[{"href":"https:\/\/www.svu.edu.eg\/faculties\/vet\/wp-json\/wp\/v2\/media?parent=4666"}],"curies":[{"name":"wp","href":"https:\/\/api.w.org\/{rel}","templated":true}]}}