{"id":4651,"date":"2021-01-02T10:39:32","date_gmt":"2021-01-02T10:39:32","guid":{"rendered":"http:\/\/www.svu.edu.eg\/faculties\/vet\/?page_id=4651"},"modified":"2022-01-03T10:21:51","modified_gmt":"2022-01-03T10:21:51","slug":"la-bibliotheque","status":"publish","type":"page","link":"https:\/\/www.svu.edu.eg\/faculties\/vet\/fr\/la-bibliotheque\/","title":{"rendered":"La biblioth\u00e8que"},"content":{"rendered":"\n<p><strong>Objectifs\nde la biblioth\u00e8que&nbsp;:<\/strong><br>\n1- Fournir des r\u00e9f\u00e9rences et diverses sources de connaissances et aide\nles \u00e9tudiants et les chercheurs dans le domaine de la recherche, de l\u2019\u00e9ducation\net du service communautaire.<br>\n2- La prestation de services de la biblioth\u00e8que, la r\u00e9cup\u00e9ration de\nl\u2019information et les conseils professionnels qui y sont fournis, et l\u2019aide aux\nchefs de biblioth\u00e8que pour l\u2019utilisation des collections existantes par\nd\u00e9tachement.<br>\n3- Organisation de ces groupes et l\u2019indexation, la classification, la\nd\u00e9tection, l\u2019extraction et d\u2019autres processus qui assurent le contr\u00f4le des\ngroupes.<br>\n4- activer le syst\u00e8me de biblioth\u00e8que num\u00e9rique.<br>\n<strong>Services fournis par la biblioth\u00e8que&nbsp;:<br>\n<\/strong>-Information interne&nbsp;:- en entrant dans la biblioth\u00e8que par l\u2019\u00e9tudiant\net en aidant le biblioth\u00e9caire \u00e0 acc\u00e9der \u00e0 ses besoins \u00e0 partir de livres ou\nd\u2019autres sources de connaissances.<br>\n-Il y a deux livres disponibles \u00e0 la fois, \u00e0 condition qu\u2019il y ait une copie du\nlivre, la m\u00e9taphore est disponible tout au long de la journ\u00e9e, et la\nbiblioth\u00e8que est ouverte aux \u00e9tudiants de 9 h \u00e0 5 h.<br>\n&#8211; les\n\u00e9tudiants ne doivent entrer avec les livres et m\u00e9mos. <br>\n<strong>Lieu de la biblioth\u00e8que&nbsp;:<\/strong><br>\nDans le laboratoire du quatri\u00e8me \u00e9tage<\/p>\n\n\n\n<p class=\"has-medium-font-size\"><strong>Date de\ncr\u00e9ation<\/strong><strong><\/strong>\n\nLa biblioth\u00e8que a \u00e9t\u00e9 cr\u00e9\u00e9 en 1996\n\n\n\n<\/p>\n","protected":false},"excerpt":{"rendered":"<p>Objectifs de la biblioth\u00e8que&nbsp;: 1- Fournir des r\u00e9f\u00e9rences et diverses sources de connaissances et aide les \u00e9tudiants et les chercheurs dans le domaine de la recherche, de l\u2019\u00e9ducation et du [&hellip;]<\/p>\n","protected":false},"author":2,"featured_media":0,"parent":0,"menu_order":0,"comment_status":"closed","ping_status":"closed","template":"","meta":{"footnotes":""},"_links":{"self":[{"href":"https:\/\/www.svu.edu.eg\/faculties\/vet\/wp-json\/wp\/v2\/pages\/4651"}],"collection":[{"href":"https:\/\/www.svu.edu.eg\/faculties\/vet\/wp-json\/wp\/v2\/pages"}],"about":[{"href":"https:\/\/www.svu.edu.eg\/faculties\/vet\/wp-json\/wp\/v2\/types\/page"}],"author":[{"embeddable":true,"href":"https:\/\/www.svu.edu.eg\/faculties\/vet\/wp-json\/wp\/v2\/users\/2"}],"replies":[{"embeddable":true,"href":"https:\/\/www.svu.edu.eg\/faculties\/vet\/wp-json\/wp\/v2\/comments?post=4651"}],"version-history":[{"count":2,"href":"https:\/\/www.svu.edu.eg\/faculties\/vet\/wp-json\/wp\/v2\/pages\/4651\/revisions"}],"predecessor-version":[{"id":4719,"href":"https:\/\/www.svu.edu.eg\/faculties\/vet\/wp-json\/wp\/v2\/pages\/4651\/revisions\/4719"}],"wp:attachment":[{"href":"https:\/\/www.svu.edu.eg\/faculties\/vet\/wp-json\/wp\/v2\/media?parent=4651"}],"curies":[{"name":"wp","href":"https:\/\/api.w.org\/{rel}","templated":true}]}}