{"id":4648,"date":"2020-12-29T10:36:28","date_gmt":"2020-12-29T10:36:28","guid":{"rendered":"http:\/\/www.svu.edu.eg\/faculties\/vet\/?page_id=4648"},"modified":"2021-01-04T09:08:05","modified_gmt":"2021-01-04T09:08:05","slug":"qualite","status":"publish","type":"page","link":"https:\/\/www.svu.edu.eg\/faculties\/vet\/fr\/qualite\/","title":{"rendered":"Qualit\u00e9"},"content":{"rendered":"\n<p style=\"text-align:left\" class=\"has-medium-font-size\"><strong>Unit\u00e9 de la qualit\u00e9 <\/strong><br> <strong>Bref historique de l&#8217;unit\u00e9<\/strong> <br> Unit\u00e9 d\u2019assurance de la qualit\u00e9 de la facult\u00e9 de m\u00e9decine v\u00e9t\u00e9rinaire du Sud de la vall\u00e9e a \u00e9t\u00e9 cr\u00e9\u00e9e en 2009. lorsque le groupe de travail a \u00e9labor\u00e9 un r\u00e8glement interne de l\u2019Unit\u00e9 conform\u00e9ment aux r\u00e8glements internes du Centre d\u2019assurance de la qualit\u00e9 de l\u2019Universit\u00e9. Il est \u00e9galement conforme \u00e0 la mission de la facult\u00e9 et \u00e0 la strat\u00e9gie de l\u2019Universit\u00e9. Selon de la d\u00e9cision no 116 du conseil d\u2019administration de la facult\u00e9, l\u2019unit\u00e9 a \u00e9t\u00e9 adopt\u00e9e comme entit\u00e9 administrative charg\u00e9e de surveiller et d\u2019\u00e9valuer le rendement \u00e0 l&#8217;administration <br><strong> Objectifs de l\u2019unit\u00e9<\/strong><\/p>\n\n\n\n<ol><li>Am\u00e9liorer le niveau de la facult\u00e9 aux\nniveaux r\u00e9gional et national, y compris les programmes d\u2019\u00e9ducation et de\nrecherche chez les \u00e9tudiants.<\/li><li>L\u2019unit\u00e9 cherche\n\u00e0 diffuser une culture d\u2019\u00e9valuation de la qualit\u00e9 et du rendement dans\nl\u2019ensemble du syst\u00e8me d\u2019\u00e9ducation et les activit\u00e9s de recherche et de service\noffertes par la facult\u00e9 \u00e0 la lumi\u00e8re des normes du conseil national d\u2019assurance\net d\u2019accr\u00e9ditation de la qualit\u00e9. et adopter un processus d\u2019am\u00e9lioration\ncontinue des performances institutionnelles et acad\u00e9miques pour am\u00e9liorer\nl\u2019efficacit\u00e9 et la comp\u00e9titivit\u00e9 de ses dipl\u00f4m\u00e9s et pour gagner la confiance et\nla satisfaction des b\u00e9n\u00e9ficiaires, en vue d\u2019atteindre la qualit\u00e9 globale et\nl\u2019acc\u00e8s \u00e0 l\u2019accr\u00e9ditation.<\/li><li>Am\u00e9liorer la\nqualit\u00e9 des programmes d\u2019\u00e9tudes d\u00e9cern\u00e9s par le facult\u00e9, en tenant compte du\nniveau et de la comp\u00e9titivit\u00e9 des dipl\u00f4m\u00e9s.<\/li><li>Renforcer le syst\u00e8me d\u2019activit\u00e9s de\nrecherche en adoptant un plan de recherche int\u00e9gr\u00e9 qui assure la collaboration\nentre les diff\u00e9rents d\u00e9partements, contribue \u00e0 r\u00e9soudre les probl\u00e8mes\ncommunautaires sur une base scientifique et place l\u2019Universit\u00e9 dans le\nclassement mondial.<\/li><\/ol>\n","protected":false},"excerpt":{"rendered":"<p>Unit\u00e9 de la qualit\u00e9 Bref historique de l&#8217;unit\u00e9 Unit\u00e9 d\u2019assurance de la qualit\u00e9 de la facult\u00e9 de m\u00e9decine v\u00e9t\u00e9rinaire du Sud de la vall\u00e9e a \u00e9t\u00e9 cr\u00e9\u00e9e en 2009. lorsque [&hellip;]<\/p>\n","protected":false},"author":2,"featured_media":0,"parent":0,"menu_order":0,"comment_status":"closed","ping_status":"closed","template":"","meta":{"footnotes":""},"_links":{"self":[{"href":"https:\/\/www.svu.edu.eg\/faculties\/vet\/wp-json\/wp\/v2\/pages\/4648"}],"collection":[{"href":"https:\/\/www.svu.edu.eg\/faculties\/vet\/wp-json\/wp\/v2\/pages"}],"about":[{"href":"https:\/\/www.svu.edu.eg\/faculties\/vet\/wp-json\/wp\/v2\/types\/page"}],"author":[{"embeddable":true,"href":"https:\/\/www.svu.edu.eg\/faculties\/vet\/wp-json\/wp\/v2\/users\/2"}],"replies":[{"embeddable":true,"href":"https:\/\/www.svu.edu.eg\/faculties\/vet\/wp-json\/wp\/v2\/comments?post=4648"}],"version-history":[{"count":2,"href":"https:\/\/www.svu.edu.eg\/faculties\/vet\/wp-json\/wp\/v2\/pages\/4648\/revisions"}],"predecessor-version":[{"id":4716,"href":"https:\/\/www.svu.edu.eg\/faculties\/vet\/wp-json\/wp\/v2\/pages\/4648\/revisions\/4716"}],"wp:attachment":[{"href":"https:\/\/www.svu.edu.eg\/faculties\/vet\/wp-json\/wp\/v2\/media?parent=4648"}],"curies":[{"name":"wp","href":"https:\/\/api.w.org\/{rel}","templated":true}]}}