{"id":4644,"date":"2020-12-29T10:29:20","date_gmt":"2020-12-29T10:29:20","guid":{"rendered":"http:\/\/www.svu.edu.eg\/faculties\/vet\/?page_id=4644"},"modified":"2020-12-29T10:29:20","modified_gmt":"2020-12-29T10:29:20","slug":"services-electroniques","status":"publish","type":"page","link":"https:\/\/www.svu.edu.eg\/faculties\/vet\/fr\/services-electroniques\/","title":{"rendered":"Services \u00e9lectroniques"},"content":{"rendered":"<p><span style=\"font-size: 14pt;\"><strong>Unit\u00e9 des services \u00e9lectroniques<\/strong><\/span><\/p>\n<p><img decoding=\"async\" class=\"aligncenter\" src=\"http:\/\/www.svu.edu.eg\/faculties\/vet\/wp-content\/uploads\/2020\/12\/%D8%B4%D8%B9%D8%A7%D8%B1-%D8%A7%D9%84%D9%88%D8%AD%D8%AF%D8%A9.jpg\" \/><\/p>\n<p>Afin de permettre aux services d\u2019atteindre les utilisateurs, les professeurs et le personnel des facult\u00e9s, le projet ICTP a commenc\u00e9 \u00e0 cr\u00e9er des unit\u00e9s de technologie de l\u2019information dans les facult\u00e9s. L\u2019ICTP vise \u00e0 \u00e9tablir le projet de l\u2019unit\u00e9 des services \u00e9lectroniques dans tous les facult\u00e9s universitaires au cours des cinq prochaines ann\u00e9es, progressivement, avec 20 % des facult\u00e9s de chaque universit\u00e9 par ann\u00e9e. Ces unit\u00e9s sont le lien entre les six projets soumis par l\u2019ICTP au niveau universitaire et les diff\u00e9rents facult\u00e9s. En plus d\u2019accro\u00eetre l\u2019efficacit\u00e9 des projets universitaires (r\u00e9seau, syst\u00e8mes d\u2019information d&#8217;administration, formation, biblioth\u00e8que num\u00e9rique, apprentissage en ligne, portail num\u00e9rique), ces unit\u00e9s visent \u00e0 fournir des services exceptionnels en technologie de l\u2019information aux facult\u00e9s.<\/p>\n","protected":false},"excerpt":{"rendered":"<p>Unit\u00e9 des services \u00e9lectroniques Afin de permettre aux services d\u2019atteindre les utilisateurs, les professeurs et le personnel des facult\u00e9s, le projet ICTP a commenc\u00e9 \u00e0 cr\u00e9er des unit\u00e9s de technologie [&hellip;]<\/p>\n","protected":false},"author":2,"featured_media":0,"parent":0,"menu_order":0,"comment_status":"closed","ping_status":"closed","template":"","meta":{"footnotes":""},"_links":{"self":[{"href":"https:\/\/www.svu.edu.eg\/faculties\/vet\/wp-json\/wp\/v2\/pages\/4644"}],"collection":[{"href":"https:\/\/www.svu.edu.eg\/faculties\/vet\/wp-json\/wp\/v2\/pages"}],"about":[{"href":"https:\/\/www.svu.edu.eg\/faculties\/vet\/wp-json\/wp\/v2\/types\/page"}],"author":[{"embeddable":true,"href":"https:\/\/www.svu.edu.eg\/faculties\/vet\/wp-json\/wp\/v2\/users\/2"}],"replies":[{"embeddable":true,"href":"https:\/\/www.svu.edu.eg\/faculties\/vet\/wp-json\/wp\/v2\/comments?post=4644"}],"version-history":[{"count":1,"href":"https:\/\/www.svu.edu.eg\/faculties\/vet\/wp-json\/wp\/v2\/pages\/4644\/revisions"}],"predecessor-version":[{"id":4645,"href":"https:\/\/www.svu.edu.eg\/faculties\/vet\/wp-json\/wp\/v2\/pages\/4644\/revisions\/4645"}],"wp:attachment":[{"href":"https:\/\/www.svu.edu.eg\/faculties\/vet\/wp-json\/wp\/v2\/media?parent=4644"}],"curies":[{"name":"wp","href":"https:\/\/api.w.org\/{rel}","templated":true}]}}