{"id":4622,"date":"2020-12-29T08:55:22","date_gmt":"2020-12-29T08:55:22","guid":{"rendered":"http:\/\/www.svu.edu.eg\/faculties\/vet\/?page_id=4622"},"modified":"2020-12-29T08:55:22","modified_gmt":"2020-12-29T08:55:22","slug":"bref-historique","status":"publish","type":"page","link":"https:\/\/www.svu.edu.eg\/faculties\/vet\/fr\/bref-historique\/","title":{"rendered":"Bref historique"},"content":{"rendered":"<p>La facult\u00e9 a \u00e9t\u00e9 cr\u00e9\u00e9 par le d\u00e9cret r\u00e9publicain 183 de 1996 et a travaill\u00e9 dur pour suivre le rythme du d\u00e9veloppement des sciences v\u00e9t\u00e9rinaires et des techniques m\u00e9dicales v\u00e9t\u00e9rinaires et am\u00e9liorer l\u2019efficacit\u00e9 des services v\u00e9t\u00e9rinaires \u00a0par a obtenu un dipl\u00f4me de v\u00e9t\u00e9rinaire scientifique qualifi\u00e9 et un dipl\u00f4me de praticien clinique . Mener des \u00e9tudes et des recherches scientifiques et appliqu\u00e9es dans le domaine des sciences m\u00e9dicales, services v\u00e9t\u00e9rinaires au service de la soci\u00e9t\u00e9 et de l\u2019environnement. Fournir des conseils et de l\u2019aide scientifiques et techniques aux propri\u00e9taires de b\u00e9tail, de poisson et de volaille et surveiller les aliments.\u00a0Augmenter le niveau des dipl\u00f4m\u00e9s en fonction des besoins du march\u00e9 du travail.\u00a0Activer le r\u00f4le de la facult\u00e9 au service de l\u2019environnement et de la soci\u00e9t\u00e9.\u00a0Respecter les exigences de pr\u00e9vention pour les maladies animales et les maladies courantes transmises de l\u2019animal \u00e0 l\u2019homme.\u00a0Fournir des moyens de diffusion et de recherche scientifique dans divers domaines de la m\u00e9decine v\u00e9t\u00e9rinaire.<\/p>\n","protected":false},"excerpt":{"rendered":"<p>La facult\u00e9 a \u00e9t\u00e9 cr\u00e9\u00e9 par le d\u00e9cret r\u00e9publicain 183 de 1996 et a travaill\u00e9 dur pour suivre le rythme du d\u00e9veloppement des sciences v\u00e9t\u00e9rinaires et des techniques m\u00e9dicales v\u00e9t\u00e9rinaires [&hellip;]<\/p>\n","protected":false},"author":2,"featured_media":0,"parent":0,"menu_order":0,"comment_status":"closed","ping_status":"closed","template":"","meta":{"footnotes":""},"_links":{"self":[{"href":"https:\/\/www.svu.edu.eg\/faculties\/vet\/wp-json\/wp\/v2\/pages\/4622"}],"collection":[{"href":"https:\/\/www.svu.edu.eg\/faculties\/vet\/wp-json\/wp\/v2\/pages"}],"about":[{"href":"https:\/\/www.svu.edu.eg\/faculties\/vet\/wp-json\/wp\/v2\/types\/page"}],"author":[{"embeddable":true,"href":"https:\/\/www.svu.edu.eg\/faculties\/vet\/wp-json\/wp\/v2\/users\/2"}],"replies":[{"embeddable":true,"href":"https:\/\/www.svu.edu.eg\/faculties\/vet\/wp-json\/wp\/v2\/comments?post=4622"}],"version-history":[{"count":1,"href":"https:\/\/www.svu.edu.eg\/faculties\/vet\/wp-json\/wp\/v2\/pages\/4622\/revisions"}],"predecessor-version":[{"id":4623,"href":"https:\/\/www.svu.edu.eg\/faculties\/vet\/wp-json\/wp\/v2\/pages\/4622\/revisions\/4623"}],"wp:attachment":[{"href":"https:\/\/www.svu.edu.eg\/faculties\/vet\/wp-json\/wp\/v2\/media?parent=4622"}],"curies":[{"name":"wp","href":"https:\/\/api.w.org\/{rel}","templated":true}]}}