{"id":3390,"date":"2020-12-27T10:45:53","date_gmt":"2020-12-27T10:45:53","guid":{"rendered":"http:\/\/www.svu.edu.eg\/faculties\/sed\/?page_id=3390"},"modified":"2020-12-27T10:45:53","modified_gmt":"2020-12-27T10:45:53","slug":"criteres-de-selection-des-leaders-academiques","status":"publish","type":"page","link":"https:\/\/www.svu.edu.eg\/faculties\/sed\/criteres-de-selection-des-leaders-academiques","title":{"rendered":"Crit\u00e8res de s\u00e9lection des leaders acad\u00e9miques"},"content":{"rendered":"<p><img fetchpriority=\"high\" decoding=\"async\" class=\"aligncenter\" src=\"http:\/\/www.svu.edu.eg\/faculties\/sed\/wp-content\/uploads\/2020\/11\/%D8%BA%D9%84%D8%A7%D9%81-%D8%A7%D9%84%D9%85%D8%B9%D8%A7%D9%8A%D9%8A%D8%B1-%D8%A7%D9%84%D8%A7%D9%83%D8%A7%D8%AF%D9%8A%D9%85%D9%8A%D8%A9-%D9%84%D8%A7%D8%AE%D8%AA%D9%8A%D8%A7%D8%B1-%D8%A7%D9%84%D9%82%D9%8A%D8%A7%D8%AF%D8%A7%D8%AA-%D8%A7%D9%84%D8%AC%D8%A7%D9%85%D8%B9%D9%8A%D8%A9.jpg\" width=\"445\" height=\"639\" \/><\/p>\n<p><span style=\"font-size: 18pt;\">Structure organisationnelle du Coll\u00e8ge<\/span><\/p>\n<p><img decoding=\"async\" class=\"aligncenter\" src=\"http:\/\/www.svu.edu.eg\/faculties\/sed\/wp-content\/uploads\/2020\/03\/%D9%87%D9%8A%D9%83%D9%84-%D8%A7%D9%84%D9%83%D9%84%D9%8A%D8%A9-%D8%A7%D9%84%D8%AA%D9%86%D8%B8%D9%8A%D9%85%D9%8A-%D8%AC%D8%AF%D9%8A%D8%AF%D9%86%D9%87%D8%A7%D8%A6%D9%8A-%D9%86%D9%87%D8%A7%D8%A6%D9%8A-210x300.jpg\" width=\"467\" height=\"668\" \/><\/p>\n<p>&nbsp;<\/p>\n","protected":false},"excerpt":{"rendered":"<p>Structure organisationnelle du Coll\u00e8ge &nbsp;<\/p>\n","protected":false},"author":2,"featured_media":0,"parent":0,"menu_order":0,"comment_status":"closed","ping_status":"closed","template":"","meta":{"footnotes":""},"class_list":["post-3390","page","type-page","status-publish","hentry","post"],"_links":{"self":[{"href":"https:\/\/www.svu.edu.eg\/faculties\/sed\/wp-json\/wp\/v2\/pages\/3390","targetHints":{"allow":["GET"]}}],"collection":[{"href":"https:\/\/www.svu.edu.eg\/faculties\/sed\/wp-json\/wp\/v2\/pages"}],"about":[{"href":"https:\/\/www.svu.edu.eg\/faculties\/sed\/wp-json\/wp\/v2\/types\/page"}],"author":[{"embeddable":true,"href":"https:\/\/www.svu.edu.eg\/faculties\/sed\/wp-json\/wp\/v2\/users\/2"}],"replies":[{"embeddable":true,"href":"https:\/\/www.svu.edu.eg\/faculties\/sed\/wp-json\/wp\/v2\/comments?post=3390"}],"version-history":[{"count":1,"href":"https:\/\/www.svu.edu.eg\/faculties\/sed\/wp-json\/wp\/v2\/pages\/3390\/revisions"}],"predecessor-version":[{"id":3391,"href":"https:\/\/www.svu.edu.eg\/faculties\/sed\/wp-json\/wp\/v2\/pages\/3390\/revisions\/3391"}],"wp:attachment":[{"href":"https:\/\/www.svu.edu.eg\/faculties\/sed\/wp-json\/wp\/v2\/media?parent=3390"}],"curies":[{"name":"wp","href":"https:\/\/api.w.org\/{rel}","templated":true}]}}