{"id":9050,"date":"2022-02-01T19:57:35","date_gmt":"2022-02-01T19:57:35","guid":{"rendered":"http:\/\/www.svu.edu.eg\/faculties\/sci\/?page_id=9050"},"modified":"2022-09-25T07:28:42","modified_gmt":"2022-09-25T07:28:42","slug":"vice-doyen-a-leducation-et-aux-affaires-etudiantes","status":"publish","type":"page","link":"https:\/\/www.svu.edu.eg\/faculties\/sci\/fr\/vice-doyen-a-leducation-et-aux-affaires-etudiantes\/","title":{"rendered":"Vice-doyen \u00e0 l&#8217;\u00e9ducation et aux affaires \u00e9tudiantes"},"content":{"rendered":"<p style=\"text-align: center;\"><em><strong><span style=\"font-family: georgia, palatino;\"><span style=\"font-size: 14pt;\">Vice-doyen \u00e0 l&#8217;\u00e9ducation et aux affaires \u00e9tudiantes<\/span><\/span><\/strong><\/em><\/p>\n<p style=\"text-align: center;\">\n<p><img decoding=\"async\" loading=\"lazy\" class=\"aligncenter\" src=\"http:\/\/www.svu.edu.eg\/faculties\/sci\/wp-content\/uploads\/2022\/08\/%D9%87%D9%87%D9%87%D9%87%D9%87%D9%87%D9%87%D9%87%D9%87-194x300.jpg\" width=\"120\" height=\"185\" \/><\/p>\n<p style=\"text-align: center;\"><span style=\"color: #0000ff;\"><a style=\"color: #0000ff;\" href=\"https:\/\/www.svu.edu.eg\/faculties\/sci\/wp-content\/uploads\/2022\/08\/G.-A.-Hoshoudy-Arabic-Curriculum-Vitae.pdf\"><em><strong><span style=\"font-family: georgia, palatino; font-size: 14pt;\">Prof. Dr.Gamal Abdalla Ahmed El-Sayed<\/span><\/strong><\/em><\/a><\/span><\/p>\n","protected":false},"excerpt":{"rendered":"<p>Vice-doyen \u00e0 l&#8217;\u00e9ducation et aux affaires \u00e9tudiantes Prof. Dr.Gamal Abdalla Ahmed El-Sayed<\/p>\n","protected":false},"author":3,"featured_media":0,"parent":0,"menu_order":0,"comment_status":"closed","ping_status":"closed","template":"","meta":[],"jetpack_sharing_enabled":true,"_links":{"self":[{"href":"https:\/\/www.svu.edu.eg\/faculties\/sci\/wp-json\/wp\/v2\/pages\/9050"}],"collection":[{"href":"https:\/\/www.svu.edu.eg\/faculties\/sci\/wp-json\/wp\/v2\/pages"}],"about":[{"href":"https:\/\/www.svu.edu.eg\/faculties\/sci\/wp-json\/wp\/v2\/types\/page"}],"author":[{"embeddable":true,"href":"https:\/\/www.svu.edu.eg\/faculties\/sci\/wp-json\/wp\/v2\/users\/3"}],"replies":[{"embeddable":true,"href":"https:\/\/www.svu.edu.eg\/faculties\/sci\/wp-json\/wp\/v2\/comments?post=9050"}],"version-history":[{"count":6,"href":"https:\/\/www.svu.edu.eg\/faculties\/sci\/wp-json\/wp\/v2\/pages\/9050\/revisions"}],"predecessor-version":[{"id":10284,"href":"https:\/\/www.svu.edu.eg\/faculties\/sci\/wp-json\/wp\/v2\/pages\/9050\/revisions\/10284"}],"wp:attachment":[{"href":"https:\/\/www.svu.edu.eg\/faculties\/sci\/wp-json\/wp\/v2\/media?parent=9050"}],"curies":[{"name":"wp","href":"https:\/\/api.w.org\/{rel}","templated":true}]}}