{"id":5032,"date":"2020-12-22T17:05:45","date_gmt":"2020-12-22T17:05:45","guid":{"rendered":"http:\/\/www.svu.edu.eg\/faculties\/sci\/?page_id=5032"},"modified":"2022-02-21T10:22:41","modified_gmt":"2022-02-21T10:22:41","slug":"ladministration-des-musees-et-des-moyens-educatifs","status":"publish","type":"page","link":"https:\/\/www.svu.edu.eg\/faculties\/sci\/fr\/ladministration-des-musees-et-des-moyens-educatifs\/","title":{"rendered":"L\u2019administration des Mus\u00e9es et des Moyens \u00e9ducatifs"},"content":{"rendered":"<p><em><span style=\"font-size: 18pt; font-family: georgia, palatino;\"><strong>*\u00a0Les fonctions et responsabilit\u00e9s suivantes doivent \u00eatre exerc\u00e9es\u00a0:<\/strong><\/span><\/em><\/p>\n<p><em><span style=\"font-size: 14pt; font-family: georgia, palatino;\">-Conception et mise en \u0153uvre de principaux mus\u00e9es de l\u2019universit\u00e9 et leur fournir divers moyens \u00e9ducatifs.<\/span><\/em><\/p>\n<p><em><span style=\"font-size: 14pt; font-family: georgia, palatino;\">-Fournir les animaux, insectes, plantes et roches.<\/span><\/em><\/p>\n<p><em><span style=\"font-size: 14pt; font-family: georgia, palatino;\">-Pour conserver de l\u2019\u00e9chantillon dans des groupes de chaque mus\u00e9e et \u00e0 c\u00f4t\u00e9 de chaque \u00e9chantillon se trouve un r\u00e9sum\u00e9 scientifique pr\u00e9cis pour expliquer chaque pi\u00e8ce \u00e0 utiliser dans les \u00e9tudes et la recherche scientifiques.<\/span><\/em><\/p>\n<p><em><span style=\"font-size: 14pt; font-family: georgia, palatino;\">-Orientation, formation et orientation des assistants techniques et des techniciens dans le traitement de l\u2019\u00e9quipement et pr\u00e9paration de leurs propres \u00e9chantillons de mus\u00e9e.<\/span><\/em><\/p>\n<p><em><span style=\"font-size: 14pt; font-family: georgia, palatino;\">-Entretenir tous les \u00e9quipements, outils et machines utilis\u00e9s et fournir des pi\u00e8ces de rechange pour la marque d\u00e9fectueuse.<\/span><\/em><\/p>\n<p><em><span style=\"font-size: 14pt; font-family: georgia, palatino;\">-Des mesures sp\u00e9ciales doivent \u00eatre prises pour tenir compte de tous les besoins des \u00e9quipements, des outils, des machines, des mat\u00e9riaux et des produits chimiques du mus\u00e9e, conform\u00e9ment aux r\u00e8glements financiers et de stockage.<\/span><\/em><\/p>\n<p><em><span style=\"font-size: 14pt; font-family: georgia, palatino;\">-Tenir des registres des liens, autoriser la gestion et examiner les documents re\u00e7us Entreprises et organisations qui fournissent du mat\u00e9riel et des services.<\/span><\/em><\/p>\n<p><em><span style=\"font-size: 14pt; font-family: georgia, palatino;\">-Tenir des registres des avances permanentes et temporaires et prendre des mesures pour les r\u00e9gler.<\/span><\/em><\/p>\n<p><em><span style=\"font-size: 14pt; font-family: georgia, palatino;\">-Pr\u00e9parer les donn\u00e9es n\u00e9cessaires au projet budg\u00e9taire du Minist\u00e8re.<\/span><\/em><\/p>\n<p><em><span style=\"font-size: 14pt; font-family: georgia, palatino;\">-Rapports des activit\u00e9s occasionnels et annuels.<\/span><\/em><\/p>\n","protected":false},"excerpt":{"rendered":"<p>*\u00a0Les fonctions et responsabilit\u00e9s suivantes doivent \u00eatre exerc\u00e9es\u00a0: -Conception et mise en \u0153uvre de principaux mus\u00e9es de l\u2019universit\u00e9 et leur fournir divers moyens \u00e9ducatifs. -Fournir les animaux, insectes, plantes et [&hellip;]<\/p>\n","protected":false},"author":2,"featured_media":0,"parent":0,"menu_order":0,"comment_status":"closed","ping_status":"closed","template":"","meta":[],"jetpack_sharing_enabled":true,"_links":{"self":[{"href":"https:\/\/www.svu.edu.eg\/faculties\/sci\/wp-json\/wp\/v2\/pages\/5032"}],"collection":[{"href":"https:\/\/www.svu.edu.eg\/faculties\/sci\/wp-json\/wp\/v2\/pages"}],"about":[{"href":"https:\/\/www.svu.edu.eg\/faculties\/sci\/wp-json\/wp\/v2\/types\/page"}],"author":[{"embeddable":true,"href":"https:\/\/www.svu.edu.eg\/faculties\/sci\/wp-json\/wp\/v2\/users\/2"}],"replies":[{"embeddable":true,"href":"https:\/\/www.svu.edu.eg\/faculties\/sci\/wp-json\/wp\/v2\/comments?post=5032"}],"version-history":[{"count":2,"href":"https:\/\/www.svu.edu.eg\/faculties\/sci\/wp-json\/wp\/v2\/pages\/5032\/revisions"}],"predecessor-version":[{"id":5034,"href":"https:\/\/www.svu.edu.eg\/faculties\/sci\/wp-json\/wp\/v2\/pages\/5032\/revisions\/5034"}],"wp:attachment":[{"href":"https:\/\/www.svu.edu.eg\/faculties\/sci\/wp-json\/wp\/v2\/media?parent=5032"}],"curies":[{"name":"wp","href":"https:\/\/api.w.org\/{rel}","templated":true}]}}