{"id":5029,"date":"2020-12-22T16:38:36","date_gmt":"2020-12-22T16:38:36","guid":{"rendered":"http:\/\/www.svu.edu.eg\/faculties\/sci\/?page_id=5029"},"modified":"2022-02-21T09:58:48","modified_gmt":"2022-02-21T09:58:48","slug":"le-media","status":"publish","type":"page","link":"https:\/\/www.svu.edu.eg\/faculties\/sci\/fr\/le-media\/","title":{"rendered":"Le m\u00e9dia"},"content":{"rendered":"<p><\/p>\n<p dir=\"ltr\"><em><span style=\"font-size: 14pt; font-family: georgia, palatino;\">Depuis que la premi\u00e8re promotion est sortie de la Facult\u00e9 des sciences \u2013 Qena en 1977, chaque ann\u00e9e la facult\u00e9 est sortie beaucoup de scientifiques de disciplines dans divers domaines de travail sp\u00e9cialis\u00e9 et leur comp\u00e9tences sur site de la facult\u00e9 sont une sorte de fiert\u00e9.<\/span><\/em><\/p>\n<p> <\/p>\n<p dir=\"ltr\"><span style=\"font-family: georgia, palatino;\"><em><span style=\"font-size: 14pt;\">Qui sont les m\u00e9dias universitaires ?&#8230; Les m\u00e9dias sont ceux qui sont dipl\u00f4m\u00e9s de la facult\u00e9 et\u00a0les membres du corps enseignant et leurs assistants qui travaillent dans divers domaines sp\u00e9cialis\u00e9s (ex. usines, entreprises, etc.). Les membres du corps enseignant se distinguent des autres (comme qui ont obtenu des prix internationaux ou locaux au niveau de la r\u00e9publique,( Des prix de motivation, des livres, etc.). \u00a0Et qui font du travail public \u00e0 l\u2019universit\u00e9 ou \u00e0 l\u2019ext\u00e9rieur de l\u2019universit\u00e9. \u00c9galement distingu\u00e9 dans leur travail dans divers organismes scientifiques et les usines.<\/span><\/em><\/span><\/p>\n<p><span style=\"font-family: georgia, palatino;\"><em><span style=\"font-size: 14pt;\"> <\/span><\/em><\/span><\/p>\n<p dir=\"ltr\"><span style=\"font-family: georgia, palatino;\"><em><span style=\"font-size: 14pt;\">Unit\u00e9 des services technologiques Facult\u00e9 des sciences\u00a0: &#8211; Pour communiquer et envoyer curriculum vitae.<\/span><\/em><\/span><\/p>\n<p> <\/p>\n<p dir=\"ltr\"><a href=\"mailto:Hussein.ana@sci.svu.edu.eg-\"><em><strong><span style=\"font-size: 18pt; font-family: georgia, palatino;\">it_unit@sci.svu.edu.eg<\/span><\/strong><\/em><\/a><\/p>\n<p>\u00a0<\/p>\n\n\n<p><\/p>\n\n\n\n<p><\/p>\n\n\n\n<p><br><br><\/p>\n","protected":false},"excerpt":{"rendered":"<p>Depuis que la premi\u00e8re promotion est sortie de la Facult\u00e9 des sciences \u2013 Qena en 1977, chaque ann\u00e9e la facult\u00e9 est sortie beaucoup de scientifiques de disciplines dans divers domaines [&hellip;]<\/p>\n","protected":false},"author":2,"featured_media":0,"parent":0,"menu_order":0,"comment_status":"closed","ping_status":"closed","template":"","meta":[],"jetpack_sharing_enabled":true,"_links":{"self":[{"href":"https:\/\/www.svu.edu.eg\/faculties\/sci\/wp-json\/wp\/v2\/pages\/5029"}],"collection":[{"href":"https:\/\/www.svu.edu.eg\/faculties\/sci\/wp-json\/wp\/v2\/pages"}],"about":[{"href":"https:\/\/www.svu.edu.eg\/faculties\/sci\/wp-json\/wp\/v2\/types\/page"}],"author":[{"embeddable":true,"href":"https:\/\/www.svu.edu.eg\/faculties\/sci\/wp-json\/wp\/v2\/users\/2"}],"replies":[{"embeddable":true,"href":"https:\/\/www.svu.edu.eg\/faculties\/sci\/wp-json\/wp\/v2\/comments?post=5029"}],"version-history":[{"count":1,"href":"https:\/\/www.svu.edu.eg\/faculties\/sci\/wp-json\/wp\/v2\/pages\/5029\/revisions"}],"predecessor-version":[{"id":5030,"href":"https:\/\/www.svu.edu.eg\/faculties\/sci\/wp-json\/wp\/v2\/pages\/5029\/revisions\/5030"}],"wp:attachment":[{"href":"https:\/\/www.svu.edu.eg\/faculties\/sci\/wp-json\/wp\/v2\/media?parent=5029"}],"curies":[{"name":"wp","href":"https:\/\/api.w.org\/{rel}","templated":true}]}}