{"id":4977,"date":"2020-12-22T09:54:54","date_gmt":"2020-12-22T09:54:54","guid":{"rendered":"http:\/\/www.svu.edu.eg\/faculties\/sci\/?page_id=4977"},"modified":"2022-01-31T20:32:40","modified_gmt":"2022-01-31T20:32:40","slug":"la-vision-et-la-mission","status":"publish","type":"page","link":"https:\/\/www.svu.edu.eg\/faculties\/sci\/fr\/assurance-qualite\/la-vision-et-la-mission\/","title":{"rendered":"Vision et mission de l&#8217;unit\u00e9 d\u2019administration de la qualit\u00e9"},"content":{"rendered":"<p><em><span style=\"font-size: 18pt; font-family: 'book antiqua', palatino;\"><strong>La vision<\/strong><\/span><\/em><\/p>\n<p><em><span style=\"font-size: 14pt; font-family: 'book antiqua', palatino;\"><strong>Am\u00e9liorer l&#8217;efficacit\u00e9 de la facult\u00e9 pour atteindre une qualit\u00e9 et faire<\/strong> <strong>de la facult\u00e9 des sciences l&#8217;un des facult\u00e9s distingu\u00e9s, gr\u00e2ce \u00e0 l&#8217;application des normes de qualit\u00e9.\u00a0<\/strong><\/span><\/em><\/p>\n<p><span style=\"font-size: 18pt; font-family: 'book antiqua', palatino;\"><em><strong>La mission<\/strong><\/em><\/span><\/p>\n<p><em><span style=\"font-family: 'book antiqua', palatino; font-size: 14pt;\"><strong>Engagement envers le d\u00e9veloppement continu pour am\u00e9liorer l&#8217;efficacit\u00e9 conform\u00e9ment \u00e0 la mission et aux objectifs<\/strong> <strong>de la facult\u00e9 , ainsi que gagner la confiance de la communaut\u00e9, des membres du corps professoral et des \u00e9tudiants dans les services \u00e9ducatifs, de recherche et communautaires fournis par la facult\u00e9,<\/strong> <strong>ainsi que l\u2019assurance de la qualit\u00e9 et le d\u00e9veloppement continu des projets et programmes de d\u00e9veloppement de la facult\u00e9 conform\u00e9ment \u00e0 la mission et aux objectifs<\/strong> <strong>de la facult\u00e9 , qui correspondent aux normes et sp\u00e9cifications des \u00e9tablissements d\u2019enseignement sup\u00e9rieur.<\/strong><\/span><\/em><\/p>\n<p><strong>\u00a0<\/strong><\/p>\n","protected":false},"excerpt":{"rendered":"<p>La vision Am\u00e9liorer l&#8217;efficacit\u00e9 de la facult\u00e9 pour atteindre une qualit\u00e9 et faire de la facult\u00e9 des sciences l&#8217;un des facult\u00e9s distingu\u00e9s, gr\u00e2ce \u00e0 l&#8217;application des normes de qualit\u00e9.\u00a0 La [&hellip;]<\/p>\n","protected":false},"author":2,"featured_media":0,"parent":4910,"menu_order":0,"comment_status":"closed","ping_status":"closed","template":"","meta":[],"jetpack_sharing_enabled":true,"_links":{"self":[{"href":"https:\/\/www.svu.edu.eg\/faculties\/sci\/wp-json\/wp\/v2\/pages\/4977"}],"collection":[{"href":"https:\/\/www.svu.edu.eg\/faculties\/sci\/wp-json\/wp\/v2\/pages"}],"about":[{"href":"https:\/\/www.svu.edu.eg\/faculties\/sci\/wp-json\/wp\/v2\/types\/page"}],"author":[{"embeddable":true,"href":"https:\/\/www.svu.edu.eg\/faculties\/sci\/wp-json\/wp\/v2\/users\/2"}],"replies":[{"embeddable":true,"href":"https:\/\/www.svu.edu.eg\/faculties\/sci\/wp-json\/wp\/v2\/comments?post=4977"}],"version-history":[{"count":1,"href":"https:\/\/www.svu.edu.eg\/faculties\/sci\/wp-json\/wp\/v2\/pages\/4977\/revisions"}],"predecessor-version":[{"id":4979,"href":"https:\/\/www.svu.edu.eg\/faculties\/sci\/wp-json\/wp\/v2\/pages\/4977\/revisions\/4979"}],"up":[{"embeddable":true,"href":"https:\/\/www.svu.edu.eg\/faculties\/sci\/wp-json\/wp\/v2\/pages\/4910"}],"wp:attachment":[{"href":"https:\/\/www.svu.edu.eg\/faculties\/sci\/wp-json\/wp\/v2\/media?parent=4977"}],"curies":[{"name":"wp","href":"https:\/\/api.w.org\/{rel}","templated":true}]}}