{"id":4710,"date":"2020-12-06T09:48:59","date_gmt":"2020-12-06T09:48:59","guid":{"rendered":"http:\/\/www.svu.edu.eg\/faculties\/sci\/?page_id=4710"},"modified":"2022-09-19T08:51:35","modified_gmt":"2022-09-19T08:51:35","slug":"homepage_fr","status":"publish","type":"page","link":"https:\/\/www.svu.edu.eg\/faculties\/sci\/fr\/homepage_fr\/","title":{"rendered":"homepage_fr"},"content":{"rendered":"<div id=\"pl-4710\"  class=\"panel-layout\" ><div id=\"pg-4710-0\"  class=\"panel-grid panel-no-style\" ><div id=\"pgc-4710-0-0\"  class=\"panel-grid-cell panel-grid-cell-empty\" ><\/div><\/div><div id=\"pg-4710-1\"  class=\"panel-grid panel-has-style\" ><div class=\"wide-grey panel-row-style panel-row-style-for-4710-1\" ><div id=\"pgc-4710-1-0\"  class=\"panel-grid-cell\" ><div id=\"panel-4710-1-0-0\" class=\"so-panel widget widget_headline-widget panel-first-child panel-last-child\" data-index=\"0\" ><div class=\"panel-widget-style panel-widget-style-for-4710-1-0-0\" >\t\t<h1>Facult\u00e9 des sciences accueille des nouveaux et des anciens \u00e9tudiants pour l'ann\u00e9e acad\u00e9mique 2020- 2021   <\/h1>\n\t\t<div class=\"decoration\"><div class=\"decoration-inside\"><\/div><\/div>\n\t\t<h3><\/h3>\n\t\t<\/div><\/div><\/div><\/div><\/div><div id=\"pg-4710-2\"  class=\"panel-grid panel-no-style\" ><div id=\"pgc-4710-2-0\"  class=\"panel-grid-cell\" ><div id=\"panel-4710-2-0-0\" class=\"so-panel widget widget_siteorigin-panels-postloop panel-first-child\" data-index=\"1\" ><div class=\"panel-widget-style panel-widget-style-for-4710-2-0-0\" ><h3 class=\"widget-title\">Derni\u00e8res nouvelles<\/h3>\n<article id=\"post-12480\" class=\"post-12480 post type-post status-publish format-standard hentry category-news\">\n\n\t\n\t<div class=\"entry-main\">\n\n\t\t\n\t\t<header class=\"entry-header\">\n\t\t\t\n\t\t\t<h1 class=\"entry-title\"><a href=\"https:\/\/www.svu.edu.eg\/faculties\/sci\/%d9%85%d9%82%d8%aa%d8%b1%d8%ad-%d8%ac%d8%af%d8%a7%d9%88%d9%84-%d8%a7%d9%85%d8%aa%d8%ad%d8%a7%d9%86%d8%a7%d8%aa-%d8%a7%d9%84%d9%81%d8%b5%d9%84-%d8%a7%d9%84%d8%af%d8%b1%d8%a7%d8%b3%d9%8a-%d8%a7%d9%84\/\" title=\"Permalink to \u0645\u0642\u062a\u0631\u062d \u062c\u062f\u0627\u0648\u0644 \u0627\u0645\u062a\u062d\u0627\u0646\u0627\u062a \u0627\u0644\u0641\u0635\u0644 \u0627\u0644\u062f\u0631\u0627\u0633\u064a \u0627\u0644\u062b\u0627\u0646\u064a \u0644\u0644\u0639\u0627\u0645 \u0627\u0644\u062f\u0631\u0627\u0633\u064a 2025-2026\" rel=\"bookmark\">\u0645\u0642\u062a\u0631\u062d \u062c\u062f\u0627\u0648\u0644 \u0627\u0645\u062a\u062d\u0627\u0646\u0627\u062a \u0627\u0644\u0641\u0635\u0644 \u0627\u0644\u062f\u0631\u0627\u0633\u064a \u0627\u0644\u062b\u0627\u0646\u064a \u0644\u0644\u0639\u0627\u0645 \u0627\u0644\u062f\u0631\u0627\u0633\u064a 2025-2026<\/a><\/h1>\n\n\t\t\t\t\t\t\t<div class=\"entry-meta\">\n\t\t\t\t\tPosted on <a href=\"https:\/\/www.svu.edu.eg\/faculties\/sci\/%d9%85%d9%82%d8%aa%d8%b1%d8%ad-%d8%ac%d8%af%d8%a7%d9%88%d9%84-%d8%a7%d9%85%d8%aa%d8%ad%d8%a7%d9%86%d8%a7%d8%aa-%d8%a7%d9%84%d9%81%d8%b5%d9%84-%d8%a7%d9%84%d8%af%d8%b1%d8%a7%d8%b3%d9%8a-%d8%a7%d9%84\/\" title=\"9:47 pm\" rel=\"bookmark\"><time class=\"entry-date\" datetime=\"2026-04-18T21:47:04+00:00\">April 18, 2026<\/time><\/a><time class=\"updated\" datetime=\"2026-04-18T21:47:56+00:00\">April 18, 2026<\/time>  \t\t\t\t<\/div><!-- .entry-meta -->\n\t\t\t\n\t\t<\/header><!-- .entry-header -->\n\n\t\t\t\t\t<div class=\"entry-content\">\n\t\t\t\t<p>\u064a\u0633\u0631 \u0643\u0644\u064a\u0629 \u0627\u0644\u0639\u0644\u0648\u0645 \u0627\u0646 \u062a\u0639\u0644\u0646 \u0639\u0646 \u0645\u0642\u062a\u0631\u062d \u062c\u062f\u0627\u0648\u0644 \u0627\u0645\u062a\u062d\u0627\u0646\u0627\u062a \u0627\u0644\u0641\u0635\u0644 \u0627\u0644\u062f\u0631\u0627\u0633\u064a \u0627\u0644\u062b\u0627\u0646\u064a 2025-2026 \u0643\u0645\u0627 \u064a\u0644\u064a\u00a0 \u0627\u0644\u0645\u0633\u062a\u0648\u064a \u0627\u0644\u0631\u0627\u0628\u0639 \u0627\u0644\u0645\u0633\u062a\u0648\u064a \u0627\u0644\u062b\u0627\u0644\u062b\u00a0 \u0627\u0644\u0645\u0633\u062a\u0648\u064a \u0627\u0644\u062b\u0627\u0646\u064a\u00a0 \u0627\u0644\u0645\u0633\u062a\u0648\u064a \u0627\u0644\u0627\u0648\u0644 \u062a\u062e\u0644\u0641\u0627\u062a \u0627\u0644\u0627\u0626\u062d\u0629 \u0627\u0644\u0642\u062f\u064a\u0645\u0629 \u0639\u0644\u0645\u0627 \u0628\u0623\u0646\u0647 \u0627\u062e\u0631 \u0645\u0648\u0639\u062f [&hellip;]<\/p>\n\t\t\t\t\t\t\t\t<a class=\"more-link\" href=\"https:\/\/www.svu.edu.eg\/faculties\/sci\/%d9%85%d9%82%d8%aa%d8%b1%d8%ad-%d8%ac%d8%af%d8%a7%d9%88%d9%84-%d8%a7%d9%85%d8%aa%d8%ad%d8%a7%d9%86%d8%a7%d8%aa-%d8%a7%d9%84%d9%81%d8%b5%d9%84-%d8%a7%d9%84%d8%af%d8%b1%d8%a7%d8%b3%d9%8a-%d8%a7%d9%84\/\">\u0627\u0644\u0645\u0632\u064a\u062f<span class=\"meta-nav\">&rarr;<\/span><\/a>\t\t\t\t\t\t\t<\/div><!-- .entry-content -->\n\t\t\n\t\t\n\t<\/div>\n\n<\/article><!-- #post-12480 -->\n\n<article id=\"post-12462\" class=\"post-12462 post type-post status-publish format-standard hentry category-news\">\n\n\t\n\t<div class=\"entry-main\">\n\n\t\t\n\t\t<header class=\"entry-header\">\n\t\t\t\n\t\t\t<h1 class=\"entry-title\"><a href=\"https:\/\/www.svu.edu.eg\/faculties\/sci\/%d8%aa%d9%82%d9%88%d9%8a%d9%85-%d8%a8%d8%b1%d8%a7%d9%85%d8%ac-%d8%a7%d9%84%d8%af%d8%b1%d8%a7%d8%b3%d8%a7%d8%aa-%d8%a7%d9%84%d8%b9%d9%84%d9%8a%d8%a7-%d8%a8%d8%ac%d8%a7%d9%85%d8%b9%d8%a9-%d9%82%d9%86\/\" title=\"Permalink to \u062a\u0642\u0648\u064a\u0645 \u0628\u0631\u0627\u0645\u062c \u0627\u0644\u062f\u0631\u0627\u0633\u0627\u062a \u0627\u0644\u0639\u0644\u064a\u0627 \u0628\u062c\u0627\u0645\u0639\u0629 \u0642\u0646\u0627 \u0628\u0627\u0644\u062a\u0639\u0627\u0648\u0646 \u0645\u0639 \u0648\u0632\u0627\u0631\u0629 \u0627\u0644\u062a\u0639\u0644\u064a\u0645 \u0627\u0644\u0639\u0627\u0644\u064a \u0648\u0627\u0644\u0628\u062d\u062b \u0627\u0644\u0639\u0644\u0645\u064a\" rel=\"bookmark\">\u062a\u0642\u0648\u064a\u0645 \u0628\u0631\u0627\u0645\u062c \u0627\u0644\u062f\u0631\u0627\u0633\u0627\u062a \u0627\u0644\u0639\u0644\u064a\u0627 \u0628\u062c\u0627\u0645\u0639\u0629 \u0642\u0646\u0627 \u0628\u0627\u0644\u062a\u0639\u0627\u0648\u0646 \u0645\u0639 \u0648\u0632\u0627\u0631\u0629 \u0627\u0644\u062a\u0639\u0644\u064a\u0645 \u0627\u0644\u0639\u0627\u0644\u064a \u0648\u0627\u0644\u0628\u062d\u062b \u0627\u0644\u0639\u0644\u0645\u064a<\/a><\/h1>\n\n\t\t\t\t\t\t\t<div class=\"entry-meta\">\n\t\t\t\t\tPosted on <a href=\"https:\/\/www.svu.edu.eg\/faculties\/sci\/%d8%aa%d9%82%d9%88%d9%8a%d9%85-%d8%a8%d8%b1%d8%a7%d9%85%d8%ac-%d8%a7%d9%84%d8%af%d8%b1%d8%a7%d8%b3%d8%a7%d8%aa-%d8%a7%d9%84%d8%b9%d9%84%d9%8a%d8%a7-%d8%a8%d8%ac%d8%a7%d9%85%d8%b9%d8%a9-%d9%82%d9%86\/\" title=\"8:58 pm\" rel=\"bookmark\"><time class=\"entry-date\" datetime=\"2026-04-10T20:58:43+00:00\">April 10, 2026<\/time><\/a><time class=\"updated\" datetime=\"2026-04-10T21:12:37+00:00\">April 10, 2026<\/time>  \t\t\t\t<\/div><!-- .entry-meta -->\n\t\t\t\n\t\t<\/header><!-- .entry-header -->\n\n\t\t\t\t\t<div class=\"entry-content\">\n\t\t\t\t<p>\u0641\u064a \u0627\u0637\u0627\u0631 \u0627\u0644\u0645\u0634\u0631\u0648\u0639 \u0627\u0644\u0631\u0626\u0627\u0633\u064a \u0644\u062a\u0642\u0648\u064a\u0645 \u0628\u0631\u0627\u0645\u062c \u0627\u0644\u062f\u0631\u0627\u0633\u0627\u062a \u0627\u0644\u0639\u0644\u064a\u0627 \u0628\u062c\u0627\u0645\u0639\u0629 \u0642\u0646\u0627 \u0628\u0627\u0644\u062a\u0639\u0627\u0648\u0646 \u0645\u0639 \u0648\u0632\u0627\u0631\u0629 \u0627\u0644\u062a\u0639\u0644\u064a\u0645 \u0627\u0644\u0639\u0627\u0644\u064a \u0648\u0627\u0644\u0628\u062d\u062b \u0627\u0644\u0639\u0644\u0645\u064a&#8221; \u0648\u0628\u0631\u0639\u0627\u064a\u0629 \u0643\u0631\u064a\u0645\u0629 \u0645\u0646 \u0645\u0639\u0627\u0644\u064a \u0631\u0626\u064a\u0633 \u0627\u0644\u062c\u0627\u0645\u0639\u0629 \u0628\u062f\u0623 \u0627\u0648\u0644\u064a \u0627\u0644\u062c\u0644\u0633\u0627\u062a \u0627\u0644\u062e\u0627\u0635\u0629 \u0628\u0643\u0644\u064a\u0629 \u0627\u0644\u0639\u0644\u0648\u0645 \u0628\u0627\u062c\u062a\u0645\u0627\u0639 [&hellip;]<\/p>\n\t\t\t\t\t\t\t\t<a class=\"more-link\" href=\"https:\/\/www.svu.edu.eg\/faculties\/sci\/%d8%aa%d9%82%d9%88%d9%8a%d9%85-%d8%a8%d8%b1%d8%a7%d9%85%d8%ac-%d8%a7%d9%84%d8%af%d8%b1%d8%a7%d8%b3%d8%a7%d8%aa-%d8%a7%d9%84%d8%b9%d9%84%d9%8a%d8%a7-%d8%a8%d8%ac%d8%a7%d9%85%d8%b9%d8%a9-%d9%82%d9%86\/\">\u0627\u0644\u0645\u0632\u064a\u062f<span class=\"meta-nav\">&rarr;<\/span><\/a>\t\t\t\t\t\t\t<\/div><!-- .entry-content -->\n\t\t\n\t\t\n\t<\/div>\n\n<\/article><!-- #post-12462 -->\n\n<article id=\"post-12460\" class=\"post-12460 post type-post status-publish format-standard hentry category-news\">\n\n\t\n\t<div class=\"entry-main\">\n\n\t\t\n\t\t<header class=\"entry-header\">\n\t\t\t\n\t\t\t<h1 class=\"entry-title\"><a href=\"https:\/\/www.svu.edu.eg\/faculties\/sci\/%d8%a8%d9%8a%d8%a7%d9%86-%d8%a7%d9%84%d8%ad%d8%a7%d8%b5%d9%84%d9%8a%d9%86-%d8%b9%d9%84%d9%8a-%d8%af%d8%b1%d8%ac%d8%a9-%d8%a7%d9%84%d9%85%d8%a7%d8%ac%d8%b3%d8%aa%d9%8a%d8%b1-%d8%a7%d9%84%d8%af%d9%83\/\" title=\"Permalink to \u0628\u064a\u0627\u0646 \u0627\u0644\u062d\u0627\u0635\u0644\u064a\u0646 \u0639\u0644\u064a \u062f\u0631\u062c\u0629 \u0627\u0644\u0645\u0627\u062c\u0633\u062a\u064a\u0631 \/ \u0627\u0644\u062f\u0643\u062a\u0648\u0631\u0627\u0647 \u0628\u0643\u0644\u064a\u0629 \u0627\u0644\u0639\u0644\u0648\u0645 \u060c \u062c\u0627\u0645\u0639\u0629 \u0642\u0646\u0627\" rel=\"bookmark\">\u0628\u064a\u0627\u0646 \u0627\u0644\u062d\u0627\u0635\u0644\u064a\u0646 \u0639\u0644\u064a \u062f\u0631\u062c\u0629 \u0627\u0644\u0645\u0627\u062c\u0633\u062a\u064a\u0631 \/ \u0627\u0644\u062f\u0643\u062a\u0648\u0631\u0627\u0647 \u0628\u0643\u0644\u064a\u0629 \u0627\u0644\u0639\u0644\u0648\u0645 \u060c \u062c\u0627\u0645\u0639\u0629 \u0642\u0646\u0627<\/a><\/h1>\n\n\t\t\t\t\t\t\t<div class=\"entry-meta\">\n\t\t\t\t\tPosted on <a href=\"https:\/\/www.svu.edu.eg\/faculties\/sci\/%d8%a8%d9%8a%d8%a7%d9%86-%d8%a7%d9%84%d8%ad%d8%a7%d8%b5%d9%84%d9%8a%d9%86-%d8%b9%d9%84%d9%8a-%d8%af%d8%b1%d8%ac%d8%a9-%d8%a7%d9%84%d9%85%d8%a7%d8%ac%d8%b3%d8%aa%d9%8a%d8%b1-%d8%a7%d9%84%d8%af%d9%83\/\" title=\"3:11 pm\" rel=\"bookmark\"><time class=\"entry-date\" datetime=\"2026-04-05T15:11:47+00:00\">April 5, 2026<\/time><\/a><time class=\"updated\" datetime=\"2026-04-05T15:11:47+00:00\">April 5, 2026<\/time>  \t\t\t\t<\/div><!-- .entry-meta -->\n\t\t\t\n\t\t<\/header><!-- .entry-header -->\n\n\t\t\t\t\t<div class=\"entry-content\">\n\t\t\t\t<p>\u00a0\u0641\u064a \u0627\u0637\u0627\u0631 \u062d\u0635\u0631 \u0628\u064a\u0627\u0646\u0627\u062a \u0627\u0644\u062d\u0627\u0635\u0644\u064a\u0646 \u0639\u0644\u064a \u062f\u0631\u062c\u0629 \u0627\u0644\u0645\u0627\u062c\u0633\u062a\u064a\u0631\/ \u0627\u0644\u062f\u0643\u062a\u0648\u0631\u0627\u0647 \u0628\u0643\u0644\u064a\u0629 \u0627\u0644\u0639\u0644\u0648\u0645- \u062c\u0627\u0645\u0639\u0629 \u0642\u0646\u0627 \u0645\u0646 \u063a\u064a\u0631 \u0623\u0639\u0636\u0627\u0621 \u0647\u064a\u0626\u0629 \u0627\u0644\u062a\u062f\u0631\u064a\u0633 \u0648\u0627\u0644\u0647\u064a\u0626\u0629 \u0627\u0644\u0645\u0639\u0627\u0648\u0646\u0629 \u062e\u0644\u0627\u0644 (\u0622\u062e\u0631 \u0639\u0634\u0631 \u0633\u0646\u0648\u0627\u062a) \u064a\u0631\u062c\u064a \u0627\u0644\u062a\u0643\u0631\u0645 \u0628\u0645\u0644\u0623 \u0627\u0644\u0627\u0633\u062a\u0645\u0627\u0631\u0629 \u0627\u0644\u062a\u0627\u0644\u064a\u0629\u00a0<\/p>\n\t\t\t\t\t\t\t\t<a class=\"more-link\" href=\"https:\/\/www.svu.edu.eg\/faculties\/sci\/%d8%a8%d9%8a%d8%a7%d9%86-%d8%a7%d9%84%d8%ad%d8%a7%d8%b5%d9%84%d9%8a%d9%86-%d8%b9%d9%84%d9%8a-%d8%af%d8%b1%d8%ac%d8%a9-%d8%a7%d9%84%d9%85%d8%a7%d8%ac%d8%b3%d8%aa%d9%8a%d8%b1-%d8%a7%d9%84%d8%af%d9%83\/\">\u0627\u0644\u0645\u0632\u064a\u062f<span class=\"meta-nav\">&rarr;<\/span><\/a>\t\t\t\t\t\t\t<\/div><!-- .entry-content -->\n\t\t\n\t\t\n\t<\/div>\n\n<\/article><!-- #post-12460 -->\n<\/div><\/div><div id=\"panel-4710-2-0-1\" class=\"so-panel widget widget_text panel-last-child\" data-index=\"2\" >\t\t\t<div class=\"textwidget\"><p style=\"direction: ltr;\"><a href=\"http:\/\/www.svu.edu.eg\/faculties\/sci\/fr\/category\/news_fr\">Plus de nouvelles<\/a><\/p>\n<\/div>\n\t\t<\/div><\/div><\/div><div id=\"pg-4710-3\"  class=\"panel-grid panel-no-style\" ><div id=\"pgc-4710-3-0\"  class=\"panel-grid-cell\" ><div id=\"panel-4710-3-0-0\" class=\"so-panel widget widget_xyz_insert_php_widget panel-first-child panel-last-child\" data-index=\"3\" >\r\n\t<div class=\"announc\">\r\n      <h2> Conf\u00e9rences<\/h2>\r\n\t<div class=\"announc-body\">\r\n\t<ul>\r\n             \r\n<ul><li style=\"text-align:left;\"><a href=\"category\/conf_fr\/\">Plus<\/a><\/li>\r\n<\/ul>   <\/ul>\r\n\t<\/div>\r\n\t<\/div><\/div><\/div><div id=\"pgc-4710-3-1\"  class=\"panel-grid-cell\" ><div id=\"panel-4710-3-1-0\" class=\"so-panel widget widget_media_video panel-first-child panel-last-child\" data-index=\"4\" ><div style=\"width:100%;\" class=\"wp-video\"><!--[if lt IE 9]><script>document.createElement('video');<\/script><![endif]-->\n<video class=\"wp-video-shortcode\" id=\"video-12460-1\" loop=\"1\" preload=\"metadata\" controls=\"controls\"><source type=\"video\/youtube\" src=\"https:\/\/www.youtube.com\/watch?v=0DDO0FXVfFU&#038;_=1\" \/><a href=\"https:\/\/www.youtube.com\/watch?v=0DDO0FXVfFU\">https:\/\/www.youtube.com\/watch?v=0DDO0FXVfFU<\/a><\/video><\/div><\/div><\/div><div id=\"pgc-4710-3-2\"  class=\"panel-grid-cell\" ><div id=\"panel-4710-3-2-0\" class=\"so-panel widget widget_xyz_insert_php_widget panel-first-child panel-last-child\" data-index=\"5\" >\r\n\t<div class=\"announc\">\r\n      <h2> Annonces <\/h2>\r\n\t<div class=\"announc-body\">\r\n\t<ul>\r\n             \r\n<ul><li style=\"text-align:left;\"><a href=\"category\/ann_fr\/\">Plus<\/a><\/li>\r\n<\/ul>   <\/ul>\r\n\t<\/div>\r\n\t<\/div><\/div><\/div><\/div><div id=\"pg-4710-4\"  class=\"panel-grid panel-has-style\" ><div style=\"background-color: #c4eeff; \" class=\"panel-row-style panel-row-style-for-4710-4\" ><div id=\"pgc-4710-4-0\"  class=\"panel-grid-cell\" ><div id=\"panel-4710-4-0-0\" class=\"so-panel widget widget_circleicon-widget panel-first-child panel-last-child\" data-index=\"6\" >\t\t<div class=\"circle-icon-box circle-icon-position-top circle-icon-hide-box circle-icon-size-small \">\n\t\t\t\t\t\t\t<div class=\"circle-icon-wrapper\">\n\t\t\t\t\t\t\t\t\t\t<a href=\"http:\/\/www.svu.edu.eg\/faculties\/sci\/?page_id=71\" class=\"link-icon\" >\t\t\t\t\t<div class=\"circle-icon icon-style-set\" style=\"background-color: #1e73be\">\n\t\t\t\t\t\t\t\t\t\t\t\t\t<div class=\"fa fa-clock-o\" ><\/div>\n\t\t\t\t\t\t\t\t\t\t\t<\/div> \n\t\t\t\t\t<\/a>\t\t\t\t<\/div>\n\t\t\t\n\t\t\t\t\t\t\t<a href=\"http:\/\/www.svu.edu.eg\/faculties\/sci\/?page_id=71\" class=\"link-title\" >\n\t\t\t\t\t\t\t\t\t\t<h4 >\n\t\t\t\t\tObjectifs Strat\u00e9giques\t\t\t\t<\/h4>\n\t\t\t\t\t\t\t\t\t\t<\/a>\n\t\t\t\n\t\t\t\t\t\t\t<p class=\"text\" >1-la facult\u00e9 des sciences est un centre scientifique distingu\u00e9 dans l\u2019enseignement sup\u00e9rieur et a la capacit\u00e9 et le potentiel de pr\u00e9parer des cadres humains qui peuvent rivaliser \u00e0 l\u2019\u00e9chelle r\u00e9gionale et mondiale. 2-D\u00e9veloppement de l\u2019environnement \u00e9ducatif r\u00e9side dans les valeurs, les principes et l' \u00e9thique saine, l\u2019\u00e9galit\u00e9, la libert\u00e9, la d\u00e9mocratie, la coop\u00e9ration et la non-discrimination, ainsi que la qualit\u00e9 et cr\u00e9dibilit\u00e9.  3-D\u00e9velopp\u00e9 la recherche pour devenir un centre de qualit\u00e9 et la coop\u00e9ration avec d\u2019autres institutions et centres de recherche et institutions communautaires aux niveaux locaux, r\u00e9gional et mondial. 4-D\u00e9velopp\u00e9 la capacit\u00e9 institutionnelle de la facult\u00e9 en ligne avec la vision, la mission et les objectifs strat\u00e9giques de la facult\u00e9. <\/p>\n\t\t\t\t\t\t\t\t\t\t<a href=\"http:\/\/www.svu.edu.eg\/faculties\/sci\/?page_id=71\" class=\"more-button\" >Plus <i><\/i><\/a>\n\t\t\t\t\t<\/div>\n\t\t<\/div><\/div><div id=\"pgc-4710-4-1\"  class=\"panel-grid-cell\" ><div id=\"panel-4710-4-1-0\" class=\"so-panel widget widget_circleicon-widget panel-first-child panel-last-child\" data-index=\"7\" >\t\t<div class=\"circle-icon-box circle-icon-position-top circle-icon-hide-box circle-icon-size-small \">\n\t\t\t\t\t\t\t<div class=\"circle-icon-wrapper\">\n\t\t\t\t\t\t\t\t\t\t<a href=\"#\" class=\"link-icon\" >\t\t\t\t\t<div class=\"circle-icon icon-style-set\" style=\"background-color: #1e73be\">\n\t\t\t\t\t\t\t\t\t\t\t\t\t<div class=\"fa fa-check-circle-o\" style=\"color: #ffffff\"><\/div>\n\t\t\t\t\t\t\t\t\t\t\t<\/div> \n\t\t\t\t\t<\/a>\t\t\t\t<\/div>\n\t\t\t\n\t\t\t\t\t\t\t<a href=\"#\" class=\"link-title\" >\n\t\t\t\t\t\t\t\t\t\t<h4 >\n\t\t\t\t\tMission de la facult\u00e9\t\t\t\t<\/h4>\n\t\t\t\t\t\t\t\t\t\t<\/a>\n\t\t\t\n\t\t\t\t\t\t\t<p class=\"text\" >Fournir une \u00e9ducation exceptionnelle en sciences fondamentales et de la recherche scientifique pour contribuer au d\u00e9veloppement durable en pr\u00e9parant des dipl\u00f4m\u00e9s exceptionnels selon les normes acad\u00e9miques nationales, d\u00e9velopper les comp\u00e9tences et les capacit\u00e9s des ressources humaines, fournir des services communautaires et environnementaux qui r\u00e9pondent aux aspirations de la soci\u00e9t\u00e9  du sud de la vall\u00e9e. <\/p>\n\t\t\t\t\t\t\t\t\t\t<a href=\"#\" class=\"more-button\" >Plus <i><\/i><\/a>\n\t\t\t\t\t<\/div>\n\t\t<\/div><\/div><div id=\"pgc-4710-4-2\"  class=\"panel-grid-cell\" ><div id=\"panel-4710-4-2-0\" class=\"so-panel widget widget_circleicon-widget panel-first-child panel-last-child\" data-index=\"8\" >\t\t<div class=\"circle-icon-box circle-icon-position-top circle-icon-hide-box circle-icon-size-small \">\n\t\t\t\t\t\t\t<div class=\"circle-icon-wrapper\">\n\t\t\t\t\t\t\t\t\t\t<div class=\"circle-icon icon-style-set\" style=\"background-color: #1e73be\">\n\t\t\t\t\t\t\t\t\t\t\t\t\t<div class=\"fa fa-pencil-square-o\" ><\/div>\n\t\t\t\t\t\t\t\t\t\t\t<\/div> \n\t\t\t\t\t\t\t\t\t<\/div>\n\t\t\t\n\t\t\t\t\t\t\t\t\t\t<h4 >\n\t\t\t\t\tVision de la facult\u00e9\t\t\t\t<\/h4>\n\t\t\t\t\t\t\n\t\t\t\t\t\t\t<p class=\"text\" >Excellence dans l\u2019enseignement des sciences fondamentales et de la recherche scientifique pour contribuer au d\u00e9veloppement durable.<\/p>\n\t\t\t\t\t\t\t\t\t\t<a href=\"#\" class=\"more-button\" >Plus <i><\/i><\/a>\n\t\t\t\t\t<\/div>\n\t\t<\/div><\/div><\/div><\/div><\/div>","protected":false},"excerpt":{"rendered":"<p>Facult\u00e9 des sciences accueille des nouveaux et des anciens \u00e9tudiants pour l&#8217;ann\u00e9e acad\u00e9mique 2020- 2021 Derni\u00e8res nouvelles \u0645\u0642\u062a\u0631\u062d \u062c\u062f\u0627\u0648\u0644 \u0627\u0645\u062a\u062d\u0627\u0646\u0627\u062a \u0627\u0644\u0641\u0635\u0644 \u0627\u0644\u062f\u0631\u0627\u0633\u064a \u0627\u0644\u062b\u0627\u0646\u064a \u0644\u0644\u0639\u0627\u0645 \u0627\u0644\u062f\u0631\u0627\u0633\u064a 2025-2026 Posted on April 18, [&hellip;]<\/p>\n","protected":false},"author":2,"featured_media":0,"parent":0,"menu_order":0,"comment_status":"closed","ping_status":"closed","template":"home-panels.php","meta":[],"jetpack_sharing_enabled":true,"_links":{"self":[{"href":"https:\/\/www.svu.edu.eg\/faculties\/sci\/wp-json\/wp\/v2\/pages\/4710"}],"collection":[{"href":"https:\/\/www.svu.edu.eg\/faculties\/sci\/wp-json\/wp\/v2\/pages"}],"about":[{"href":"https:\/\/www.svu.edu.eg\/faculties\/sci\/wp-json\/wp\/v2\/types\/page"}],"author":[{"embeddable":true,"href":"https:\/\/www.svu.edu.eg\/faculties\/sci\/wp-json\/wp\/v2\/users\/2"}],"replies":[{"embeddable":true,"href":"https:\/\/www.svu.edu.eg\/faculties\/sci\/wp-json\/wp\/v2\/comments?post=4710"}],"version-history":[{"count":14,"href":"https:\/\/www.svu.edu.eg\/faculties\/sci\/wp-json\/wp\/v2\/pages\/4710\/revisions"}],"predecessor-version":[{"id":10228,"href":"https:\/\/www.svu.edu.eg\/faculties\/sci\/wp-json\/wp\/v2\/pages\/4710\/revisions\/10228"}],"wp:attachment":[{"href":"https:\/\/www.svu.edu.eg\/faculties\/sci\/wp-json\/wp\/v2\/media?parent=4710"}],"curies":[{"name":"wp","href":"https:\/\/api.w.org\/{rel}","templated":true}]}}