{"id":889,"date":"2020-12-14T10:07:38","date_gmt":"2020-12-14T10:07:38","guid":{"rendered":"http:\/\/www.svu.edu.eg\/faculties\/pt\/?page_id=889"},"modified":"2020-12-14T10:07:38","modified_gmt":"2020-12-14T10:07:38","slug":"structure-organisationnelle","status":"publish","type":"page","link":"https:\/\/www.svu.edu.eg\/faculties\/pt\/fr\/structure-organisationnelle\/","title":{"rendered":"Structure organisationnelle"},"content":{"rendered":"<p><strong><u>Structure organisationnelle<\/u><\/strong><\/p>\n<p><strong>Administrations<\/strong>:<\/p>\n<ul>\n<li><strong>D&#8217;abord: Administrations qui sont directement li\u00e9s au doyen<\/strong><\/li>\n<\/ul>\n<p><strong>Doyen de la facult\u00e9<\/strong><\/p>\n<ul>\n<li>Bureau de doyen de la facult\u00e9<\/li>\n<li>D\u00e9partements Scientifiques<\/li>\n<li>D\u00e9partements des investigations<\/li>\n<li>Unit\u00e9 de l&#8217;assurance de la qualit\u00e9<\/li>\n<\/ul>\n<p><strong>Vice-doyen de la facult\u00e9 des affaires \u00e9ducatives et \u00e9tudiantes<\/strong><\/p>\n<ul>\n<li>Bureau de vice- doyen<\/li>\n<li>Affaires des \u00e9ducatives<\/li>\n<li>Protection de la jeunesse<\/li>\n<li>D\u00e9partement de formation pratique<\/li>\n<li>Laboratoires informatiques<\/li>\n<\/ul>\n<p><strong>Vice- doyen de la facult\u00e9<\/strong> <strong>des \u00e9tudes sup\u00e9rieures et des relations culturelles<\/strong><\/p>\n<ul>\n<li>Bureau de vice- doyen<\/li>\n<li>Biblioth\u00e8que<\/li>\n<li>\u00c9tudes sup\u00e9rieures<\/li>\n<li><strong>\u00a0<\/strong>Relations culturelles<\/li>\n<li>Mat\u00e9riel p\u00e9dagogique<\/li>\n<\/ul>\n<p><strong>Vice- doyen de la facult\u00e9 du service communautaire et le d\u00e9veloppement environnemental <\/strong><\/p>\n<ul>\n<li>Bureau de vice- doyen<\/li>\n<li>Unit\u00e9s sp\u00e9ciales<\/li>\n<li>Administration du service communautaire et le d\u00e9veloppement environnemental<\/li>\n<li>Administration de s\u00e9curit\u00e9 industrielle et s\u00e9curit\u00e9 professionnelle<\/li>\n<\/ul>\n<p><strong>Secr\u00e9taire de la facult\u00e9<\/strong><\/p>\n<ul>\n<li>D\u00e9partement des affaires des individus et des documents<\/li>\n<li>D\u00e9partement des affaires du secr\u00e9tariat du Conseil de l\u2019Universit\u00e9<\/li>\n<li>D\u00e9partement des affaires des finances<\/li>\n<li>D\u00e9partement des affaires des achats et entrep\u00f4ts<\/li>\n<li>D\u00e9partement de la restriction et de la conservation<\/li>\n<li>D\u00e9partement d&#8217;entretien<\/li>\n<li>D\u00e9partement des services g\u00e9n\u00e9raux<\/li>\n<\/ul>\n","protected":false},"excerpt":{"rendered":"<p>Structure organisationnelle Administrations: D&#8217;abord: Administrations qui sont directement li\u00e9s au doyen Doyen de la facult\u00e9 Bureau de doyen de la facult\u00e9 D\u00e9partements Scientifiques D\u00e9partements des investigations Unit\u00e9 de l&#8217;assurance de [&hellip;]<\/p>\n","protected":false},"author":2,"featured_media":0,"parent":0,"menu_order":0,"comment_status":"closed","ping_status":"closed","template":"","meta":{"footnotes":""},"class_list":["post-889","page","type-page","status-publish","hentry","post"],"_links":{"self":[{"href":"https:\/\/www.svu.edu.eg\/faculties\/pt\/wp-json\/wp\/v2\/pages\/889"}],"collection":[{"href":"https:\/\/www.svu.edu.eg\/faculties\/pt\/wp-json\/wp\/v2\/pages"}],"about":[{"href":"https:\/\/www.svu.edu.eg\/faculties\/pt\/wp-json\/wp\/v2\/types\/page"}],"author":[{"embeddable":true,"href":"https:\/\/www.svu.edu.eg\/faculties\/pt\/wp-json\/wp\/v2\/users\/2"}],"replies":[{"embeddable":true,"href":"https:\/\/www.svu.edu.eg\/faculties\/pt\/wp-json\/wp\/v2\/comments?post=889"}],"version-history":[{"count":1,"href":"https:\/\/www.svu.edu.eg\/faculties\/pt\/wp-json\/wp\/v2\/pages\/889\/revisions"}],"predecessor-version":[{"id":890,"href":"https:\/\/www.svu.edu.eg\/faculties\/pt\/wp-json\/wp\/v2\/pages\/889\/revisions\/890"}],"wp:attachment":[{"href":"https:\/\/www.svu.edu.eg\/faculties\/pt\/wp-json\/wp\/v2\/media?parent=889"}],"curies":[{"name":"wp","href":"https:\/\/api.w.org\/{rel}","templated":true}]}}