{"id":2160,"date":"2022-10-01T10:32:23","date_gmt":"2022-10-01T10:32:23","guid":{"rendered":"http:\/\/www.svu.edu.eg\/faculties\/pt\/?page_id=2160"},"modified":"2022-10-12T08:14:34","modified_gmt":"2022-10-12T08:14:34","slug":"secretaire-de-la-faculte","status":"publish","type":"page","link":"https:\/\/www.svu.edu.eg\/faculties\/pt\/fr\/secretaire-de-la-faculte\/","title":{"rendered":"Secr\u00e9taire de la facult\u00e9"},"content":{"rendered":"<p>Mme Eman Helmy Fares, secr\u00e9taire de la facult\u00e9<\/p>\n<p>T\u00e9l\u00e9phone: 01007466460<\/p>\n","protected":false},"excerpt":{"rendered":"<p>Mme Eman Helmy Fares, secr\u00e9taire de la facult\u00e9 T\u00e9l\u00e9phone: 01007466460<\/p>\n","protected":false},"author":2,"featured_media":0,"parent":0,"menu_order":0,"comment_status":"closed","ping_status":"closed","template":"","meta":{"footnotes":""},"class_list":["post-2160","page","type-page","status-publish","hentry","post"],"_links":{"self":[{"href":"https:\/\/www.svu.edu.eg\/faculties\/pt\/wp-json\/wp\/v2\/pages\/2160"}],"collection":[{"href":"https:\/\/www.svu.edu.eg\/faculties\/pt\/wp-json\/wp\/v2\/pages"}],"about":[{"href":"https:\/\/www.svu.edu.eg\/faculties\/pt\/wp-json\/wp\/v2\/types\/page"}],"author":[{"embeddable":true,"href":"https:\/\/www.svu.edu.eg\/faculties\/pt\/wp-json\/wp\/v2\/users\/2"}],"replies":[{"embeddable":true,"href":"https:\/\/www.svu.edu.eg\/faculties\/pt\/wp-json\/wp\/v2\/comments?post=2160"}],"version-history":[{"count":1,"href":"https:\/\/www.svu.edu.eg\/faculties\/pt\/wp-json\/wp\/v2\/pages\/2160\/revisions"}],"predecessor-version":[{"id":2161,"href":"https:\/\/www.svu.edu.eg\/faculties\/pt\/wp-json\/wp\/v2\/pages\/2160\/revisions\/2161"}],"wp:attachment":[{"href":"https:\/\/www.svu.edu.eg\/faculties\/pt\/wp-json\/wp\/v2\/media?parent=2160"}],"curies":[{"name":"wp","href":"https:\/\/api.w.org\/{rel}","templated":true}]}}