{"id":3853,"date":"2020-12-24T07:56:16","date_gmt":"2020-12-24T07:56:16","guid":{"rendered":"http:\/\/www.svu.edu.eg\/faculties\/phed\/?page_id=3853"},"modified":"2020-12-24T07:56:16","modified_gmt":"2020-12-24T07:56:16","slug":"secretaire-de-la-faculte","status":"publish","type":"page","link":"https:\/\/www.svu.edu.eg\/faculties\/phed\/fr\/secretaire-de-la-faculte\/","title":{"rendered":"Secr\u00e9taire de la facult\u00e9"},"content":{"rendered":"<p style=\"text-align: center;\"><span style=\"font-size: 14pt;\"><strong>Secr\u00e9taire de la facult\u00e9<\/strong><\/span><\/p>\n<p><img decoding=\"async\" class=\"aligncenter\" src=\"http:\/\/www.svu.edu.eg\/faculties\/phed\/wp-content\/uploads\/2020\/02\/%D8%B9%D8%A7%D8%B7%D9%81-229x300.jpg\" \/><\/p>\n<ol start=\"1994\">\n<li style=\"text-align: center;\"><span style=\"font-size: 14pt;\"><strong>Atef Rashad Ahmed<br \/>\n(directeur g\u00e9n\u00e9ral)<br \/>\nLicence d&#8217;\u00e9ducation physique<br \/>\nDate de la nomination\u00a0: 26-7-1994.<\/strong><\/span><\/li>\n<\/ol>\n","protected":false},"excerpt":{"rendered":"<p>Secr\u00e9taire de la facult\u00e9 Atef Rashad Ahmed (directeur g\u00e9n\u00e9ral) Licence d&#8217;\u00e9ducation physique Date de la nomination\u00a0: 26-7-1994.<\/p>\n","protected":false},"author":2,"featured_media":0,"parent":0,"menu_order":0,"comment_status":"closed","ping_status":"closed","template":"","meta":{"_monsterinsights_skip_tracking":false,"_monsterinsights_sitenote_active":false,"_monsterinsights_sitenote_note":"","_monsterinsights_sitenote_category":0},"_links":{"self":[{"href":"https:\/\/www.svu.edu.eg\/faculties\/phed\/wp-json\/wp\/v2\/pages\/3853"}],"collection":[{"href":"https:\/\/www.svu.edu.eg\/faculties\/phed\/wp-json\/wp\/v2\/pages"}],"about":[{"href":"https:\/\/www.svu.edu.eg\/faculties\/phed\/wp-json\/wp\/v2\/types\/page"}],"author":[{"embeddable":true,"href":"https:\/\/www.svu.edu.eg\/faculties\/phed\/wp-json\/wp\/v2\/users\/2"}],"replies":[{"embeddable":true,"href":"https:\/\/www.svu.edu.eg\/faculties\/phed\/wp-json\/wp\/v2\/comments?post=3853"}],"version-history":[{"count":1,"href":"https:\/\/www.svu.edu.eg\/faculties\/phed\/wp-json\/wp\/v2\/pages\/3853\/revisions"}],"predecessor-version":[{"id":3854,"href":"https:\/\/www.svu.edu.eg\/faculties\/phed\/wp-json\/wp\/v2\/pages\/3853\/revisions\/3854"}],"wp:attachment":[{"href":"https:\/\/www.svu.edu.eg\/faculties\/phed\/wp-json\/wp\/v2\/media?parent=3853"}],"curies":[{"name":"wp","href":"https:\/\/api.w.org\/{rel}","templated":true}]}}