{"id":3466,"date":"2020-12-24T08:37:43","date_gmt":"2020-12-24T08:37:43","guid":{"rendered":"http:\/\/www.svu.edu.eg\/faculties\/nurs\/?page_id=3466"},"modified":"2020-12-24T08:37:50","modified_gmt":"2020-12-24T08:37:50","slug":"soutien-aux-etudiants","status":"publish","type":"page","link":"https:\/\/www.svu.edu.eg\/faculties\/nurs\/fr\/soutien-aux-etudiants\/","title":{"rendered":"Soutien aux \u00e9tudiants"},"content":{"rendered":"<p><strong>\u00e0 propos<\/strong><\/p>\n<p><strong> L\u2019Unit\u00e9 de soutien aux \u00e9tudiants a \u00e9t\u00e9 \u00e9tablie \u00e0 la Facult\u00e9 des sciences infirmi\u00e8res&nbsp; de l\u2019Universit\u00e9 au sud de la vall\u00e9e 28\/2\/2019&nbsp;<\/strong><\/p>\n","protected":false},"excerpt":{"rendered":"<p>\u00e0 propos L\u2019Unit\u00e9 de soutien aux \u00e9tudiants a \u00e9t\u00e9 \u00e9tablie \u00e0 la Facult\u00e9 des sciences infirmi\u00e8res&nbsp; de l\u2019Universit\u00e9 au sud de la vall\u00e9e 28\/2\/2019&nbsp;<\/p>\n","protected":false},"author":2,"featured_media":0,"parent":0,"menu_order":0,"comment_status":"closed","ping_status":"closed","template":"","meta":{"_monsterinsights_skip_tracking":false,"_monsterinsights_sitenote_active":false,"_monsterinsights_sitenote_note":"","_monsterinsights_sitenote_category":0},"_links":{"self":[{"href":"https:\/\/www.svu.edu.eg\/faculties\/nurs\/wp-json\/wp\/v2\/pages\/3466"}],"collection":[{"href":"https:\/\/www.svu.edu.eg\/faculties\/nurs\/wp-json\/wp\/v2\/pages"}],"about":[{"href":"https:\/\/www.svu.edu.eg\/faculties\/nurs\/wp-json\/wp\/v2\/types\/page"}],"author":[{"embeddable":true,"href":"https:\/\/www.svu.edu.eg\/faculties\/nurs\/wp-json\/wp\/v2\/users\/2"}],"replies":[{"embeddable":true,"href":"https:\/\/www.svu.edu.eg\/faculties\/nurs\/wp-json\/wp\/v2\/comments?post=3466"}],"version-history":[{"count":2,"href":"https:\/\/www.svu.edu.eg\/faculties\/nurs\/wp-json\/wp\/v2\/pages\/3466\/revisions"}],"predecessor-version":[{"id":3468,"href":"https:\/\/www.svu.edu.eg\/faculties\/nurs\/wp-json\/wp\/v2\/pages\/3466\/revisions\/3468"}],"wp:attachment":[{"href":"https:\/\/www.svu.edu.eg\/faculties\/nurs\/wp-json\/wp\/v2\/media?parent=3466"}],"curies":[{"name":"wp","href":"https:\/\/api.w.org\/{rel}","templated":true}]}}