{"id":3416,"date":"2020-12-23T10:18:04","date_gmt":"2020-12-23T10:18:04","guid":{"rendered":"http:\/\/www.svu.edu.eg\/faculties\/nurs\/?page_id=3416"},"modified":"2020-12-23T10:18:04","modified_gmt":"2020-12-23T10:18:04","slug":"nous-contacter","status":"publish","type":"page","link":"https:\/\/www.svu.edu.eg\/faculties\/nurs\/fr\/nous-contacter\/","title":{"rendered":"Nous contacter"},"content":{"rendered":"<p style=\"text-align: center;\">Coordonn\u00e9es de la facult\u00e9<\/p>\n<p style=\"text-align: center;\">T\u00e9l\u00e9phone et t\u00e9l\u00e9copieur Bureau du doyen<\/p>\n<p style=\"text-align: center;\">0965228941 ( 002 )<\/p>\n<p style=\"text-align: center;\">0965228941 ( 002 )<\/p>\n<p style=\"text-align: center;\">Adresse postale<\/p>\n<p style=\"text-align: center;\">Universit\u00e9 du sud de la vall\u00e9e &#8211; Facult\u00e9 des sciences infirmi\u00e8res \u00e0 Qena &#8211; (83523<\/p>\n<p style=\"text-align: center;\">E-mail de le bureau du doyen<\/p>\n","protected":false},"excerpt":{"rendered":"<p>Coordonn\u00e9es de la facult\u00e9 T\u00e9l\u00e9phone et t\u00e9l\u00e9copieur Bureau du doyen 0965228941 ( 002 ) 0965228941 ( 002 ) Adresse postale Universit\u00e9 du sud de la vall\u00e9e &#8211; Facult\u00e9 des sciences [&hellip;]<\/p>\n","protected":false},"author":2,"featured_media":0,"parent":0,"menu_order":0,"comment_status":"closed","ping_status":"closed","template":"","meta":{"_monsterinsights_skip_tracking":false,"_monsterinsights_sitenote_active":false,"_monsterinsights_sitenote_note":"","_monsterinsights_sitenote_category":0},"_links":{"self":[{"href":"https:\/\/www.svu.edu.eg\/faculties\/nurs\/wp-json\/wp\/v2\/pages\/3416"}],"collection":[{"href":"https:\/\/www.svu.edu.eg\/faculties\/nurs\/wp-json\/wp\/v2\/pages"}],"about":[{"href":"https:\/\/www.svu.edu.eg\/faculties\/nurs\/wp-json\/wp\/v2\/types\/page"}],"author":[{"embeddable":true,"href":"https:\/\/www.svu.edu.eg\/faculties\/nurs\/wp-json\/wp\/v2\/users\/2"}],"replies":[{"embeddable":true,"href":"https:\/\/www.svu.edu.eg\/faculties\/nurs\/wp-json\/wp\/v2\/comments?post=3416"}],"version-history":[{"count":1,"href":"https:\/\/www.svu.edu.eg\/faculties\/nurs\/wp-json\/wp\/v2\/pages\/3416\/revisions"}],"predecessor-version":[{"id":3417,"href":"https:\/\/www.svu.edu.eg\/faculties\/nurs\/wp-json\/wp\/v2\/pages\/3416\/revisions\/3417"}],"wp:attachment":[{"href":"https:\/\/www.svu.edu.eg\/faculties\/nurs\/wp-json\/wp\/v2\/media?parent=3416"}],"curies":[{"name":"wp","href":"https:\/\/api.w.org\/{rel}","templated":true}]}}