{"id":3394,"date":"2020-12-23T09:34:36","date_gmt":"2020-12-23T09:34:36","guid":{"rendered":"http:\/\/www.svu.edu.eg\/faculties\/nurs\/?page_id=3394"},"modified":"2020-12-23T09:34:41","modified_gmt":"2020-12-23T09:34:41","slug":"a-propos","status":"publish","type":"page","link":"https:\/\/www.svu.edu.eg\/faculties\/nurs\/fr\/a-propos\/","title":{"rendered":"\u00e0 propos"},"content":{"rendered":"<p>Le d\u00e9cret r\u00e9publicain 267 a \u00e9t\u00e9 publi\u00e9 le 20\/7\/2007 approuvant la cr\u00e9ation d\u2019un coll\u00e8ge de soins infirmiers \u00e0 son universit\u00e9 au sud de la vall\u00e9e de \u00e0 Qena, et le Conseil supr\u00eame des universit\u00e9s \u00e0 sa 447e r\u00e9union le 28\/8\/2006, approuv\u00e9 le d\u00e9but de l\u2019\u00e9tude \u00e0 l\u2019\u00e9cole d\u2019infirmi\u00e8res de \u00e0 Qena \u00e0 partir de l\u2019ann\u00e9e scolaire 2007\/2008 .<\/p>\n<p>Pr\u00e9parer les dipl\u00f4m\u00e9s qui sont en mesure de fournir un service pr\u00e9ventif, curatif et de r\u00e9adaptation qui correspond aux niveaux internationaux dans tous les d\u00e9partements de soins infirmiers pour r\u00e9pondre aux besoins de la sant\u00e9, de l\u2019individu, de la famille et de la soci\u00e9t\u00e9, et d\u2019utiliser les m\u00e9thodes scientifiques universelles et tous les d\u00e9veloppements scientifiques, ainsi que les applications des sciences humaines dans tous les domaines des soins infirmiers, de l\u2019\u00e9ducation et de la recherche, Le d\u00e9veloppement continu de toutes les classes d\u2019infirmi\u00e8res dans la vall\u00e9e du sud et de leur exp\u00e9rience.<\/p>\n<p><strong>La vision &nbsp;&nbsp;&nbsp;&nbsp;&nbsp;&nbsp;&nbsp;&nbsp;&nbsp;&nbsp;&nbsp;&nbsp;&nbsp;&nbsp;&nbsp;&nbsp;&nbsp;&nbsp;&nbsp;&nbsp;&nbsp;&nbsp;&nbsp;&nbsp;&nbsp;&nbsp;&nbsp;&nbsp;&nbsp;&nbsp;&nbsp;&nbsp;&nbsp;&nbsp;&nbsp;&nbsp;&nbsp;&nbsp;&nbsp;&nbsp;&nbsp;&nbsp;&nbsp;&nbsp;&nbsp;&nbsp;&nbsp;&nbsp;&nbsp;&nbsp;&nbsp;&nbsp;&nbsp;&nbsp;&nbsp;&nbsp;&nbsp;&nbsp;&nbsp;&nbsp;&nbsp;&nbsp;&nbsp;&nbsp;&nbsp;&nbsp;&nbsp;&nbsp;&nbsp;&nbsp;&nbsp;&nbsp;&nbsp;&nbsp;&nbsp;&nbsp;&nbsp;&nbsp;&nbsp;&nbsp;&nbsp;&nbsp;&nbsp;&nbsp;<\/strong><\/p>\n<p>\u00catre un centre d\u2019excellence en \u00e9ducation infirmi\u00e8re et en recherche scientifique avanc\u00e9e dans la prestation de services de sant\u00e9 de qualit\u00e9 .<\/p>\n<p><strong>La mission&nbsp;&nbsp;&nbsp; &nbsp;&nbsp;&nbsp;&nbsp;&nbsp;&nbsp;&nbsp;&nbsp;&nbsp;&nbsp;&nbsp;&nbsp;&nbsp;&nbsp;&nbsp;&nbsp;&nbsp;&nbsp;&nbsp;&nbsp;&nbsp;&nbsp;&nbsp;&nbsp;&nbsp;&nbsp;&nbsp;&nbsp;&nbsp;&nbsp;&nbsp;&nbsp;&nbsp;&nbsp;&nbsp;&nbsp;&nbsp;&nbsp;&nbsp;&nbsp;&nbsp;&nbsp;&nbsp;&nbsp;&nbsp;&nbsp;&nbsp;&nbsp;&nbsp;&nbsp;&nbsp;&nbsp;&nbsp;&nbsp;&nbsp;&nbsp;&nbsp;&nbsp;&nbsp;&nbsp;&nbsp;&nbsp;&nbsp;&nbsp;&nbsp;&nbsp;&nbsp;&nbsp;&nbsp;&nbsp;&nbsp;&nbsp;&nbsp;&nbsp;&nbsp;&nbsp;&nbsp;&nbsp;&nbsp;<\/strong><\/p>\n<p>La facult\u00e9 d&#8217;infirmi\u00e8re de l\u2019Universit\u00e9 au sud de la vall\u00e9e vise \u00e0 pr\u00e9parer des dipl\u00f4m\u00e9s exceptionnels au niveau local et \u00e0 fournir des recherches pratiques et des services communautaires. . .des services fond\u00e9s qui contribuent au d\u00e9veloppement durable par le d\u00e9veloppement continu des programmes et des capacit\u00e9s du Coll\u00e8ge et l\u2019\u00e9tablissement de partenariats strat\u00e9giques efficaces .<\/p>\n","protected":false},"excerpt":{"rendered":"<p>Le d\u00e9cret r\u00e9publicain 267 a \u00e9t\u00e9 publi\u00e9 le 20\/7\/2007 approuvant la cr\u00e9ation d\u2019un coll\u00e8ge de soins infirmiers \u00e0 son universit\u00e9 au sud de la vall\u00e9e de \u00e0 Qena, et le [&hellip;]<\/p>\n","protected":false},"author":2,"featured_media":0,"parent":0,"menu_order":0,"comment_status":"closed","ping_status":"closed","template":"","meta":{"_monsterinsights_skip_tracking":false,"_monsterinsights_sitenote_active":false,"_monsterinsights_sitenote_note":"","_monsterinsights_sitenote_category":0},"_links":{"self":[{"href":"https:\/\/www.svu.edu.eg\/faculties\/nurs\/wp-json\/wp\/v2\/pages\/3394"}],"collection":[{"href":"https:\/\/www.svu.edu.eg\/faculties\/nurs\/wp-json\/wp\/v2\/pages"}],"about":[{"href":"https:\/\/www.svu.edu.eg\/faculties\/nurs\/wp-json\/wp\/v2\/types\/page"}],"author":[{"embeddable":true,"href":"https:\/\/www.svu.edu.eg\/faculties\/nurs\/wp-json\/wp\/v2\/users\/2"}],"replies":[{"embeddable":true,"href":"https:\/\/www.svu.edu.eg\/faculties\/nurs\/wp-json\/wp\/v2\/comments?post=3394"}],"version-history":[{"count":2,"href":"https:\/\/www.svu.edu.eg\/faculties\/nurs\/wp-json\/wp\/v2\/pages\/3394\/revisions"}],"predecessor-version":[{"id":3396,"href":"https:\/\/www.svu.edu.eg\/faculties\/nurs\/wp-json\/wp\/v2\/pages\/3394\/revisions\/3396"}],"wp:attachment":[{"href":"https:\/\/www.svu.edu.eg\/faculties\/nurs\/wp-json\/wp\/v2\/media?parent=3394"}],"curies":[{"name":"wp","href":"https:\/\/api.w.org\/{rel}","templated":true}]}}