{"id":9019,"date":"2022-02-15T09:43:15","date_gmt":"2022-02-15T07:43:15","guid":{"rendered":"http:\/\/www.svu.edu.eg\/faculties\/med\/?page_id=9019"},"modified":"2022-02-15T09:43:25","modified_gmt":"2022-02-15T07:43:25","slug":"creation-de-la-planification-strategique","status":"publish","type":"page","link":"https:\/\/www.svu.edu.eg\/faculties\/med\/fr\/planification-strategique\/creation-de-la-planification-strategique\/","title":{"rendered":"Cr\u00e9ation de la planification strat\u00e9gique"},"content":{"rendered":"<p><strong><em>Cr\u00e9ation de la planification strat\u00e9gique<\/em><\/strong><\/p>\n<p><img decoding=\"async\" src=\"http:\/\/www.svu.edu.eg\/faculties\/med\/wp-content\/uploads\/2020\/10\/%D8%A7%D9%86%D8%B4%D8%A7%D8%A1-300x241.jpg\"><\/p>\n","protected":false},"excerpt":{"rendered":"<p>Cr\u00e9ation de la planification strat\u00e9gique<\/p>\n","protected":false},"author":2,"featured_media":0,"parent":9013,"menu_order":0,"comment_status":"closed","ping_status":"closed","template":"","meta":{"_monsterinsights_skip_tracking":false,"_monsterinsights_sitenote_active":false,"_monsterinsights_sitenote_note":"","_monsterinsights_sitenote_category":0},"_links":{"self":[{"href":"https:\/\/www.svu.edu.eg\/faculties\/med\/wp-json\/wp\/v2\/pages\/9019"}],"collection":[{"href":"https:\/\/www.svu.edu.eg\/faculties\/med\/wp-json\/wp\/v2\/pages"}],"about":[{"href":"https:\/\/www.svu.edu.eg\/faculties\/med\/wp-json\/wp\/v2\/types\/page"}],"author":[{"embeddable":true,"href":"https:\/\/www.svu.edu.eg\/faculties\/med\/wp-json\/wp\/v2\/users\/2"}],"replies":[{"embeddable":true,"href":"https:\/\/www.svu.edu.eg\/faculties\/med\/wp-json\/wp\/v2\/comments?post=9019"}],"version-history":[{"count":2,"href":"https:\/\/www.svu.edu.eg\/faculties\/med\/wp-json\/wp\/v2\/pages\/9019\/revisions"}],"predecessor-version":[{"id":9021,"href":"https:\/\/www.svu.edu.eg\/faculties\/med\/wp-json\/wp\/v2\/pages\/9019\/revisions\/9021"}],"up":[{"embeddable":true,"href":"https:\/\/www.svu.edu.eg\/faculties\/med\/wp-json\/wp\/v2\/pages\/9013"}],"wp:attachment":[{"href":"https:\/\/www.svu.edu.eg\/faculties\/med\/wp-json\/wp\/v2\/media?parent=9019"}],"curies":[{"name":"wp","href":"https:\/\/api.w.org\/{rel}","templated":true}]}}