{"id":8955,"date":"2022-02-13T10:06:53","date_gmt":"2022-02-13T08:06:53","guid":{"rendered":"http:\/\/www.svu.edu.eg\/faculties\/med\/?page_id=8955"},"modified":"2022-02-14T09:42:20","modified_gmt":"2022-02-14T07:42:20","slug":"activites-de-lunite","status":"publish","type":"page","link":"https:\/\/www.svu.edu.eg\/faculties\/med\/fr\/mesure-et-evaluation\/activites-de-lunite\/","title":{"rendered":"Activit\u00e9s de l&#8217;unit\u00e9"},"content":{"rendered":"<p><em><strong> Activit\u00e9s de l&#8217;unit\u00e9<\/strong><\/em><\/p>\n<h6><em>Conception de mod\u00e8le Babel Chit.<\/em><br \/>\n<em>Correction des examens \u00e9lectroniques.<\/em><br \/>\n<em>Sensibiliser les \u00e9tudiants aux instructions pour les examens \u00e9lectroniques.<\/em><br \/>\n<em>Diffuser la culture du d\u00e9veloppement des syst\u00e8mes et de l&#8217;\u00e9valuation des \u00e9tudiants.<\/em><\/h6>\n","protected":false},"excerpt":{"rendered":"<p>Activit\u00e9s de l&#8217;unit\u00e9 Conception de mod\u00e8le Babel Chit. Correction des examens \u00e9lectroniques. Sensibiliser les \u00e9tudiants aux instructions pour les examens [&hellip;]<\/p>\n","protected":false},"author":2,"featured_media":0,"parent":8946,"menu_order":0,"comment_status":"closed","ping_status":"closed","template":"","meta":{"_monsterinsights_skip_tracking":false,"_monsterinsights_sitenote_active":false,"_monsterinsights_sitenote_note":"","_monsterinsights_sitenote_category":0},"_links":{"self":[{"href":"https:\/\/www.svu.edu.eg\/faculties\/med\/wp-json\/wp\/v2\/pages\/8955"}],"collection":[{"href":"https:\/\/www.svu.edu.eg\/faculties\/med\/wp-json\/wp\/v2\/pages"}],"about":[{"href":"https:\/\/www.svu.edu.eg\/faculties\/med\/wp-json\/wp\/v2\/types\/page"}],"author":[{"embeddable":true,"href":"https:\/\/www.svu.edu.eg\/faculties\/med\/wp-json\/wp\/v2\/users\/2"}],"replies":[{"embeddable":true,"href":"https:\/\/www.svu.edu.eg\/faculties\/med\/wp-json\/wp\/v2\/comments?post=8955"}],"version-history":[{"count":2,"href":"https:\/\/www.svu.edu.eg\/faculties\/med\/wp-json\/wp\/v2\/pages\/8955\/revisions"}],"predecessor-version":[{"id":9009,"href":"https:\/\/www.svu.edu.eg\/faculties\/med\/wp-json\/wp\/v2\/pages\/8955\/revisions\/9009"}],"up":[{"embeddable":true,"href":"https:\/\/www.svu.edu.eg\/faculties\/med\/wp-json\/wp\/v2\/pages\/8946"}],"wp:attachment":[{"href":"https:\/\/www.svu.edu.eg\/faculties\/med\/wp-json\/wp\/v2\/media?parent=8955"}],"curies":[{"name":"wp","href":"https:\/\/api.w.org\/{rel}","templated":true}]}}