{"id":8946,"date":"2022-02-13T09:41:59","date_gmt":"2022-02-13T07:41:59","guid":{"rendered":"http:\/\/www.svu.edu.eg\/faculties\/med\/?page_id=8946"},"modified":"2022-02-14T09:42:51","modified_gmt":"2022-02-14T07:42:51","slug":"mesure-et-evaluation","status":"publish","type":"page","link":"https:\/\/www.svu.edu.eg\/faculties\/med\/fr\/mesure-et-evaluation\/","title":{"rendered":"Mesure et \u00e9valuation"},"content":{"rendered":"<h6><em>Mesure et \u00e9valuation<\/em><\/h6>\n<h6><strong><em>Mot du directeur d&#8217;unit\u00e9<\/em><\/strong><\/h6>\n<p><img decoding=\"async\" class=\"aligncenter\" src=\"http:\/\/www.svu.edu.eg\/faculties\/med\/wp-content\/uploads\/2020\/03\/Untitled.png\" \/><\/p>\n<h6 style=\"text-align: center;\"><strong><em>Dr. Shaima Makki Basri<\/em><\/strong><\/h6>\n<h6><em>L&#8217;unit\u00e9 cherche \u00e0 d\u00e9velopper des syst\u00e8mes d&#8217;\u00e9valuation des \u00e9tudiants, des syst\u00e8mes et des m\u00e9thodes d&#8217;examen, \u00e0 concevoir et \u00e0 pr\u00e9parer des examens \u00e9lectroniques, et \u00e9galement \u00e0 fournir des services de correction \u00e9lectronique, en plus de concevoir et de cr\u00e9er des questions pour les programmes \u00e9ducatifs de facult\u00e9.<\/em><\/h6>\n","protected":false},"excerpt":{"rendered":"<p>Mesure et \u00e9valuation Mot du directeur d&#8217;unit\u00e9 Dr. Shaima Makki Basri L&#8217;unit\u00e9 cherche \u00e0 d\u00e9velopper des syst\u00e8mes d&#8217;\u00e9valuation des \u00e9tudiants, [&hellip;]<\/p>\n","protected":false},"author":2,"featured_media":0,"parent":0,"menu_order":0,"comment_status":"closed","ping_status":"closed","template":"","meta":{"_monsterinsights_skip_tracking":false,"_monsterinsights_sitenote_active":false,"_monsterinsights_sitenote_note":"","_monsterinsights_sitenote_category":0},"_links":{"self":[{"href":"https:\/\/www.svu.edu.eg\/faculties\/med\/wp-json\/wp\/v2\/pages\/8946"}],"collection":[{"href":"https:\/\/www.svu.edu.eg\/faculties\/med\/wp-json\/wp\/v2\/pages"}],"about":[{"href":"https:\/\/www.svu.edu.eg\/faculties\/med\/wp-json\/wp\/v2\/types\/page"}],"author":[{"embeddable":true,"href":"https:\/\/www.svu.edu.eg\/faculties\/med\/wp-json\/wp\/v2\/users\/2"}],"replies":[{"embeddable":true,"href":"https:\/\/www.svu.edu.eg\/faculties\/med\/wp-json\/wp\/v2\/comments?post=8946"}],"version-history":[{"count":3,"href":"https:\/\/www.svu.edu.eg\/faculties\/med\/wp-json\/wp\/v2\/pages\/8946\/revisions"}],"predecessor-version":[{"id":9010,"href":"https:\/\/www.svu.edu.eg\/faculties\/med\/wp-json\/wp\/v2\/pages\/8946\/revisions\/9010"}],"wp:attachment":[{"href":"https:\/\/www.svu.edu.eg\/faculties\/med\/wp-json\/wp\/v2\/media?parent=8946"}],"curies":[{"name":"wp","href":"https:\/\/api.w.org\/{rel}","templated":true}]}}