{"id":8935,"date":"2022-02-13T09:20:58","date_gmt":"2022-02-13T07:20:58","guid":{"rendered":"http:\/\/www.svu.edu.eg\/faculties\/med\/?page_id=8935"},"modified":"2022-02-13T12:07:25","modified_gmt":"2022-02-13T10:07:25","slug":"reglement-de-leducation-medicale","status":"publish","type":"page","link":"https:\/\/www.svu.edu.eg\/faculties\/med\/fr\/leducation-medicale\/reglement-de-leducation-medicale\/","title":{"rendered":"R\u00e8glement de l&#8217;\u00e9ducation m\u00e9dicale"},"content":{"rendered":"<h5><a href=\"http:\/\/www.svu.edu.eg\/faculties\/med\/wp-content\/uploads\/2020\/01\/%D9%84%D8%A7%D8%A6%D8%AD%D9%87-%D8%A7%D9%84%D8%AA%D8%B9%D9%84%D9%8A%D9%85-%D8%A7%D9%84%D8%B7%D8%A8%D9%8A-%D8%A7%D9%84%D9%85%D8%B3%D8%AA%D9%85%D8%B1-%D8%A8%D8%B9%D8%AF-%D8%A7%D9%84%D8%AA%D8%AF%D9%88%D9%8A%D8%B1.pdf\"><em><strong>R\u00e8glement de l&#8217;\u00e9ducation m\u00e9dicale<\/strong><\/em><\/a><\/h5>\n","protected":false},"excerpt":{"rendered":"<p>R\u00e8glement de l&#8217;\u00e9ducation m\u00e9dicale<\/p>\n","protected":false},"author":2,"featured_media":0,"parent":8920,"menu_order":0,"comment_status":"closed","ping_status":"closed","template":"","meta":{"_monsterinsights_skip_tracking":false,"_monsterinsights_sitenote_active":false,"_monsterinsights_sitenote_note":"","_monsterinsights_sitenote_category":0},"_links":{"self":[{"href":"https:\/\/www.svu.edu.eg\/faculties\/med\/wp-json\/wp\/v2\/pages\/8935"}],"collection":[{"href":"https:\/\/www.svu.edu.eg\/faculties\/med\/wp-json\/wp\/v2\/pages"}],"about":[{"href":"https:\/\/www.svu.edu.eg\/faculties\/med\/wp-json\/wp\/v2\/types\/page"}],"author":[{"embeddable":true,"href":"https:\/\/www.svu.edu.eg\/faculties\/med\/wp-json\/wp\/v2\/users\/2"}],"replies":[{"embeddable":true,"href":"https:\/\/www.svu.edu.eg\/faculties\/med\/wp-json\/wp\/v2\/comments?post=8935"}],"version-history":[{"count":2,"href":"https:\/\/www.svu.edu.eg\/faculties\/med\/wp-json\/wp\/v2\/pages\/8935\/revisions"}],"predecessor-version":[{"id":8995,"href":"https:\/\/www.svu.edu.eg\/faculties\/med\/wp-json\/wp\/v2\/pages\/8935\/revisions\/8995"}],"up":[{"embeddable":true,"href":"https:\/\/www.svu.edu.eg\/faculties\/med\/wp-json\/wp\/v2\/pages\/8920"}],"wp:attachment":[{"href":"https:\/\/www.svu.edu.eg\/faculties\/med\/wp-json\/wp\/v2\/media?parent=8935"}],"curies":[{"name":"wp","href":"https:\/\/api.w.org\/{rel}","templated":true}]}}