{"id":8931,"date":"2022-02-13T09:08:49","date_gmt":"2022-02-13T07:08:49","guid":{"rendered":"http:\/\/www.svu.edu.eg\/faculties\/med\/?page_id=8931"},"modified":"2022-02-14T09:25:00","modified_gmt":"2022-02-14T07:25:00","slug":"objectifs-de-leducation-medicale","status":"publish","type":"page","link":"https:\/\/www.svu.edu.eg\/faculties\/med\/fr\/leducation-medicale\/objectifs-de-leducation-medicale\/","title":{"rendered":"Objectifs de l\u2019\u00e9ducation m\u00e9dicale"},"content":{"rendered":"<h5>&#8211;<strong><em>D\u00e9velopper la capacit\u00e9 du personnel enseignant \u00e0 actualiser les m\u00e9thodes d\u2019enseignement et les examens et \u00e0 \u00e9valuer les performances de leurs d\u00e9partements.<\/em><\/strong><br \/>\n<strong><em>-Cours de formation pour am\u00e9liorer la comp\u00e9tence pratique et professionnelle des \u00e9tudiants.<\/em><\/strong><br \/>\n<strong><em>-Pr\u00e9paration et travail des autoformations de la Facult\u00e9 de m\u00e9decine, pr\u00e9sentation des \u00e9tudes et exp\u00e9riences au Conseil de la Facult\u00e9 et au Conseil d\u2019administration des h\u00f4pitaux dans le domaine de l\u2019\u00e9ducation et de la formation et contribution d\u2019opinion aux conseils \u00e9manant d\u2019eux.<\/em><\/strong><br \/>\n<strong><em>-La coop\u00e9ration avec les d\u00e9partements de la formation m\u00e9dicale et de l\u2019\u00e9ducation du minist\u00e8re de la Sant\u00e9 pour fournir des services d\u2019\u00e9ducation et de formation aux m\u00e9decins du minist\u00e8re de la Sant\u00e9, le secteur priv\u00e9 et l\u2019assurance maladie dans les domaines de la formation m\u00e9dicale continue au plus haut niveau.<\/em><\/strong><br \/>\n<strong><em>-Coop\u00e9rer avec les centres pour le d\u00e9veloppement de l\u2019enseignement m\u00e9dical en Egypte et \u00e0 l\u2019\u00e9tranger pour organiser des conf\u00e9rences, des ateliers et des s\u00e9minaires et publier des p\u00e9riodiques d\u2019\u00e9ducation et de formation. \u00c9change d\u2019exp\u00e9riences avec tous les pays du monde pour soutenir le syst\u00e8me de travail dans le d\u00e9veloppement de l\u2019\u00e9ducation et de la formation m\u00e9dicales.<\/em><\/strong><br \/>\n<strong><em>-Participation \u00e0 l\u2019organisation de conf\u00e9rences, s\u00e9minaires et s\u00e9minaires dans le domaine de l\u2019\u00e9ducation m\u00e9dicale et de ses diverses disciplines dans le domaine de la sant\u00e9 et des sciences m\u00e9dicales.<\/em><\/strong><\/h5>\n","protected":false},"excerpt":{"rendered":"<p>&#8211;D\u00e9velopper la capacit\u00e9 du personnel enseignant \u00e0 actualiser les m\u00e9thodes d\u2019enseignement et les examens et \u00e0 \u00e9valuer les performances de [&hellip;]<\/p>\n","protected":false},"author":2,"featured_media":0,"parent":8920,"menu_order":0,"comment_status":"closed","ping_status":"closed","template":"","meta":{"_monsterinsights_skip_tracking":false,"_monsterinsights_sitenote_active":false,"_monsterinsights_sitenote_note":"","_monsterinsights_sitenote_category":0},"_links":{"self":[{"href":"https:\/\/www.svu.edu.eg\/faculties\/med\/wp-json\/wp\/v2\/pages\/8931"}],"collection":[{"href":"https:\/\/www.svu.edu.eg\/faculties\/med\/wp-json\/wp\/v2\/pages"}],"about":[{"href":"https:\/\/www.svu.edu.eg\/faculties\/med\/wp-json\/wp\/v2\/types\/page"}],"author":[{"embeddable":true,"href":"https:\/\/www.svu.edu.eg\/faculties\/med\/wp-json\/wp\/v2\/users\/2"}],"replies":[{"embeddable":true,"href":"https:\/\/www.svu.edu.eg\/faculties\/med\/wp-json\/wp\/v2\/comments?post=8931"}],"version-history":[{"count":2,"href":"https:\/\/www.svu.edu.eg\/faculties\/med\/wp-json\/wp\/v2\/pages\/8931\/revisions"}],"predecessor-version":[{"id":9005,"href":"https:\/\/www.svu.edu.eg\/faculties\/med\/wp-json\/wp\/v2\/pages\/8931\/revisions\/9005"}],"up":[{"embeddable":true,"href":"https:\/\/www.svu.edu.eg\/faculties\/med\/wp-json\/wp\/v2\/pages\/8920"}],"wp:attachment":[{"href":"https:\/\/www.svu.edu.eg\/faculties\/med\/wp-json\/wp\/v2\/media?parent=8931"}],"curies":[{"name":"wp","href":"https:\/\/api.w.org\/{rel}","templated":true}]}}