{"id":8929,"date":"2022-02-13T09:03:19","date_gmt":"2022-02-13T07:03:19","guid":{"rendered":"http:\/\/www.svu.edu.eg\/faculties\/med\/?page_id=8929"},"modified":"2022-02-14T09:12:35","modified_gmt":"2022-02-14T07:12:35","slug":"mission-de-leducation-medicale","status":"publish","type":"page","link":"https:\/\/www.svu.edu.eg\/faculties\/med\/fr\/mission-de-leducation-medicale\/","title":{"rendered":"Mission de l\u2019\u00e9ducation m\u00e9dicale"},"content":{"rendered":"<h5><strong><em>Le centre consacre ses efforts \u00e0 offrir des opportunit\u00e9s d&#8217;\u00e9ducation distingu\u00e9es. Le centre d\u00e9veloppe constamment son syst\u00e8me \u00e9ducatif pour suivre le rythme des derniers centres dans le monde afin de se conformer aux normes requises pour la formation et l&#8217;\u00e9ducation aux niveaux national et mondial en \u00e9laborant des plans pour am\u00e9liorer et suivre le processus \u00e9ducatif pour assurer une performance fructueuse et distingu\u00e9e.<\/em><\/strong><\/h5>\n","protected":false},"excerpt":{"rendered":"<p>Le centre consacre ses efforts \u00e0 offrir des opportunit\u00e9s d&#8217;\u00e9ducation distingu\u00e9es. Le centre d\u00e9veloppe constamment son syst\u00e8me \u00e9ducatif pour suivre [&hellip;]<\/p>\n","protected":false},"author":2,"featured_media":0,"parent":0,"menu_order":0,"comment_status":"closed","ping_status":"closed","template":"","meta":{"_monsterinsights_skip_tracking":false,"_monsterinsights_sitenote_active":false,"_monsterinsights_sitenote_note":"","_monsterinsights_sitenote_category":0},"_links":{"self":[{"href":"https:\/\/www.svu.edu.eg\/faculties\/med\/wp-json\/wp\/v2\/pages\/8929"}],"collection":[{"href":"https:\/\/www.svu.edu.eg\/faculties\/med\/wp-json\/wp\/v2\/pages"}],"about":[{"href":"https:\/\/www.svu.edu.eg\/faculties\/med\/wp-json\/wp\/v2\/types\/page"}],"author":[{"embeddable":true,"href":"https:\/\/www.svu.edu.eg\/faculties\/med\/wp-json\/wp\/v2\/users\/2"}],"replies":[{"embeddable":true,"href":"https:\/\/www.svu.edu.eg\/faculties\/med\/wp-json\/wp\/v2\/comments?post=8929"}],"version-history":[{"count":3,"href":"https:\/\/www.svu.edu.eg\/faculties\/med\/wp-json\/wp\/v2\/pages\/8929\/revisions"}],"predecessor-version":[{"id":9003,"href":"https:\/\/www.svu.edu.eg\/faculties\/med\/wp-json\/wp\/v2\/pages\/8929\/revisions\/9003"}],"wp:attachment":[{"href":"https:\/\/www.svu.edu.eg\/faculties\/med\/wp-json\/wp\/v2\/media?parent=8929"}],"curies":[{"name":"wp","href":"https:\/\/api.w.org\/{rel}","templated":true}]}}