{"id":8927,"date":"2022-02-13T09:00:09","date_gmt":"2022-02-13T07:00:09","guid":{"rendered":"http:\/\/www.svu.edu.eg\/faculties\/med\/?page_id=8927"},"modified":"2022-02-14T09:27:34","modified_gmt":"2022-02-14T07:27:34","slug":"vision-de-leducation-medicale","status":"publish","type":"page","link":"https:\/\/www.svu.edu.eg\/faculties\/med\/fr\/vision-de-leducation-medicale\/","title":{"rendered":"Vision de l\u2019\u00e9ducation m\u00e9dicale"},"content":{"rendered":"<h5><strong><em>Devenir un centre pionnier et distingu\u00e9 au niveau local, r\u00e9gional et international.Apporter une contribution efficace \u00e0 l&#8217;\u00e9ducation m\u00e9dicale et \u00e0 la formation m\u00e9dicale continue \u00e0 l&#8217;Universit\u00e9.<\/em><\/strong><\/h5>\n","protected":false},"excerpt":{"rendered":"<p>Devenir un centre pionnier et distingu\u00e9 au niveau local, r\u00e9gional et international.Apporter une contribution efficace \u00e0 l&#8217;\u00e9ducation m\u00e9dicale et \u00e0 [&hellip;]<\/p>\n","protected":false},"author":2,"featured_media":0,"parent":0,"menu_order":0,"comment_status":"closed","ping_status":"closed","template":"","meta":{"_monsterinsights_skip_tracking":false,"_monsterinsights_sitenote_active":false,"_monsterinsights_sitenote_note":"","_monsterinsights_sitenote_category":0},"_links":{"self":[{"href":"https:\/\/www.svu.edu.eg\/faculties\/med\/wp-json\/wp\/v2\/pages\/8927"}],"collection":[{"href":"https:\/\/www.svu.edu.eg\/faculties\/med\/wp-json\/wp\/v2\/pages"}],"about":[{"href":"https:\/\/www.svu.edu.eg\/faculties\/med\/wp-json\/wp\/v2\/types\/page"}],"author":[{"embeddable":true,"href":"https:\/\/www.svu.edu.eg\/faculties\/med\/wp-json\/wp\/v2\/users\/2"}],"replies":[{"embeddable":true,"href":"https:\/\/www.svu.edu.eg\/faculties\/med\/wp-json\/wp\/v2\/comments?post=8927"}],"version-history":[{"count":3,"href":"https:\/\/www.svu.edu.eg\/faculties\/med\/wp-json\/wp\/v2\/pages\/8927\/revisions"}],"predecessor-version":[{"id":9000,"href":"https:\/\/www.svu.edu.eg\/faculties\/med\/wp-json\/wp\/v2\/pages\/8927\/revisions\/9000"}],"wp:attachment":[{"href":"https:\/\/www.svu.edu.eg\/faculties\/med\/wp-json\/wp\/v2\/media?parent=8927"}],"curies":[{"name":"wp","href":"https:\/\/api.w.org\/{rel}","templated":true}]}}