{"id":8903,"date":"2022-02-12T12:02:44","date_gmt":"2022-02-12T10:02:44","guid":{"rendered":"http:\/\/www.svu.edu.eg\/faculties\/med\/?page_id=8903"},"modified":"2022-02-13T11:54:33","modified_gmt":"2022-02-13T09:54:33","slug":"vision-it","status":"publish","type":"page","link":"https:\/\/www.svu.edu.eg\/faculties\/med\/fr\/les-services-electroniques\/vision-it\/","title":{"rendered":"Vision IT"},"content":{"rendered":"<h6><\/h6>\n<h5><strong><em><span class=\"ng-star-inserted\">La technologie de l\u2019information est l\u2019un des \u00e9l\u00e9ments cl\u00e9s pour renforcer les universit\u00e9s dans l\u2019accomplissement de leurs t\u00e2ches principales\u00a0: recherche, \u00e9ducation.\u00a0<\/span><span class=\"ng-star-inserted\">La vision efficace de l\u2019Unit\u00e9 des services \u00e9lectroniques doit refl\u00e9ter le concept selon lequel la technologie de l\u2019information n\u2019est pas une chose isol\u00e9e, mais un ensemble d\u2019outils qui facilitent l\u2019atteinte des objectifs par les universit\u00e9s.<\/span><\/em><\/strong><\/h5>\n","protected":false},"excerpt":{"rendered":"<p>La technologie de l\u2019information est l\u2019un des \u00e9l\u00e9ments cl\u00e9s pour renforcer les universit\u00e9s dans l\u2019accomplissement de leurs t\u00e2ches principales\u00a0: recherche, [&hellip;]<\/p>\n","protected":false},"author":2,"featured_media":0,"parent":8897,"menu_order":0,"comment_status":"closed","ping_status":"closed","template":"","meta":{"_monsterinsights_skip_tracking":false,"_monsterinsights_sitenote_active":false,"_monsterinsights_sitenote_note":"","_monsterinsights_sitenote_category":0},"_links":{"self":[{"href":"https:\/\/www.svu.edu.eg\/faculties\/med\/wp-json\/wp\/v2\/pages\/8903"}],"collection":[{"href":"https:\/\/www.svu.edu.eg\/faculties\/med\/wp-json\/wp\/v2\/pages"}],"about":[{"href":"https:\/\/www.svu.edu.eg\/faculties\/med\/wp-json\/wp\/v2\/types\/page"}],"author":[{"embeddable":true,"href":"https:\/\/www.svu.edu.eg\/faculties\/med\/wp-json\/wp\/v2\/users\/2"}],"replies":[{"embeddable":true,"href":"https:\/\/www.svu.edu.eg\/faculties\/med\/wp-json\/wp\/v2\/comments?post=8903"}],"version-history":[{"count":5,"href":"https:\/\/www.svu.edu.eg\/faculties\/med\/wp-json\/wp\/v2\/pages\/8903\/revisions"}],"predecessor-version":[{"id":8988,"href":"https:\/\/www.svu.edu.eg\/faculties\/med\/wp-json\/wp\/v2\/pages\/8903\/revisions\/8988"}],"up":[{"embeddable":true,"href":"https:\/\/www.svu.edu.eg\/faculties\/med\/wp-json\/wp\/v2\/pages\/8897"}],"wp:attachment":[{"href":"https:\/\/www.svu.edu.eg\/faculties\/med\/wp-json\/wp\/v2\/media?parent=8903"}],"curies":[{"name":"wp","href":"https:\/\/api.w.org\/{rel}","templated":true}]}}