{"id":8817,"date":"2022-02-08T11:20:08","date_gmt":"2022-02-08T09:20:08","guid":{"rendered":"http:\/\/www.svu.edu.eg\/faculties\/med\/?page_id=8817"},"modified":"2022-02-12T09:40:16","modified_gmt":"2022-02-12T07:40:16","slug":"la-vision-et-la-mission-de-lunite","status":"publish","type":"page","link":"https:\/\/www.svu.edu.eg\/faculties\/med\/fr\/assurance-de-la-qualite\/la-vision-et-la-mission-de-lunite\/","title":{"rendered":"La vision et la mission de l&#8217;unit\u00e9"},"content":{"rendered":"<p><strong><em>La vision<\/em><\/strong><\/p>\n<p><em>Performance exceptionnelle et accr\u00e9ditation acad\u00e9mique nationale et internationale.<\/em><\/p>\n<p><em><strong>la mission<\/strong><\/em><\/p>\n<p><em>L&#8217;unit\u00e9 travaille \u00e0 assurer la qualit\u00e9 de performance acad\u00e9mique et administrative par la diffusion d&#8217;une culture de la qualit\u00e9, la formation, l&#8217;am\u00e9lioration continue, le respect des normes et l&#8217;application des meilleures pratiques nationales et internationales.<\/em><\/p>\n<p><strong><em>*Les objectifs strat\u00e9giques de l&#8217;unit\u00e9 :-<\/em><\/strong><\/p>\n<p><em>1- Engagement envers les normes nationales pour la qualit\u00e9 de l&#8217;\u00e9ducation.<\/em><\/p>\n<p><em>2- Am\u00e9lioration continue \u00e0 la lumi\u00e8re de l&#8217;application des meilleures pratiques internationales.<\/em><\/p>\n<p><em>3- Assurer la qualit\u00e9 de performance administrative et de recherche et la participation communautaire.<\/em><\/p>\n<p><em>4- D\u00e9velopper les capacit\u00e9s des employ\u00e9s de la facult\u00e9 en ce qui concerne les syst\u00e8mes d&#8217;assurance qualit\u00e9 et d&#8217;accr\u00e9ditation.<\/em><\/p>\n<p><em>5- Qualification de la facult\u00e9 pour obtenir une accr\u00e9ditation acad\u00e9mique nationale et internationale.<\/em><\/p>\n","protected":false},"excerpt":{"rendered":"<p>La vision Performance exceptionnelle et accr\u00e9ditation acad\u00e9mique nationale et internationale. la mission L&#8217;unit\u00e9 travaille \u00e0 assurer la qualit\u00e9 de performance [&hellip;]<\/p>\n","protected":false},"author":2,"featured_media":0,"parent":6766,"menu_order":0,"comment_status":"closed","ping_status":"closed","template":"","meta":{"_monsterinsights_skip_tracking":false,"_monsterinsights_sitenote_active":false,"_monsterinsights_sitenote_note":"","_monsterinsights_sitenote_category":0},"_links":{"self":[{"href":"https:\/\/www.svu.edu.eg\/faculties\/med\/wp-json\/wp\/v2\/pages\/8817"}],"collection":[{"href":"https:\/\/www.svu.edu.eg\/faculties\/med\/wp-json\/wp\/v2\/pages"}],"about":[{"href":"https:\/\/www.svu.edu.eg\/faculties\/med\/wp-json\/wp\/v2\/types\/page"}],"author":[{"embeddable":true,"href":"https:\/\/www.svu.edu.eg\/faculties\/med\/wp-json\/wp\/v2\/users\/2"}],"replies":[{"embeddable":true,"href":"https:\/\/www.svu.edu.eg\/faculties\/med\/wp-json\/wp\/v2\/comments?post=8817"}],"version-history":[{"count":2,"href":"https:\/\/www.svu.edu.eg\/faculties\/med\/wp-json\/wp\/v2\/pages\/8817\/revisions"}],"predecessor-version":[{"id":8882,"href":"https:\/\/www.svu.edu.eg\/faculties\/med\/wp-json\/wp\/v2\/pages\/8817\/revisions\/8882"}],"up":[{"embeddable":true,"href":"https:\/\/www.svu.edu.eg\/faculties\/med\/wp-json\/wp\/v2\/pages\/6766"}],"wp:attachment":[{"href":"https:\/\/www.svu.edu.eg\/faculties\/med\/wp-json\/wp\/v2\/media?parent=8817"}],"curies":[{"name":"wp","href":"https:\/\/api.w.org\/{rel}","templated":true}]}}