{"id":8815,"date":"2022-02-08T11:18:36","date_gmt":"2022-02-08T09:18:36","guid":{"rendered":"http:\/\/www.svu.edu.eg\/faculties\/med\/?page_id=8815"},"modified":"2022-02-12T10:01:22","modified_gmt":"2022-02-12T08:01:22","slug":"mot-du-directeur","status":"publish","type":"page","link":"https:\/\/www.svu.edu.eg\/faculties\/med\/fr\/assurance-de-la-qualite\/mot-du-directeur\/","title":{"rendered":"Mot du directeur"},"content":{"rendered":"<p><img decoding=\"async\" loading=\"lazy\" class=\"aligncenter\" src=\"http:\/\/www.svu.edu.eg\/faculties\/med\/wp-content\/uploads\/2020\/02\/scan0003-224x300.jpg\" width=\"138\" height=\"185\" \/><\/p>\n<p style=\"text-align: center;\"><em><strong>Prof.Dr. Nizar Abd El -Raouf Abo Halawa<\/strong><\/em><\/p>\n<p style=\"text-align: center;\"><strong><em>Directeur d&#8217; unit\u00e9<\/em><\/strong><\/p>\n<p><em>Toutes les institutions s&#8217;orientent vers le renforcement du syst\u00e8me \u00e9ducatif \u00e9gyptien \u00e0 travers la vision 2030, l&#8217;un de ses principaux objectifs est la qualit\u00e9 de l&#8217;enseignement sup\u00e9rieur pour suivre le rythme des changements dans les syst\u00e8mes \u00e9ducatifs et l&#8217;attention \u00e0 tous les \u00e9l\u00e9ments du processus \u00e9ducatif, ce qui n\u00e9cessite de responsabiliser l&#8217;apprenant avec le exigences et comp\u00e9tences du XXIe si\u00e8cle et instaurant une culture d&#8217;auto-\u00e9ducation et la capacit\u00e9 d&#8217;innover, qui permet de former une g\u00e9n\u00e9ration capable de r\u00e9pondre aux exigences de la soci\u00e9t\u00e9 et de renforcer le syst\u00e8me de sant\u00e9 de notre pays. les programmes sont d\u00e9velopp\u00e9s et les m\u00e9thodes d&#8217;enseignement et d&#8217;apprentissage sont mises \u00e0 jour, et nous n&#8217;oublions pas le r\u00f4le d&#8217;un membre du syst\u00e8me d&#8217;enseignement et augmentons son efficacit\u00e9 pour pouvoir suivre le rythme des d\u00e9veloppements r\u00e9cents en \u00e9ducation et transf\u00e9rer son expertise \u00e0 la prochaine g\u00e9n\u00e9ration pour am\u00e9liorer le niveau dipl\u00f4m\u00e9.<\/em><\/p>\n","protected":false},"excerpt":{"rendered":"<p>Prof.Dr. Nizar Abd El -Raouf Abo Halawa Directeur d&#8217; unit\u00e9 Toutes les institutions s&#8217;orientent vers le renforcement du syst\u00e8me \u00e9ducatif [&hellip;]<\/p>\n","protected":false},"author":2,"featured_media":0,"parent":6766,"menu_order":0,"comment_status":"closed","ping_status":"closed","template":"","meta":{"_monsterinsights_skip_tracking":false,"_monsterinsights_sitenote_active":false,"_monsterinsights_sitenote_note":"","_monsterinsights_sitenote_category":0},"_links":{"self":[{"href":"https:\/\/www.svu.edu.eg\/faculties\/med\/wp-json\/wp\/v2\/pages\/8815"}],"collection":[{"href":"https:\/\/www.svu.edu.eg\/faculties\/med\/wp-json\/wp\/v2\/pages"}],"about":[{"href":"https:\/\/www.svu.edu.eg\/faculties\/med\/wp-json\/wp\/v2\/types\/page"}],"author":[{"embeddable":true,"href":"https:\/\/www.svu.edu.eg\/faculties\/med\/wp-json\/wp\/v2\/users\/2"}],"replies":[{"embeddable":true,"href":"https:\/\/www.svu.edu.eg\/faculties\/med\/wp-json\/wp\/v2\/comments?post=8815"}],"version-history":[{"count":3,"href":"https:\/\/www.svu.edu.eg\/faculties\/med\/wp-json\/wp\/v2\/pages\/8815\/revisions"}],"predecessor-version":[{"id":8885,"href":"https:\/\/www.svu.edu.eg\/faculties\/med\/wp-json\/wp\/v2\/pages\/8815\/revisions\/8885"}],"up":[{"embeddable":true,"href":"https:\/\/www.svu.edu.eg\/faculties\/med\/wp-json\/wp\/v2\/pages\/6766"}],"wp:attachment":[{"href":"https:\/\/www.svu.edu.eg\/faculties\/med\/wp-json\/wp\/v2\/media?parent=8815"}],"curies":[{"name":"wp","href":"https:\/\/api.w.org\/{rel}","templated":true}]}}