{"id":8770,"date":"2022-02-06T21:19:50","date_gmt":"2022-02-06T19:19:50","guid":{"rendered":"http:\/\/www.svu.edu.eg\/faculties\/med\/?page_id=8770"},"modified":"2022-02-06T21:19:59","modified_gmt":"2022-02-06T19:19:59","slug":"regles-generales-dinscription-aux-etudes-superieures","status":"publish","type":"page","link":"https:\/\/www.svu.edu.eg\/faculties\/med\/fr\/regles-generales-dinscription-aux-etudes-superieures\/","title":{"rendered":"R\u00e8gles g\u00e9n\u00e9rales d&#8217;inscription aux \u00e9tudes sup\u00e9rieures"},"content":{"rendered":"<p><strong><em>R\u00e8gles g\u00e9n\u00e9rales d&#8217;inscription aux \u00e9tudes sup\u00e9rieures<\/em><\/strong><\/p>\n","protected":false},"excerpt":{"rendered":"<p>R\u00e8gles g\u00e9n\u00e9rales d&#8217;inscription aux \u00e9tudes sup\u00e9rieures<\/p>\n","protected":false},"author":2,"featured_media":0,"parent":0,"menu_order":0,"comment_status":"closed","ping_status":"closed","template":"","meta":{"_monsterinsights_skip_tracking":false,"_monsterinsights_sitenote_active":false,"_monsterinsights_sitenote_note":"","_monsterinsights_sitenote_category":0},"_links":{"self":[{"href":"https:\/\/www.svu.edu.eg\/faculties\/med\/wp-json\/wp\/v2\/pages\/8770"}],"collection":[{"href":"https:\/\/www.svu.edu.eg\/faculties\/med\/wp-json\/wp\/v2\/pages"}],"about":[{"href":"https:\/\/www.svu.edu.eg\/faculties\/med\/wp-json\/wp\/v2\/types\/page"}],"author":[{"embeddable":true,"href":"https:\/\/www.svu.edu.eg\/faculties\/med\/wp-json\/wp\/v2\/users\/2"}],"replies":[{"embeddable":true,"href":"https:\/\/www.svu.edu.eg\/faculties\/med\/wp-json\/wp\/v2\/comments?post=8770"}],"version-history":[{"count":1,"href":"https:\/\/www.svu.edu.eg\/faculties\/med\/wp-json\/wp\/v2\/pages\/8770\/revisions"}],"predecessor-version":[{"id":8771,"href":"https:\/\/www.svu.edu.eg\/faculties\/med\/wp-json\/wp\/v2\/pages\/8770\/revisions\/8771"}],"wp:attachment":[{"href":"https:\/\/www.svu.edu.eg\/faculties\/med\/wp-json\/wp\/v2\/media?parent=8770"}],"curies":[{"name":"wp","href":"https:\/\/api.w.org\/{rel}","templated":true}]}}