{"id":6446,"date":"2020-12-05T10:39:52","date_gmt":"2020-12-05T10:39:52","guid":{"rendered":"http:\/\/www.svu.edu.eg\/faculties\/med\/?page_id=6446"},"modified":"2022-09-20T10:51:08","modified_gmt":"2022-09-20T08:51:08","slug":"homepage_fr","status":"publish","type":"page","link":"https:\/\/www.svu.edu.eg\/faculties\/med\/fr\/homepage_fr\/","title":{"rendered":"Homepage_fr"},"content":{"rendered":"<div id=\"pl-6446\"  class=\"panel-layout panel-is-rtl\" ><div id=\"pg-6446-0\"  class=\"panel-grid panel-has-style\" ><div style=\"background-color: #ffffff; \" class=\"panel-row-style panel-row-style-for-6446-0\" ><div id=\"pgc-6446-0-0\"  class=\"panel-grid-cell\" ><div id=\"panel-6446-0-0-0\" class=\"so-panel widget widget_siteorigin-panels-postloop panel-first-child\" data-index=\"0\" ><div class=\"panel-widget-style panel-widget-style-for-6446-0-0-0\" ><h3 class=\"widget-title\">Nouvelles<\/h3>\n<article id=\"post-10733\" class=\"post-10733 post type-post status-publish format-standard has-post-thumbnail hentry category-news_fr post-with-thumbnail post-with-thumbnail-icon\">\n\n\t\t\t<div class=\"entry-thumbnail\">\n\t\t\t<a href=\"https:\/\/www.svu.edu.eg\/faculties\/med\/fr\/rationalisation-des-depenses-publiques\/\"><img width=\"200\" height=\"99\" src=\"https:\/\/www.svu.edu.eg\/faculties\/med\/wp-content\/uploads\/2020\/11\/2-200x99.jpg\" class=\"attachment-thumbnail size-thumbnail wp-post-image\" alt=\"\" decoding=\"async\" loading=\"lazy\" srcset=\"https:\/\/www.svu.edu.eg\/faculties\/med\/wp-content\/uploads\/2020\/11\/2-200x99.jpg 200w, https:\/\/www.svu.edu.eg\/faculties\/med\/wp-content\/uploads\/2020\/11\/2-300x149.jpg 300w, https:\/\/www.svu.edu.eg\/faculties\/med\/wp-content\/uploads\/2020\/11\/2.jpg 318w\" sizes=\"(max-width: 200px) 100vw, 200px\" \/><\/a>\n\t\t<\/div>\n\t\n\t<div class=\"entry-main\">\n\n\t\t\n\t\t<header class=\"entry-header\">\n\t\t\t\n\t\t\t<h1 class=\"entry-title\"><a href=\"https:\/\/www.svu.edu.eg\/faculties\/med\/fr\/rationalisation-des-depenses-publiques\/\" title=\"Permalink to Rationalisation des d\u00e9penses publiques\" rel=\"bookmark\">Rationalisation des d\u00e9penses publiques<\/a><\/h1>\n\n\t\t\t\t\t\t\t<div class=\"entry-meta\">\n\t\t\t\t\t<a href=\"https:\/\/www.svu.edu.eg\/faculties\/med\/fr\/rationalisation-des-depenses-publiques\/\" title=\"10:58 \u0635\" rel=\"bookmark\"><time class=\"entry-date\" datetime=\"2023-01-17T10:58:13+02:00\">17\/01\/2023<\/time><\/a><time class=\"updated\" datetime=\"2023-02-20T09:51:37+02:00\">20\/02\/2023<\/time>  \t\t\t\t<\/div><!-- .entry-meta -->\n\t\t\t\n\t\t<\/header><!-- .entry-header -->\n\n\t\t\t\t\t<div class=\"entry-content\">\n\t\t\t\t<p>Rationalisation des d\u00e9penses publiques<\/p>\n\t\t\t\t\t\t\t\t<a class=\"more-link\" href=\"https:\/\/www.svu.edu.eg\/faculties\/med\/fr\/rationalisation-des-depenses-publiques\/\">\u0627\u0644\u0645\u0632\u064a\u062f<span class=\"meta-nav\">&rarr;<\/span><\/a>\t\t\t\t\t\t\t<\/div><!-- .entry-content -->\n\t\t\n\t\t\n\t<\/div>\n\n<\/article><!-- #post-10733 -->\n\n<article id=\"post-10752\" class=\"post-10752 post type-post status-publish format-standard has-post-thumbnail hentry category-news_fr post-with-thumbnail post-with-thumbnail-icon\">\n\n\t\t\t<div class=\"entry-thumbnail\">\n\t\t\t<a href=\"https:\/\/www.svu.edu.eg\/faculties\/med\/fr\/concours-mere-ideale-au-niveau-universitaire\/\"><img width=\"122\" height=\"150\" src=\"https:\/\/www.svu.edu.eg\/faculties\/med\/wp-content\/uploads\/2020\/09\/\u0627\u0639\u0644\u0627\u0646-\u0647\u0627\u0645-2\u0635\u0648\u0631\u0647-122x150.jpg\" class=\"attachment-thumbnail size-thumbnail wp-post-image\" alt=\"\" decoding=\"async\" loading=\"lazy\" srcset=\"https:\/\/www.svu.edu.eg\/faculties\/med\/wp-content\/uploads\/2020\/09\/\u0627\u0639\u0644\u0627\u0646-\u0647\u0627\u0645-2\u0635\u0648\u0631\u0647-122x150.jpg 122w, https:\/\/www.svu.edu.eg\/faculties\/med\/wp-content\/uploads\/2020\/09\/\u0627\u0639\u0644\u0627\u0646-\u0647\u0627\u0645-2\u0635\u0648\u0631\u0647.jpg 203w\" sizes=\"(max-width: 122px) 100vw, 122px\" \/><\/a>\n\t\t<\/div>\n\t\n\t<div class=\"entry-main\">\n\n\t\t\n\t\t<header class=\"entry-header\">\n\t\t\t\n\t\t\t<h1 class=\"entry-title\"><a href=\"https:\/\/www.svu.edu.eg\/faculties\/med\/fr\/concours-mere-ideale-au-niveau-universitaire\/\" title=\"Permalink to Concours m\u00e8re id\u00e9ale au niveau universitaire\" rel=\"bookmark\">Concours m\u00e8re id\u00e9ale au niveau universitaire<\/a><\/h1>\n\n\t\t\t\t\t\t\t<div class=\"entry-meta\">\n\t\t\t\t\t<a href=\"https:\/\/www.svu.edu.eg\/faculties\/med\/fr\/concours-mere-ideale-au-niveau-universitaire\/\" title=\"9:47 \u0635\" rel=\"bookmark\"><time class=\"entry-date\" datetime=\"2023-01-17T09:47:28+02:00\">17\/01\/2023<\/time><\/a><time class=\"updated\" datetime=\"2023-02-04T09:49:47+02:00\">04\/02\/2023<\/time>  \t\t\t\t<\/div><!-- .entry-meta -->\n\t\t\t\n\t\t<\/header><!-- .entry-header -->\n\n\t\t\t\t\t<div class=\"entry-content\">\n\t\t\t\t<p>Concours m\u00e8re id\u00e9ale au niveau universitaire<\/p>\n\t\t\t\t\t\t\t\t<a class=\"more-link\" href=\"https:\/\/www.svu.edu.eg\/faculties\/med\/fr\/concours-mere-ideale-au-niveau-universitaire\/\">\u0627\u0644\u0645\u0632\u064a\u062f<span class=\"meta-nav\">&rarr;<\/span><\/a>\t\t\t\t\t\t\t<\/div><!-- .entry-content -->\n\t\t\n\t\t\n\t<\/div>\n\n<\/article><!-- #post-10752 -->\n\n<article id=\"post-10701\" class=\"post-10701 post type-post status-publish format-standard has-post-thumbnail hentry category-news_fr post-with-thumbnail post-with-thumbnail-icon\">\n\n\t\t\t<div class=\"entry-thumbnail\">\n\t\t\t<a href=\"https:\/\/www.svu.edu.eg\/faculties\/med\/fr\/lancer-des-initiatives-etudiantes-et-des-concours-sur-le-changement-climatique-et-le-developpement-durable\/\"><img width=\"200\" height=\"150\" src=\"https:\/\/www.svu.edu.eg\/faculties\/med\/wp-content\/uploads\/2020\/09\/\u0627\u0639\u0644\u0627\u0646-\u0647\u0627\u0645-\u0635\u0648\u0631\u0647-200x150.jpg\" class=\"attachment-thumbnail size-thumbnail wp-post-image\" alt=\"\" decoding=\"async\" loading=\"lazy\" srcset=\"https:\/\/www.svu.edu.eg\/faculties\/med\/wp-content\/uploads\/2020\/09\/\u0627\u0639\u0644\u0627\u0646-\u0647\u0627\u0645-\u0635\u0648\u0631\u0647-200x150.jpg 200w, https:\/\/www.svu.edu.eg\/faculties\/med\/wp-content\/uploads\/2020\/09\/\u0627\u0639\u0644\u0627\u0646-\u0647\u0627\u0645-\u0635\u0648\u0631\u0647.jpg 259w\" sizes=\"(max-width: 200px) 100vw, 200px\" \/><\/a>\n\t\t<\/div>\n\t\n\t<div class=\"entry-main\">\n\n\t\t\n\t\t<header class=\"entry-header\">\n\t\t\t\n\t\t\t<h1 class=\"entry-title\"><a href=\"https:\/\/www.svu.edu.eg\/faculties\/med\/fr\/lancer-des-initiatives-etudiantes-et-des-concours-sur-le-changement-climatique-et-le-developpement-durable\/\" title=\"Permalink to Lancer des initiatives \u00e9tudiantes et des concours sur le changement climatique et le d\u00e9veloppement durable\" rel=\"bookmark\">Lancer des initiatives \u00e9tudiantes et des concours sur le changement climatique et le d\u00e9veloppemen...<\/a><\/h1>\n\n\t\t\t\t\t\t\t<div class=\"entry-meta\">\n\t\t\t\t\t<a href=\"https:\/\/www.svu.edu.eg\/faculties\/med\/fr\/lancer-des-initiatives-etudiantes-et-des-concours-sur-le-changement-climatique-et-le-developpement-durable\/\" title=\"9:16 \u0635\" rel=\"bookmark\"><time class=\"entry-date\" datetime=\"2022-12-28T09:16:41+02:00\">28\/12\/2022<\/time><\/a><time class=\"updated\" datetime=\"2022-12-31T09:25:12+02:00\">31\/12\/2022<\/time>  \t\t\t\t<\/div><!-- .entry-meta -->\n\t\t\t\n\t\t<\/header><!-- .entry-header -->\n\n\t\t\t\t\t<div class=\"entry-content\">\n\t\t\t\t<p>Le Conseil du service communautaire et du d\u00e9veloppement environnemental de l&#8217;universit\u00e9 a accept\u00e9 de lancer des initiatives \u00e9tudiantes et des [&hellip;]<\/p>\n\t\t\t\t\t\t\t\t<a class=\"more-link\" href=\"https:\/\/www.svu.edu.eg\/faculties\/med\/fr\/lancer-des-initiatives-etudiantes-et-des-concours-sur-le-changement-climatique-et-le-developpement-durable\/\">\u0627\u0644\u0645\u0632\u064a\u062f<span class=\"meta-nav\">&rarr;<\/span><\/a>\t\t\t\t\t\t\t<\/div><!-- .entry-content -->\n\t\t\n\t\t\n\t<\/div>\n\n<\/article><!-- #post-10701 -->\n\n<article id=\"post-10674\" class=\"post-10674 post type-post status-publish format-standard has-post-thumbnail hentry category-news_fr post-with-thumbnail post-with-thumbnail-icon\">\n\n\t\t\t<div class=\"entry-thumbnail\">\n\t\t\t<a href=\"https:\/\/www.svu.edu.eg\/faculties\/med\/fr\/10674-2\/\"><img width=\"200\" height=\"150\" src=\"https:\/\/www.svu.edu.eg\/faculties\/med\/wp-content\/uploads\/2022\/12\/h-200x150.jpeg\" class=\"attachment-thumbnail size-thumbnail wp-post-image\" alt=\"\" decoding=\"async\" loading=\"lazy\" srcset=\"https:\/\/www.svu.edu.eg\/faculties\/med\/wp-content\/uploads\/2022\/12\/h-200x150.jpeg 200w, https:\/\/www.svu.edu.eg\/faculties\/med\/wp-content\/uploads\/2022\/12\/h-300x225.jpeg 300w, https:\/\/www.svu.edu.eg\/faculties\/med\/wp-content\/uploads\/2022\/12\/h-768x576.jpeg 768w, https:\/\/www.svu.edu.eg\/faculties\/med\/wp-content\/uploads\/2022\/12\/h.jpeg 1024w\" sizes=\"(max-width: 200px) 100vw, 200px\" \/><\/a>\n\t\t<\/div>\n\t\n\t<div class=\"entry-main\">\n\n\t\t\n\t\t<header class=\"entry-header\">\n\t\t\t\n\t\t\t<h1 class=\"entry-title\"><a href=\"https:\/\/www.svu.edu.eg\/faculties\/med\/fr\/10674-2\/\" title=\"Permalink to Fractures du bassin chez l&#8217;enfant et l&#8217;adulte&#8230; une nouvelle participation du d\u00e9partement d&#8217;orthop\u00e9die de l&#8217;Universit\u00e9 du Sud de la Vall\u00e9e \u00e0 la 74\u00e8me conf\u00e9rence internationale de la Soci\u00e9t\u00e9 orthop\u00e9dique \u00e9gyptienne\" rel=\"bookmark\">Fractures du bassin chez l&#8217;enfant et l&#8217;adulte&#8230; une nouvelle participation du d\u00e9...<\/a><\/h1>\n\n\t\t\t\t\t\t\t<div class=\"entry-meta\">\n\t\t\t\t\t<a href=\"https:\/\/www.svu.edu.eg\/faculties\/med\/fr\/10674-2\/\" title=\"10:27 \u0635\" rel=\"bookmark\"><time class=\"entry-date\" datetime=\"2022-12-17T10:27:08+02:00\">17\/12\/2022<\/time><\/a><time class=\"updated\" datetime=\"2022-12-21T11:52:44+02:00\">21\/12\/2022<\/time>  \t\t\t\t<\/div><!-- .entry-meta -->\n\t\t\t\n\t\t<\/header><!-- .entry-header -->\n\n\t\t\t\t\t<div class=\"entry-content\">\n\t\t\t\t<p>Dr. Youssef Gharbawy, pr\u00e9sident de l&#8217;Universit\u00e9, a tenu \u00e0 participer activement \u00e0 des conf\u00e9rences internationales et locales pour pr\u00e9senter des [&hellip;]<\/p>\n\t\t\t\t\t\t\t\t<a class=\"more-link\" href=\"https:\/\/www.svu.edu.eg\/faculties\/med\/fr\/10674-2\/\">\u0627\u0644\u0645\u0632\u064a\u062f<span class=\"meta-nav\">&rarr;<\/span><\/a>\t\t\t\t\t\t\t<\/div><!-- .entry-content -->\n\t\t\n\t\t\n\t<\/div>\n\n<\/article><!-- #post-10674 -->\n\n<article id=\"post-10680\" class=\"post-10680 post type-post status-publish format-standard has-post-thumbnail hentry category-news_fr post-with-thumbnail post-with-thumbnail-icon\">\n\n\t\t\t<div class=\"entry-thumbnail\">\n\t\t\t<a href=\"https:\/\/www.svu.edu.eg\/faculties\/med\/fr\/projet-dassurance-medicale\/\"><img width=\"109\" height=\"150\" src=\"https:\/\/www.svu.edu.eg\/faculties\/med\/wp-content\/uploads\/2022\/12\/\u0645\u0634\u0631\u0648\u0639-\u0627\u0644\u062a\u0623\u0645\u064a\u0646-\u0627\u0644\u0635\u062d\u064a-109x150.jpg\" class=\"attachment-thumbnail size-thumbnail wp-post-image\" alt=\"\" decoding=\"async\" loading=\"lazy\" srcset=\"https:\/\/www.svu.edu.eg\/faculties\/med\/wp-content\/uploads\/2022\/12\/\u0645\u0634\u0631\u0648\u0639-\u0627\u0644\u062a\u0623\u0645\u064a\u0646-\u0627\u0644\u0635\u062d\u064a-109x150.jpg 109w, https:\/\/www.svu.edu.eg\/faculties\/med\/wp-content\/uploads\/2022\/12\/\u0645\u0634\u0631\u0648\u0639-\u0627\u0644\u062a\u0623\u0645\u064a\u0646-\u0627\u0644\u0635\u062d\u064a-217x300.jpg 217w, https:\/\/www.svu.edu.eg\/faculties\/med\/wp-content\/uploads\/2022\/12\/\u0645\u0634\u0631\u0648\u0639-\u0627\u0644\u062a\u0623\u0645\u064a\u0646-\u0627\u0644\u0635\u062d\u064a-768x1060.jpg 768w, https:\/\/www.svu.edu.eg\/faculties\/med\/wp-content\/uploads\/2022\/12\/\u0645\u0634\u0631\u0648\u0639-\u0627\u0644\u062a\u0623\u0645\u064a\u0646-\u0627\u0644\u0635\u062d\u064a-742x1024.jpg 742w, https:\/\/www.svu.edu.eg\/faculties\/med\/wp-content\/uploads\/2022\/12\/\u0645\u0634\u0631\u0648\u0639-\u0627\u0644\u062a\u0623\u0645\u064a\u0646-\u0627\u0644\u0635\u062d\u064a.jpg 1608w\" sizes=\"(max-width: 109px) 100vw, 109px\" \/><\/a>\n\t\t<\/div>\n\t\n\t<div class=\"entry-main\">\n\n\t\t\n\t\t<header class=\"entry-header\">\n\t\t\t\n\t\t\t<h1 class=\"entry-title\"><a href=\"https:\/\/www.svu.edu.eg\/faculties\/med\/fr\/projet-dassurance-medicale\/\" title=\"Permalink to Projet d&#8217;assurance m\u00e9dicale\" rel=\"bookmark\">Projet d&#8217;assurance m\u00e9dicale<\/a><\/h1>\n\n\t\t\t\t\t\t\t<div class=\"entry-meta\">\n\t\t\t\t\t<a href=\"https:\/\/www.svu.edu.eg\/faculties\/med\/fr\/projet-dassurance-medicale\/\" title=\"10:04 \u0635\" rel=\"bookmark\"><time class=\"entry-date\" datetime=\"2022-12-14T10:04:44+02:00\">14\/12\/2022<\/time><\/a><time class=\"updated\" datetime=\"2022-12-22T10:09:31+02:00\">22\/12\/2022<\/time>  \t\t\t\t<\/div><!-- .entry-meta -->\n\t\t\t\n\t\t<\/header><!-- .entry-header -->\n\n\t\t\t\t\t<div class=\"entry-content\">\n\t\t\t\t\t\t\t\t\t\t\t\t<a class=\"more-link\" href=\"https:\/\/www.svu.edu.eg\/faculties\/med\/fr\/projet-dassurance-medicale\/\">\u0627\u0644\u0645\u0632\u064a\u062f<span class=\"meta-nav\">&rarr;<\/span><\/a>\t\t\t\t\t\t\t<\/div><!-- .entry-content -->\n\t\t\n\t\t\n\t<\/div>\n\n<\/article><!-- #post-10680 -->\n<\/div><\/div><div id=\"panel-6446-0-0-1\" class=\"so-panel widget widget_text panel-last-child\" data-index=\"1\" ><div class=\"panel-widget-style panel-widget-style-for-6446-0-0-1\" >\t\t\t<div class=\"textwidget\"><p style=\"direction: ltr;\"><strong><a href=\"http:\/\/www.svu.edu.eg\/faculties\/med\/category\/news_fr\/\">Plus de nouvelles<\/a><\/strong><\/p>\n<\/div>\n\t\t<\/div><\/div><\/div><\/div><\/div><div id=\"pg-6446-1\"  class=\"panel-grid panel-has-style\" ><div style=\"background-color: #ffffff; \" class=\"panel-row-style panel-row-style-for-6446-1\" ><div id=\"pgc-6446-1-0\"  class=\"panel-grid-cell\" ><div class=\"panel-cell-style panel-cell-style-for-6446-1-0\" ><div id=\"panel-6446-1-0-0\" class=\"so-panel widget widget_xyz_insert_php_widget panel-first-child panel-last-child\" data-index=\"2\" ><div class=\"panel-widget-style panel-widget-style-for-6446-1-0-0\" >\r\n\t<div class=\"announc\">\r\n      <h2> Conf\u00e9rences<\/h2>\r\n\t<div class=\"announc-body\">\r\n\t<ul>\r\n             \r\n<ul><li style=\"text-align:left;\"><a href=\"category\/conf_fr\/\">Plus<\/a><\/li>\r\n<\/ul>   <\/ul>\r\n\t<\/div>\r\n\t<\/div><\/div><\/div><\/div><\/div><div id=\"pgc-6446-1-1\"  class=\"panel-grid-cell\" ><div class=\"panel-cell-style panel-cell-style-for-6446-1-1\" ><div id=\"panel-6446-1-1-0\" class=\"so-panel widget widget_media_video panel-first-child panel-last-child\" data-index=\"3\" ><div class=\"panel-widget-style panel-widget-style-for-6446-1-1-0\" ><h3 class=\"widget-title\">Covid-19 plan<\/h3><div style=\"width:100%;\" class=\"wp-video\"><!--[if lt IE 9]><script>document.createElement('video');<\/script><![endif]-->\n<video class=\"wp-video-shortcode\" id=\"video-10680-1\" preload=\"metadata\" controls=\"controls\"><source type=\"video\/mp4\" src=\"https:\/\/www.svu.edu.eg\/faculties\/med\/wp-content\/uploads\/2020\/07\/\u0637\u0628.mp4?_=1\" \/><source type=\"video\/mp4\" src=\"http:\/\/www.svu.edu.eg\/faculties\/med\/wp-content\/uploads\/2020\/07\/\u0637\u0628.mp4?_=1\" \/><a href=\"https:\/\/www.svu.edu.eg\/faculties\/med\/wp-content\/uploads\/2020\/07\/\u0637\u0628.mp4\">https:\/\/www.svu.edu.eg\/faculties\/med\/wp-content\/uploads\/2020\/07\/\u0637\u0628.mp4<\/a><\/video><\/div><\/div><\/div><\/div><\/div><div id=\"pgc-6446-1-2\"  class=\"panel-grid-cell\" ><div class=\"panel-cell-style panel-cell-style-for-6446-1-2\" ><div id=\"panel-6446-1-2-0\" class=\"so-panel widget widget_media_video panel-first-child panel-last-child\" data-index=\"4\" ><div class=\"panel-widget-style panel-widget-style-for-6446-1-2-0\" ><div style=\"width:100%;\" class=\"wp-video\"><video class=\"wp-video-shortcode\" id=\"video-10680-2\" preload=\"metadata\" controls=\"controls\"><source type=\"video\/mp4\" src=\"https:\/\/www.svu.edu.eg\/faculties\/med\/wp-content\/uploads\/2020\/12\/\u062e\u0637\u0647-\u0627\u0644\u0623\u062e\u0644\u0627\u0621.mp4?_=2\" \/><source type=\"video\/mp4\" src=\"http:\/\/www.svu.edu.eg\/faculties\/med\/wp-content\/uploads\/2020\/12\/\u062e\u0637\u0647-\u0627\u0644\u0623\u062e\u0644\u0627\u0621.mp4?_=2\" \/><a href=\"https:\/\/www.svu.edu.eg\/faculties\/med\/wp-content\/uploads\/2020\/12\/\u062e\u0637\u0647-\u0627\u0644\u0623\u062e\u0644\u0627\u0621.mp4\">https:\/\/www.svu.edu.eg\/faculties\/med\/wp-content\/uploads\/2020\/12\/\u062e\u0637\u0647-\u0627\u0644\u0623\u062e\u0644\u0627\u0621.mp4<\/a><\/video><\/div><\/div><\/div><\/div><\/div><div id=\"pgc-6446-1-3\"  class=\"panel-grid-cell\" ><div id=\"panel-6446-1-3-0\" class=\"so-panel widget widget_xyz_insert_php_widget panel-first-child panel-last-child\" data-index=\"5\" >\r\n\t<div class=\"announc\">\r\n      <h2> Annonces<\/h2>\r\n\t<div class=\"announc-body\">\r\n\t<ul>\r\n             \r\n<ul><li style=\"text-align:left;\"><a href=\"category\/ann_fr\/\">Plus<\/a><\/li>\r\n<\/ul>   <\/ul>\r\n\t<\/div>\r\n\t<\/div><\/div><\/div><\/div><\/div><div id=\"pg-6446-2\"  class=\"panel-grid panel-has-style\" ><div style=\"background-color: #000000; \" class=\"panel-row-style panel-row-style-for-6446-2\" ><div id=\"pgc-6446-2-0\"  class=\"panel-grid-cell\" ><div class=\"panel-cell-style panel-cell-style-for-6446-2-0\" ><div id=\"panel-6446-2-0-0\" class=\"so-panel widget widget_circleicon-widget panel-first-child panel-last-child\" data-index=\"6\" ><div class=\"panel-widget-style panel-widget-style-for-6446-2-0-0\" >\t\t<div class=\"circle-icon-box circle-icon-position-top circle-icon-hide-box circle-icon-size-small \">\n\t\t\t\t\t\t\t<div class=\"circle-icon-wrapper\">\n\t\t\t\t\t\t\t\t\t\t<a href=\"http:\/\/www.svu.edu.eg\/faculties\/med\/%d8%a3%d9%87%d8%af%d8%a7%d9%81-%d8%a7%d9%84%d9%83%d9%84%d9%8a%d8%a9\/\" class=\"link-icon\" >\t\t\t\t\t<div class=\"circle-icon icon-style-set\" style=\"background-color: #ffffff\">\n\t\t\t\t\t\t\t\t\t\t\t\t\t<div class=\"fa fa-clock-o\" style=\"color: #930031\"><\/div>\n\t\t\t\t\t\t\t\t\t\t\t<\/div> \n\t\t\t\t\t<\/a>\t\t\t\t<\/div>\n\t\t\t\n\t\t\t\t\t\t\t<a href=\"http:\/\/www.svu.edu.eg\/faculties\/med\/%d8%a3%d9%87%d8%af%d8%a7%d9%81-%d8%a7%d9%84%d9%83%d9%84%d9%8a%d8%a9\/\" class=\"link-title\" >\n\t\t\t\t\t\t\t\t\t\t<h4 style=\"color: #dbbe00\">\n\t\t\t\t\tObjectifs de la facult\u00e9\t\t\t\t<\/h4>\n\t\t\t\t\t\t\t\t\t\t<\/a>\n\t\t\t\n\t\t\t\t\t\t\t<p class=\"text\" style=\"color: #ffffff\">Les objectifs strat\u00e9giques de la facult\u00e9 de m\u00e9decine de Q\u00e9na 2018\/2019 - 2022\/2023  Object strat\u00e9gique 1: (Remise d\u2019un m\u00e9decin distingu\u00e9, hautement comp\u00e9tent, capable de r\u00e9pondre aux besoins et de r\u00e9soudre les probl\u00e8mes de la soci\u00e9t\u00e9). 1-Transformer un \u00e9l\u00e8ve d\u2019un \u00e9l\u00e9ment re\u00e7u en \u00e9l\u00e9ment r\u00e9actif. 2-D\u00e9veloppement des syst\u00e8mes d\u2019\u00e9ducation, d\u2019\u00e9valuation et de curriculum. 3-Cr\u00e9ation du d\u00e9partement  de m\u00e9decine familiale. 4- Cr\u00e9ation du d\u00e9partement d\u2019\u00e9ducation m\u00e9dicale. 5- D\u00e9veloppement des ressources scientifiques, du milieu de travail et de l\u2019\u00e9ducation de la facult\u00e9. 6-D\u00e9veloppement des capacit\u00e9s du corps enseignant et de l\u2019appareil administratif Object strat\u00e9gique 2  (Soutien l\u2019administration des syst\u00e8mes de qualit\u00e9 pour l\u2019enseignement m\u00e9dical \u00e0 la facult\u00e9 et qualification pour l\u2019accr\u00e9ditation Par l\u2019autorit\u00e9 nationale). 7-Sensibiliser du corps enseignant et de leur collaborateurs  \u00e0 l\u2019importance de la qualit\u00e9. 8- Obtenir l\u2019accr\u00e9ditation de l\u2019Autorit\u00e9 nationale pour l\u2019assurance qualit\u00e9 et l\u2019accr\u00e9ditation de l\u2019\u00e9ducation. 9-Obtenir d\u2019autres documents et du soutien technique pour l\u2019Unit\u00e9 d\u2019assurance de la qualit\u00e9. Object strat\u00e9gique 3 (Promouvoir une recherche scientifique significative et l\u2019acc\u00e8s aux r\u00e9sultats appliqu\u00e9s)  10- Am\u00e9lioration qualitative de la recherche de la facult\u00e9. 11-Renforcer le r\u00f4le du magazine de la facult\u00e9. 12- \u00c9laboration de chartes et de syst\u00e8mes qui tiennent compte de l\u2019\u00e9thique du travail, de la profession et de la recherche scientifique. Object strat\u00e9gique 4 (Am\u00e9liorer la participation communautaire de la facult\u00e9 et pr\u00e9sentation des services pour r\u00e9pondre aux besoins de la soci\u00e9t\u00e9). 13- Am\u00e9liorer le niveau de participation communautaire et la qualit\u00e9 des services offerts \u00e0 la soci\u00e9t\u00e9. 14- Accro\u00eetre l\u2019efficacit\u00e9 du processus \u00e9ducatif pour s\u2019assurer qu\u2019un m\u00e9decin distingu\u00e9 et hautement qualifi\u00e9 est en mesure de r\u00e9pondre aux besoins et de r\u00e9soudre les probl\u00e8mes de la soci\u00e9t\u00e9.<\/p>\n\t\t\t\t\t\t\t\t\t\t<a href=\"http:\/\/www.svu.edu.eg\/faculties\/med\/%d8%a3%d9%87%d8%af%d8%a7%d9%81-%d8%a7%d9%84%d9%83%d9%84%d9%8a%d8%a9\/\" class=\"more-button\" >\u0627\u0644\u0645\u0632\u064a\u062f <i><\/i><\/a>\n\t\t\t\t\t<\/div>\n\t\t<\/div><\/div><\/div><\/div><div id=\"pgc-6446-2-1\"  class=\"panel-grid-cell\" ><div id=\"panel-6446-2-1-0\" class=\"so-panel widget widget_circleicon-widget panel-first-child panel-last-child\" data-index=\"7\" ><div class=\"panel-widget-style panel-widget-style-for-6446-2-1-0\" >\t\t<div class=\"circle-icon-box circle-icon-position-top circle-icon-hide-box circle-icon-size-small \">\n\t\t\t\t\t\t\t<div class=\"circle-icon-wrapper\">\n\t\t\t\t\t\t\t\t\t\t<a href=\"http:\/\/www.svu.edu.eg\/faculties\/med\/%d8%b1%d8%b3%d8%a7%d9%84%d9%87-%d8%a7%d9%84%d9%83%d9%84%d9%8a%d9%87\/\" class=\"link-icon\" >\t\t\t\t\t<div class=\"circle-icon icon-style-set\" style=\"background-color: #ffffff\">\n\t\t\t\t\t\t\t\t\t\t\t\t\t<div class=\"fa fa-envelope\" style=\"color: #000000\"><\/div>\n\t\t\t\t\t\t\t\t\t\t\t<\/div> \n\t\t\t\t\t<\/a>\t\t\t\t<\/div>\n\t\t\t\n\t\t\t\t\t\t\t<a href=\"http:\/\/www.svu.edu.eg\/faculties\/med\/%d8%b1%d8%b3%d8%a7%d9%84%d9%87-%d8%a7%d9%84%d9%83%d9%84%d9%8a%d9%87\/\" class=\"link-title\" >\n\t\t\t\t\t\t\t\t\t\t<h4 style=\"color: #930031\">\n\t\t\t\t\tLa mission\t\t\t\t<\/h4>\n\t\t\t\t\t\t\t\t\t\t<\/a>\n\t\t\t\n\t\t\t\t\t\t\t<p class=\"text\" style=\"color: #000000\"> La facult\u00e9 de m\u00e9decine cherche \u00e0 remiser des m\u00e9decins de haute capacit\u00e9 et de r\u00e9pondre aux besoins du syst\u00e8me m\u00e9dical de l\u2019 \u00c9gypte aux niveaux r\u00e9gional et international et des chercheurs qui peuvent d\u00e9velopper la profession m\u00e9dicale \u00e0 un niveau \u00e9lev\u00e9 de la recherche. Et fournir des services m\u00e9dicaux de qualit\u00e9 dans le contexte du maintien de la discipline professionnelle et de l\u2019\u00e9thique par le d\u00e9veloppement continu de programmes \u00e9ducatifs, d\u2019outils de recherche scientifique et de m\u00e9canismes de formation m\u00e9dicale continue.<\/p>\n\t\t\t\t\t\t\t\t\t\t<a href=\"http:\/\/www.svu.edu.eg\/faculties\/med\/%d8%b1%d8%b3%d8%a7%d9%84%d9%87-%d8%a7%d9%84%d9%83%d9%84%d9%8a%d9%87\/\" class=\"more-button\" >\u0627\u0644\u0645\u0632\u064a\u062f <i><\/i><\/a>\n\t\t\t\t\t<\/div>\n\t\t<\/div><\/div><\/div><div id=\"pgc-6446-2-2\"  class=\"panel-grid-cell\" ><div id=\"panel-6446-2-2-0\" class=\"so-panel widget widget_circleicon-widget panel-first-child panel-last-child\" data-index=\"8\" ><div class=\"panel-widget-style panel-widget-style-for-6446-2-2-0\" >\t\t<div class=\"circle-icon-box circle-icon-position-top circle-icon-hide-box circle-icon-size-small \">\n\t\t\t\t\t\t\t<div class=\"circle-icon-wrapper\">\n\t\t\t\t\t\t\t\t\t\t<div class=\"circle-icon icon-style-set\" style=\"background-color: #ffffff\">\n\t\t\t\t\t\t\t\t\t\t\t\t\t<div class=\"fa fa-eye\" style=\"color: #930031\"><\/div>\n\t\t\t\t\t\t\t\t\t\t\t<\/div> \n\t\t\t\t\t\t\t\t\t<\/div>\n\t\t\t\n\t\t\t\t\t\t\t\t\t\t<h4 style=\"color: #dbbe00\">\n\t\t\t\t\tLa vision\t\t\t\t<\/h4>\n\t\t\t\t\t\t\n\t\t\t\t\t\t\t<p class=\"text\" style=\"color: #ffffff\">Leadership dans l'\u00e9ducation et la recherche scientifique et m\u00e9dicale pour servir  la communaut\u00e9 de l'Universit\u00e9 et am\u00e9lioration du niveau de syst\u00e8me m\u00e9dical aux niveaux local et mondial.<\/p>\n\t\t\t\t\t\t\t\t<\/div>\n\t\t<\/div><\/div><\/div><\/div><\/div><\/div>","protected":false},"excerpt":{"rendered":"<p>Plus de nouvelles<\/p>\n","protected":false},"author":2,"featured_media":0,"parent":0,"menu_order":0,"comment_status":"closed","ping_status":"closed","template":"home-panels.php","meta":{"_monsterinsights_skip_tracking":false,"_monsterinsights_sitenote_active":false,"_monsterinsights_sitenote_note":"","_monsterinsights_sitenote_category":0},"_links":{"self":[{"href":"https:\/\/www.svu.edu.eg\/faculties\/med\/wp-json\/wp\/v2\/pages\/6446"}],"collection":[{"href":"https:\/\/www.svu.edu.eg\/faculties\/med\/wp-json\/wp\/v2\/pages"}],"about":[{"href":"https:\/\/www.svu.edu.eg\/faculties\/med\/wp-json\/wp\/v2\/types\/page"}],"author":[{"embeddable":true,"href":"https:\/\/www.svu.edu.eg\/faculties\/med\/wp-json\/wp\/v2\/users\/2"}],"replies":[{"embeddable":true,"href":"https:\/\/www.svu.edu.eg\/faculties\/med\/wp-json\/wp\/v2\/comments?post=6446"}],"version-history":[{"count":19,"href":"https:\/\/www.svu.edu.eg\/faculties\/med\/wp-json\/wp\/v2\/pages\/6446\/revisions"}],"predecessor-version":[{"id":9748,"href":"https:\/\/www.svu.edu.eg\/faculties\/med\/wp-json\/wp\/v2\/pages\/6446\/revisions\/9748"}],"wp:attachment":[{"href":"https:\/\/www.svu.edu.eg\/faculties\/med\/wp-json\/wp\/v2\/media?parent=6446"}],"curies":[{"name":"wp","href":"https:\/\/api.w.org\/{rel}","templated":true}]}}