{"id":10155,"date":"2022-10-15T11:52:49","date_gmt":"2022-10-15T09:52:49","guid":{"rendered":"http:\/\/www.svu.edu.eg\/faculties\/med\/?page_id=10155"},"modified":"2022-10-15T12:06:08","modified_gmt":"2022-10-15T10:06:08","slug":"unite-dassurance-qualite-et-daccreditation","status":"publish","type":"page","link":"https:\/\/www.svu.edu.eg\/faculties\/med\/fr\/unite-dassurance-qualite-et-daccreditation\/","title":{"rendered":"Unit\u00e9 d&#8217;assurance qualit\u00e9 et d&#8217;accr\u00e9ditation"},"content":{"rendered":"<h4 style=\"text-align: left;\"><em>Unit\u00e9 d&#8217;assurance qualit\u00e9 et d&#8217;accr\u00e9ditation<\/em><\/h4>\n<p><img decoding=\"async\" loading=\"lazy\" class=\"\" src=\"http:\/\/www.svu.edu.eg\/faculties\/med\/wp-content\/uploads\/2022\/01\/%D8%B4%D9%87%D8%A7%D8%AF%D8%A9-%D8%A7%D9%84%D8%A7%D8%B9%D8%AA%D9%85%D8%A7%D8%AF-300x198.jpg\" width=\"572\" height=\"377\" \/><\/p>\n","protected":false},"excerpt":{"rendered":"<p>Unit\u00e9 d&#8217;assurance qualit\u00e9 et d&#8217;accr\u00e9ditation<\/p>\n","protected":false},"author":2,"featured_media":0,"parent":0,"menu_order":0,"comment_status":"closed","ping_status":"closed","template":"","meta":{"_monsterinsights_skip_tracking":false,"_monsterinsights_sitenote_active":false,"_monsterinsights_sitenote_note":"","_monsterinsights_sitenote_category":0},"_links":{"self":[{"href":"https:\/\/www.svu.edu.eg\/faculties\/med\/wp-json\/wp\/v2\/pages\/10155"}],"collection":[{"href":"https:\/\/www.svu.edu.eg\/faculties\/med\/wp-json\/wp\/v2\/pages"}],"about":[{"href":"https:\/\/www.svu.edu.eg\/faculties\/med\/wp-json\/wp\/v2\/types\/page"}],"author":[{"embeddable":true,"href":"https:\/\/www.svu.edu.eg\/faculties\/med\/wp-json\/wp\/v2\/users\/2"}],"replies":[{"embeddable":true,"href":"https:\/\/www.svu.edu.eg\/faculties\/med\/wp-json\/wp\/v2\/comments?post=10155"}],"version-history":[{"count":4,"href":"https:\/\/www.svu.edu.eg\/faculties\/med\/wp-json\/wp\/v2\/pages\/10155\/revisions"}],"predecessor-version":[{"id":10160,"href":"https:\/\/www.svu.edu.eg\/faculties\/med\/wp-json\/wp\/v2\/pages\/10155\/revisions\/10160"}],"wp:attachment":[{"href":"https:\/\/www.svu.edu.eg\/faculties\/med\/wp-json\/wp\/v2\/media?parent=10155"}],"curies":[{"name":"wp","href":"https:\/\/api.w.org\/{rel}","templated":true}]}}