{"id":6684,"date":"2022-02-05T09:09:53","date_gmt":"2022-02-05T09:09:53","guid":{"rendered":"http:\/\/www.svu.edu.eg\/faculties\/mass\/?page_id=6684"},"modified":"2022-03-06T08:11:20","modified_gmt":"2022-03-06T08:11:20","slug":"etudes-superieures","status":"publish","type":"page","link":"https:\/\/www.svu.edu.eg\/faculties\/mass\/fr\/etudes-superieures\/","title":{"rendered":"\u00c9tudes sup\u00e9rieures"},"content":{"rendered":"<p><strong>&nbsp;&nbsp;&nbsp;&nbsp;&nbsp;&nbsp;&nbsp;&nbsp;&nbsp;&nbsp;&nbsp;&nbsp;&nbsp;&nbsp;&nbsp;&nbsp;&nbsp;&nbsp;&nbsp;&nbsp;&nbsp;&nbsp;&nbsp;&nbsp;&nbsp;&nbsp;&nbsp;&nbsp;&nbsp;&nbsp;&nbsp;&nbsp;&nbsp;&nbsp;&nbsp;&nbsp;&nbsp;&nbsp;&nbsp;&nbsp;&nbsp;&nbsp;&nbsp; &nbsp;&nbsp; Administration d&#8217; \u00e9tudes sup\u00e9rieures<\/strong><\/p>\n<p>Le r\u00e8glement est en cours de pr\u00e9paration et approuv\u00e9 en vue d&#8217;inscription<\/p>\n<p><strong><u>Les membres du personnel<\/u><\/strong><\/p>\n<table>\n<tbody>\n<tr>\n<td width=\"189\">Profession<\/td>\n<td width=\"334\">Nom<\/td>\n<td width=\"45\">*<\/td>\n<\/tr>\n<tr>\n<td width=\"189\">Directeur<\/td>\n<td width=\"334\">M. Bahei Alden Mohamed<\/td>\n<td width=\"45\">1<\/td>\n<\/tr>\n<tr>\n<td width=\"189\">Employ\u00e9e<\/td>\n<td width=\"334\">Mme. Seham Mohsen<\/td>\n<td width=\"45\">2<\/td>\n<\/tr>\n<\/tbody>\n<\/table>\n<p><strong>&nbsp;<\/strong><\/p>\n","protected":false},"excerpt":{"rendered":"<p>&nbsp;&nbsp;&nbsp;&nbsp;&nbsp;&nbsp;&nbsp;&nbsp;&nbsp;&nbsp;&nbsp;&nbsp;&nbsp;&nbsp;&nbsp;&nbsp;&nbsp;&nbsp;&nbsp;&nbsp;&nbsp;&nbsp;&nbsp;&nbsp;&nbsp;&nbsp;&nbsp;&nbsp;&nbsp;&nbsp;&nbsp;&nbsp;&nbsp;&nbsp;&nbsp;&nbsp;&nbsp;&nbsp;&nbsp;&nbsp;&nbsp;&nbsp;&nbsp; &nbsp;&nbsp; Administration d&#8217; \u00e9tudes sup\u00e9rieures Le r\u00e8glement est en cours de pr\u00e9paration et approuv\u00e9 en vue d&#8217;inscription Les membres du personnel Profession Nom * Directeur M. Bahei Alden Mohamed [&hellip;]<\/p>\n","protected":false},"author":2,"featured_media":0,"parent":0,"menu_order":0,"comment_status":"closed","ping_status":"closed","template":"","meta":[],"_links":{"self":[{"href":"https:\/\/www.svu.edu.eg\/faculties\/mass\/wp-json\/wp\/v2\/pages\/6684"}],"collection":[{"href":"https:\/\/www.svu.edu.eg\/faculties\/mass\/wp-json\/wp\/v2\/pages"}],"about":[{"href":"https:\/\/www.svu.edu.eg\/faculties\/mass\/wp-json\/wp\/v2\/types\/page"}],"author":[{"embeddable":true,"href":"https:\/\/www.svu.edu.eg\/faculties\/mass\/wp-json\/wp\/v2\/users\/2"}],"replies":[{"embeddable":true,"href":"https:\/\/www.svu.edu.eg\/faculties\/mass\/wp-json\/wp\/v2\/comments?post=6684"}],"version-history":[{"count":2,"href":"https:\/\/www.svu.edu.eg\/faculties\/mass\/wp-json\/wp\/v2\/pages\/6684\/revisions"}],"predecessor-version":[{"id":10377,"href":"https:\/\/www.svu.edu.eg\/faculties\/mass\/wp-json\/wp\/v2\/pages\/6684\/revisions\/10377"}],"wp:attachment":[{"href":"https:\/\/www.svu.edu.eg\/faculties\/mass\/wp-json\/wp\/v2\/media?parent=6684"}],"curies":[{"name":"wp","href":"https:\/\/api.w.org\/{rel}","templated":true}]}}