{"id":6679,"date":"2022-02-05T08:54:03","date_gmt":"2022-02-05T08:54:03","guid":{"rendered":"http:\/\/www.svu.edu.eg\/faculties\/mass\/?page_id=6679"},"modified":"2022-03-06T08:10:46","modified_gmt":"2022-03-06T08:10:46","slug":"inscription-et-conservation","status":"publish","type":"page","link":"https:\/\/www.svu.edu.eg\/faculties\/mass\/fr\/inscription-et-conservation\/","title":{"rendered":"Inscription et conservation"},"content":{"rendered":"<h2><span style=\"font-size: 14pt;\">Administration d&#8217;inscription et de la conservation&nbsp;&nbsp;&nbsp;&nbsp;&nbsp;&nbsp;&nbsp;&nbsp;&nbsp;&nbsp;&nbsp;&nbsp;&nbsp;<\/span><\/h2>\n<p>L&#8217;administration d&#8217;inscription et conservation re\u00e7oit et dirige le courrier arriv\u00e9e ou d\u00e9part vers la facult\u00e9, ainsi que recueilli et distribu\u00e9 \u00e0 n\u2019importe quel endroit en dehors.<\/p>\n<p><strong>&nbsp;<\/strong><strong><u>Les membres du personnel<\/u><\/strong><\/p>\n<table>\n<tbody>\n<tr>\n<td width=\"189\">Profession<\/td>\n<td width=\"334\">Nom<\/td>\n<td width=\"45\">*<\/td>\n<\/tr>\n<tr>\n<td width=\"189\">Administrative<\/td>\n<td width=\"334\">Mme Seham Ateya<\/td>\n<td width=\"45\">1<\/td>\n<\/tr>\n<tr>\n<td width=\"189\">Responsable<\/td>\n<td width=\"334\">M. Ahmed Mostafa<\/td>\n<td width=\"45\">2<\/td>\n<\/tr>\n<\/tbody>\n<\/table>\n","protected":false},"excerpt":{"rendered":"<p>Administration d&#8217;inscription et de la conservation&nbsp;&nbsp;&nbsp;&nbsp;&nbsp;&nbsp;&nbsp;&nbsp;&nbsp;&nbsp;&nbsp;&nbsp;&nbsp; L&#8217;administration d&#8217;inscription et conservation re\u00e7oit et dirige le courrier arriv\u00e9e ou d\u00e9part vers la facult\u00e9, ainsi que recueilli et distribu\u00e9 \u00e0 n\u2019importe quel endroit [&hellip;]<\/p>\n","protected":false},"author":2,"featured_media":0,"parent":0,"menu_order":0,"comment_status":"closed","ping_status":"closed","template":"","meta":[],"_links":{"self":[{"href":"https:\/\/www.svu.edu.eg\/faculties\/mass\/wp-json\/wp\/v2\/pages\/6679"}],"collection":[{"href":"https:\/\/www.svu.edu.eg\/faculties\/mass\/wp-json\/wp\/v2\/pages"}],"about":[{"href":"https:\/\/www.svu.edu.eg\/faculties\/mass\/wp-json\/wp\/v2\/types\/page"}],"author":[{"embeddable":true,"href":"https:\/\/www.svu.edu.eg\/faculties\/mass\/wp-json\/wp\/v2\/users\/2"}],"replies":[{"embeddable":true,"href":"https:\/\/www.svu.edu.eg\/faculties\/mass\/wp-json\/wp\/v2\/comments?post=6679"}],"version-history":[{"count":2,"href":"https:\/\/www.svu.edu.eg\/faculties\/mass\/wp-json\/wp\/v2\/pages\/6679\/revisions"}],"predecessor-version":[{"id":10376,"href":"https:\/\/www.svu.edu.eg\/faculties\/mass\/wp-json\/wp\/v2\/pages\/6679\/revisions\/10376"}],"wp:attachment":[{"href":"https:\/\/www.svu.edu.eg\/faculties\/mass\/wp-json\/wp\/v2\/media?parent=6679"}],"curies":[{"name":"wp","href":"https:\/\/api.w.org\/{rel}","templated":true}]}}