{"id":6675,"date":"2022-02-05T08:32:09","date_gmt":"2022-02-05T08:32:09","guid":{"rendered":"http:\/\/www.svu.edu.eg\/faculties\/mass\/?page_id=6675"},"modified":"2022-03-06T08:26:03","modified_gmt":"2022-03-06T08:26:03","slug":"la-tresorerie","status":"publish","type":"page","link":"https:\/\/www.svu.edu.eg\/faculties\/mass\/fr\/la-tresorerie\/","title":{"rendered":"La tr\u00e9sorerie"},"content":{"rendered":"<h2><span style=\"font-size: 12pt;\">L&#8217;administration de la tr\u00e9sorerie effectue toutes les transactions financi\u00e8res pour les \u00e9tudiants \u00e0 la facult\u00e9 ou tous les frais, ainsi que pour les \u00e9tudiants qui re\u00e7oivent leurs propres r\u00e9compenses.&nbsp;&nbsp;&nbsp;&nbsp;&nbsp;&nbsp;&nbsp;&nbsp;&nbsp;&nbsp;&nbsp;&nbsp;&nbsp;&nbsp;&nbsp;&nbsp;<\/span><\/h2>\n<table>\n<tbody>\n<tr>\n<td width=\"189\"><strong>Profession<\/strong><\/td>\n<td width=\"334\"><strong>&nbsp;&nbsp;&nbsp;&nbsp;&nbsp;&nbsp;&nbsp;&nbsp;&nbsp;&nbsp;&nbsp;&nbsp;&nbsp;&nbsp;&nbsp;&nbsp;&nbsp;&nbsp;&nbsp;&nbsp;&nbsp; &nbsp;&nbsp;&nbsp;&nbsp;&nbsp;&nbsp;&nbsp;&nbsp;&nbsp;&nbsp;&nbsp;&nbsp;&nbsp;&nbsp;&nbsp;&nbsp;&nbsp;&nbsp;&nbsp;&nbsp;&nbsp;&nbsp;&nbsp;&nbsp;&nbsp;&nbsp;&nbsp;&nbsp;&nbsp;&nbsp;&nbsp;&nbsp;&nbsp; Nom<\/strong><\/td>\n<td width=\"45\"><strong>*<\/strong><\/td>\n<\/tr>\n<tr>\n<td width=\"189\">Responsable<\/td>\n<td width=\"334\">M. Khaled Gamal<\/td>\n<td width=\"45\"><strong>1<\/strong><\/td>\n<\/tr>\n<\/tbody>\n<\/table>\n\n\n<div class=\"wp-block-image\"><figure class=\"aligncenter is-resized\"><img decoding=\"async\" loading=\"lazy\" src=\"https:\/\/www.svu.edu.eg\/faculties\/mass\/wp-content\/uploads\/2021\/08\/%D8%A7%D9%84%D8%A7-957x1024.jpg\" alt=\"\" width=\"239\" height=\"255\"\/><\/figure><\/div>\n\n\n\n<p><\/p>\n","protected":false},"excerpt":{"rendered":"<p>L&#8217;administration de la tr\u00e9sorerie effectue toutes les transactions financi\u00e8res pour les \u00e9tudiants \u00e0 la facult\u00e9 ou tous les frais, ainsi que pour les \u00e9tudiants qui re\u00e7oivent leurs propres r\u00e9compenses.&nbsp;&nbsp;&nbsp;&nbsp;&nbsp;&nbsp;&nbsp;&nbsp;&nbsp;&nbsp;&nbsp;&nbsp;&nbsp;&nbsp;&nbsp;&nbsp; Profession [&hellip;]<\/p>\n","protected":false},"author":2,"featured_media":0,"parent":0,"menu_order":0,"comment_status":"closed","ping_status":"closed","template":"","meta":[],"_links":{"self":[{"href":"https:\/\/www.svu.edu.eg\/faculties\/mass\/wp-json\/wp\/v2\/pages\/6675"}],"collection":[{"href":"https:\/\/www.svu.edu.eg\/faculties\/mass\/wp-json\/wp\/v2\/pages"}],"about":[{"href":"https:\/\/www.svu.edu.eg\/faculties\/mass\/wp-json\/wp\/v2\/types\/page"}],"author":[{"embeddable":true,"href":"https:\/\/www.svu.edu.eg\/faculties\/mass\/wp-json\/wp\/v2\/users\/2"}],"replies":[{"embeddable":true,"href":"https:\/\/www.svu.edu.eg\/faculties\/mass\/wp-json\/wp\/v2\/comments?post=6675"}],"version-history":[{"count":4,"href":"https:\/\/www.svu.edu.eg\/faculties\/mass\/wp-json\/wp\/v2\/pages\/6675\/revisions"}],"predecessor-version":[{"id":10393,"href":"https:\/\/www.svu.edu.eg\/faculties\/mass\/wp-json\/wp\/v2\/pages\/6675\/revisions\/10393"}],"wp:attachment":[{"href":"https:\/\/www.svu.edu.eg\/faculties\/mass\/wp-json\/wp\/v2\/media?parent=6675"}],"curies":[{"name":"wp","href":"https:\/\/api.w.org\/{rel}","templated":true}]}}