{"id":6672,"date":"2022-02-05T08:23:48","date_gmt":"2022-02-05T08:23:48","guid":{"rendered":"http:\/\/www.svu.edu.eg\/faculties\/mass\/?page_id=6672"},"modified":"2022-03-06T08:09:33","modified_gmt":"2022-03-06T08:09:33","slug":"laboratoires-et-studios","status":"publish","type":"page","link":"https:\/\/www.svu.edu.eg\/faculties\/mass\/fr\/laboratoires-et-studios\/","title":{"rendered":"Laboratoires et Studios"},"content":{"rendered":"<p><strong>Administration des laboratoires et des studios<\/strong><\/p>\n<p><strong>L&#8217;administration des laboratoires et des studios organise de travail dans les laboratoires (laboratoires informatiques), les studios, les cam\u00e9ras et le studio multim\u00e9dia sont situ\u00e9s \u00e0 la facult\u00e9 des lettres.<\/strong><\/p>\n<table>\n<tbody>\n<tr>\n<td width=\"189\"><strong>Profession<\/strong><\/td>\n<td width=\"334\"><strong>Nom<\/strong><\/td>\n<td width=\"45\"><strong>*<\/strong><\/td>\n<\/tr>\n<tr>\n<td width=\"189\">Directrice<\/td>\n<td width=\"334\">Mme Karima Aboelwafa<\/td>\n<td width=\"45\"><strong>1<\/strong><\/td>\n<\/tr>\n<tr>\n<td width=\"189\">Responsable<\/td>\n<td width=\"334\">Mme Nagla Dosoky<\/td>\n<td width=\"45\"><strong>2<\/strong><\/td>\n<\/tr>\n<\/tbody>\n<\/table>\n","protected":false},"excerpt":{"rendered":"<p>Administration des laboratoires et des studios L&#8217;administration des laboratoires et des studios organise de travail dans les laboratoires (laboratoires informatiques), les studios, les cam\u00e9ras et le studio multim\u00e9dia sont situ\u00e9s [&hellip;]<\/p>\n","protected":false},"author":2,"featured_media":0,"parent":0,"menu_order":0,"comment_status":"closed","ping_status":"closed","template":"","meta":[],"_links":{"self":[{"href":"https:\/\/www.svu.edu.eg\/faculties\/mass\/wp-json\/wp\/v2\/pages\/6672"}],"collection":[{"href":"https:\/\/www.svu.edu.eg\/faculties\/mass\/wp-json\/wp\/v2\/pages"}],"about":[{"href":"https:\/\/www.svu.edu.eg\/faculties\/mass\/wp-json\/wp\/v2\/types\/page"}],"author":[{"embeddable":true,"href":"https:\/\/www.svu.edu.eg\/faculties\/mass\/wp-json\/wp\/v2\/users\/2"}],"replies":[{"embeddable":true,"href":"https:\/\/www.svu.edu.eg\/faculties\/mass\/wp-json\/wp\/v2\/comments?post=6672"}],"version-history":[{"count":1,"href":"https:\/\/www.svu.edu.eg\/faculties\/mass\/wp-json\/wp\/v2\/pages\/6672\/revisions"}],"predecessor-version":[{"id":6673,"href":"https:\/\/www.svu.edu.eg\/faculties\/mass\/wp-json\/wp\/v2\/pages\/6672\/revisions\/6673"}],"wp:attachment":[{"href":"https:\/\/www.svu.edu.eg\/faculties\/mass\/wp-json\/wp\/v2\/media?parent=6672"}],"curies":[{"name":"wp","href":"https:\/\/api.w.org\/{rel}","templated":true}]}}