{"id":6663,"date":"2022-02-05T07:40:45","date_gmt":"2022-02-05T07:40:45","guid":{"rendered":"http:\/\/www.svu.edu.eg\/faculties\/mass\/?page_id=6663"},"modified":"2022-03-06T08:07:36","modified_gmt":"2022-03-06T08:07:36","slug":"entrepots-et-achats","status":"publish","type":"page","link":"https:\/\/www.svu.edu.eg\/faculties\/mass\/fr\/entrepots-et-achats\/","title":{"rendered":"Entrep\u00f4ts et Achats"},"content":{"rendered":"<p><strong>Administration des entrep\u00f4ts et des achats<\/strong><\/p>\n<p>L&#8217;administration des entrep\u00f4ts et des achats re\u00e7oit et stocke tous les achats dans des entrep\u00f4ts, livr\u00e9s aux administration concern\u00e9s et ajout\u00e9s ainsi que les proc\u00e9dures de d\u00e9caissement.<\/p>\n<p><strong><u>Les membres du personnel<\/u><\/strong><\/p>\n<table>\n<tbody>\n<tr>\n<td width=\"189\"><strong>Profession<\/strong><\/td>\n<td width=\"324\"><strong>Nom<\/strong><\/td>\n<td width=\"54\"><strong>*<\/strong><\/td>\n<\/tr>\n<tr>\n<td width=\"189\">Directrice<\/td>\n<td width=\"324\">Seham Ateya<\/td>\n<td width=\"54\"><strong>1<\/strong><\/td>\n<\/tr>\n<tr>\n<td width=\"189\">Responsable des entrep\u00f4ts<\/td>\n<td width=\"324\">Hamada Mohamed<\/td>\n<td width=\"54\"><strong>2<\/strong><\/td>\n<\/tr>\n<tr>\n<td width=\"189\">Responsable des achats<\/td>\n<td width=\"324\">Hossam Hassan<\/td>\n<td width=\"54\"><strong>3<\/strong><\/td>\n<\/tr>\n<tr>\n<td width=\"189\">Supervision des pactes<\/td>\n<td width=\"324\">Ali Mostafa<\/td>\n<td width=\"54\"><strong>4<\/strong><\/td>\n<\/tr>\n<\/tbody>\n<\/table>\n","protected":false},"excerpt":{"rendered":"<p>Administration des entrep\u00f4ts et des achats L&#8217;administration des entrep\u00f4ts et des achats re\u00e7oit et stocke tous les achats dans des entrep\u00f4ts, livr\u00e9s aux administration concern\u00e9s et ajout\u00e9s ainsi que les [&hellip;]<\/p>\n","protected":false},"author":2,"featured_media":0,"parent":0,"menu_order":0,"comment_status":"closed","ping_status":"closed","template":"","meta":[],"_links":{"self":[{"href":"https:\/\/www.svu.edu.eg\/faculties\/mass\/wp-json\/wp\/v2\/pages\/6663"}],"collection":[{"href":"https:\/\/www.svu.edu.eg\/faculties\/mass\/wp-json\/wp\/v2\/pages"}],"about":[{"href":"https:\/\/www.svu.edu.eg\/faculties\/mass\/wp-json\/wp\/v2\/types\/page"}],"author":[{"embeddable":true,"href":"https:\/\/www.svu.edu.eg\/faculties\/mass\/wp-json\/wp\/v2\/users\/2"}],"replies":[{"embeddable":true,"href":"https:\/\/www.svu.edu.eg\/faculties\/mass\/wp-json\/wp\/v2\/comments?post=6663"}],"version-history":[{"count":1,"href":"https:\/\/www.svu.edu.eg\/faculties\/mass\/wp-json\/wp\/v2\/pages\/6663\/revisions"}],"predecessor-version":[{"id":6664,"href":"https:\/\/www.svu.edu.eg\/faculties\/mass\/wp-json\/wp\/v2\/pages\/6663\/revisions\/6664"}],"wp:attachment":[{"href":"https:\/\/www.svu.edu.eg\/faculties\/mass\/wp-json\/wp\/v2\/media?parent=6663"}],"curies":[{"name":"wp","href":"https:\/\/api.w.org\/{rel}","templated":true}]}}