{"id":6660,"date":"2022-02-05T07:08:19","date_gmt":"2022-02-05T07:08:19","guid":{"rendered":"http:\/\/www.svu.edu.eg\/faculties\/mass\/?page_id=6660"},"modified":"2022-03-06T08:06:56","modified_gmt":"2022-03-06T08:06:56","slug":"bibliotheque","status":"publish","type":"page","link":"https:\/\/www.svu.edu.eg\/faculties\/mass\/fr\/bibliotheque\/","title":{"rendered":"Biblioth\u00e8que"},"content":{"rendered":"<p><strong><u>Administration de la biblioth\u00e8que<\/u><\/strong><\/p>\n<p>La biblioth\u00e8que se trouve&nbsp; dans &nbsp;le deuxi\u00e8me \u00e9tage du b\u00e2timent de la facult\u00e9 (contenant des livres, des r\u00e9f\u00e9rences arabes et des messages de ma\u00eetrise et de doctorat), s\u2019adresse \u00e0 tous les \u00e9tudiants et les \u00e9tudes sup\u00e9rieures, les \u00e9tudiants de ma\u00eetrise et de doctorat,&nbsp; elle contient une biblioth\u00e8que \u00e9lectronique avec des num\u00e9ros de livres et de classifications, pour faciliter leur acquisition.<\/p>\n<p><strong><u>&nbsp;T\u00e2ches de la biblioth\u00e8que<\/u><\/strong><strong>:-<\/strong><\/p>\n<p>-l\u2019Universit\u00e9 coop\u00e8re \u00e0 l\u2019accomplissement de sa mission dans les domaines de l\u2019\u00e9ducation et de la recherche scientifique.<\/p>\n<p>-la disponibilit\u00e9 de ressources pour la connaissance \u00e9ducative, scientifique et culturelle et le suivi de ce qui en est produit dans le monde.<\/p>\n<p>&#8211; D\u00e9velopper leurs collections de diverses connaissances conscientes en fonction des besoins de la soci\u00e9t\u00e9 \u00e0 l\u2019ext\u00e9rieur de l\u2019universit\u00e9.<\/p>\n<p>&#8211; Collabore avec la biblioth\u00e8que universitaire dans le domaine de l\u2019\u00e9change et du don de publications.<\/p>\n<p>-La disponibilit\u00e9 de ressources pour la connaissance \u00e9ducative, scientifique et culturelle et le suivi de ce qui en est produit dans le monde.<\/p>\n<p>-La biblioth\u00e8que&nbsp; offre des services de pr\u00eat externe ou des services interne pour les personnes.<\/p>\n<p>&#8211; maintenir le produit de la pens\u00e9e humaine et de la publication.<\/p>\n<p><strong><u>Les membres du personnel<\/u><\/strong><\/p>\n<p>Samer Hamdy Abdo&nbsp;&nbsp;&nbsp;&nbsp;&nbsp;&nbsp;&nbsp;&nbsp;&nbsp;&nbsp;&nbsp;&nbsp;&nbsp;&nbsp;&nbsp;&nbsp;&nbsp;&nbsp;&nbsp;&nbsp;&nbsp;&nbsp;&nbsp;&nbsp;&nbsp;&nbsp; (Sp\u00e9cialiste de la biblioth\u00e8que)<\/p>\n<ul>\n<li>Safaa Mostafa Mohamed Daruesh (Responsable)<\/li>\n<li>Fatmaa Mohamed Hassan (Responsable)<\/li>\n<\/ul>\n<p>3-Fawzea Ashour Abd Elwahab&nbsp;&nbsp;&nbsp;&nbsp;&nbsp;&nbsp;&nbsp;&nbsp;&nbsp;&nbsp;&nbsp;&nbsp;&nbsp;&nbsp;&nbsp;&nbsp;&nbsp;&nbsp;&nbsp;&nbsp; (Responsable )<\/p>\n<p>4- Nagla Fathy Ramadan&nbsp;&nbsp;&nbsp;&nbsp;&nbsp;&nbsp;&nbsp;&nbsp;&nbsp;&nbsp;&nbsp;&nbsp;&nbsp;&nbsp;&nbsp;&nbsp;&nbsp;&nbsp;&nbsp;&nbsp;&nbsp;&nbsp;&nbsp;&nbsp;&nbsp;&nbsp;&nbsp;&nbsp;&nbsp;&nbsp; (Responsable)<\/p>\n","protected":false},"excerpt":{"rendered":"<p>Administration de la biblioth\u00e8que La biblioth\u00e8que se trouve&nbsp; dans &nbsp;le deuxi\u00e8me \u00e9tage du b\u00e2timent de la facult\u00e9 (contenant des livres, des r\u00e9f\u00e9rences arabes et des messages de ma\u00eetrise et de [&hellip;]<\/p>\n","protected":false},"author":2,"featured_media":0,"parent":0,"menu_order":0,"comment_status":"closed","ping_status":"closed","template":"","meta":[],"_links":{"self":[{"href":"https:\/\/www.svu.edu.eg\/faculties\/mass\/wp-json\/wp\/v2\/pages\/6660"}],"collection":[{"href":"https:\/\/www.svu.edu.eg\/faculties\/mass\/wp-json\/wp\/v2\/pages"}],"about":[{"href":"https:\/\/www.svu.edu.eg\/faculties\/mass\/wp-json\/wp\/v2\/types\/page"}],"author":[{"embeddable":true,"href":"https:\/\/www.svu.edu.eg\/faculties\/mass\/wp-json\/wp\/v2\/users\/2"}],"replies":[{"embeddable":true,"href":"https:\/\/www.svu.edu.eg\/faculties\/mass\/wp-json\/wp\/v2\/comments?post=6660"}],"version-history":[{"count":2,"href":"https:\/\/www.svu.edu.eg\/faculties\/mass\/wp-json\/wp\/v2\/pages\/6660\/revisions"}],"predecessor-version":[{"id":10373,"href":"https:\/\/www.svu.edu.eg\/faculties\/mass\/wp-json\/wp\/v2\/pages\/6660\/revisions\/10373"}],"wp:attachment":[{"href":"https:\/\/www.svu.edu.eg\/faculties\/mass\/wp-json\/wp\/v2\/media?parent=6660"}],"curies":[{"name":"wp","href":"https:\/\/api.w.org\/{rel}","templated":true}]}}