{"id":6656,"date":"2020-12-20T07:03:55","date_gmt":"2020-12-20T07:03:55","guid":{"rendered":"http:\/\/www.svu.edu.eg\/faculties\/mass\/?page_id=6656"},"modified":"2020-12-20T07:04:37","modified_gmt":"2020-12-20T07:04:37","slug":"affaires-etudiantes","status":"publish","type":"page","link":"https:\/\/www.svu.edu.eg\/faculties\/mass\/fr\/affaires-etudiantes\/","title":{"rendered":"Affaires \u00e9tudiantes"},"content":{"rendered":"<p>L&#8217;administration des affaires \u00e9tudiantes&nbsp; joue un r\u00f4le&nbsp; important \u00e0 la facult\u00e9 parce que les \u00e9tudiants ont besoin de cette administration surtout les premi\u00e8res ann\u00e9es.<\/p>\n<p>Dans cette administration, les membres du personnel utilisent les ordinateurs \u00e0 enregistrer les informations et les r\u00e9sultats des \u00e9tudiants.<\/p>\n<p><strong><u>T\u00e2ches de l&#8217;administration<\/u><\/strong><strong><u>:<\/u><\/strong><strong><u>&#8211;<\/u><\/strong><\/p>\n<p>&#8211; Extraire&nbsp; les cartes&nbsp; universitaires pour les anciens \u00e9tudiants et les nouveaux.<\/p>\n<p>-Donne les nouveaux \u00e9tudiants le formulaire des examens m\u00e9dicaux.<\/p>\n<p>-Annonce les r\u00e9sultats des \u00e9tudiantes.<\/p>\n<p>-D\u00e9livrance de certificats et des rapports sur la situation des \u00e9tudiants \u00e0 la facult\u00e9&nbsp; pour tous les organismes gouvernementaux.<\/p>\n<p>&#8211; Aide les \u00e9tudiants qui veulent convertir ou d\u00e9placer la contrainte et obtenir \u00e9tat indicatif de la situation des \u00e9tudiants.<\/p>\n<p><strong>&nbsp;<\/strong><strong><u>les membres du personnel<\/u><\/strong><strong><u>&nbsp;<\/u><\/strong><\/p>\n<p>1-M. Hassan Houssen Mohamed ( directeur de l&#8217;administration )<\/p>\n<p>2- Mme Yousra Abd Elmouaz Mohamed (responsable d&#8217;\u00e9quipe).<\/p>\n<p>3- Mme Zeinab Hafez Mahmoud (responsable d&#8217;\u00e9quipe).<\/p>\n<p>4-Mme Mona Youssef Mohamed (responsable d&#8217;\u00e9quipe).<\/p>\n<p>5-Mme Eman Saleh Abo Elwafa ( responsable des dipl\u00f4m\u00e9s).<\/p>\n","protected":false},"excerpt":{"rendered":"<p>L&#8217;administration des affaires \u00e9tudiantes&nbsp; joue un r\u00f4le&nbsp; important \u00e0 la facult\u00e9 parce que les \u00e9tudiants ont besoin de cette administration surtout les premi\u00e8res ann\u00e9es. Dans cette administration, les membres du [&hellip;]<\/p>\n","protected":false},"author":2,"featured_media":0,"parent":0,"menu_order":0,"comment_status":"closed","ping_status":"closed","template":"","meta":[],"_links":{"self":[{"href":"https:\/\/www.svu.edu.eg\/faculties\/mass\/wp-json\/wp\/v2\/pages\/6656"}],"collection":[{"href":"https:\/\/www.svu.edu.eg\/faculties\/mass\/wp-json\/wp\/v2\/pages"}],"about":[{"href":"https:\/\/www.svu.edu.eg\/faculties\/mass\/wp-json\/wp\/v2\/types\/page"}],"author":[{"embeddable":true,"href":"https:\/\/www.svu.edu.eg\/faculties\/mass\/wp-json\/wp\/v2\/users\/2"}],"replies":[{"embeddable":true,"href":"https:\/\/www.svu.edu.eg\/faculties\/mass\/wp-json\/wp\/v2\/comments?post=6656"}],"version-history":[{"count":2,"href":"https:\/\/www.svu.edu.eg\/faculties\/mass\/wp-json\/wp\/v2\/pages\/6656\/revisions"}],"predecessor-version":[{"id":6658,"href":"https:\/\/www.svu.edu.eg\/faculties\/mass\/wp-json\/wp\/v2\/pages\/6656\/revisions\/6658"}],"wp:attachment":[{"href":"https:\/\/www.svu.edu.eg\/faculties\/mass\/wp-json\/wp\/v2\/media?parent=6656"}],"curies":[{"name":"wp","href":"https:\/\/api.w.org\/{rel}","templated":true}]}}