{"id":6653,"date":"2022-02-05T06:59:59","date_gmt":"2022-02-05T06:59:59","guid":{"rendered":"http:\/\/www.svu.edu.eg\/faculties\/mass\/?page_id=6653"},"modified":"2022-03-06T08:24:23","modified_gmt":"2022-03-06T08:24:23","slug":"ressources-humaines","status":"publish","type":"page","link":"https:\/\/www.svu.edu.eg\/faculties\/mass\/fr\/ressources-humaines\/","title":{"rendered":"Ressources humaines"},"content":{"rendered":"<h2>Administration des ressources humaines<\/h2>\n<p><strong><u>Les t\u00e2ches de l&#8217;administration<\/u><\/strong><\/p>\n<p>-L&#8217;administration des ressources humaines s&#8217;inscrit &nbsp;les formulaires mensuels sur les salaires, une prolongation et les formulaires de correction des membres du corps professoral et leurs assistants des membres du corps professoral et leurs assistants \u00e0 l&#8217;Universit\u00e9 et d\u2019autres universit\u00e9s, et aussi les formulaires mensuels sur les salaires des membres du personnel.<\/p>\n<p>Au d\u00e9but de chaque ann\u00e9e, l&#8217;administration des ressources humaines, surveille le cong\u00e9 sp\u00e9cial des employ\u00e9s et au personnel temporaire (employ\u00e9s- travailleurs) de la facult\u00e9 conform\u00e9ment \u00e0 la loi, que ce soit en cong\u00e9 f\u00e9ri\u00e9, r\u00e9gulier, cong\u00e9 de maladie ou sans solde, cong\u00e9 de maternit\u00e9 et garde d\u2019enfants pour les femmes, suivi du cours de maladie pour tous les employ\u00e9s.<\/p>\n<p>En m\u00eame temps, l&#8217;administration des ressources humaines \u00e9crit les formulaires mensuels sur les salaires au personnel temporaire (employ\u00e9s- travailleurs) et aussi le service des ressources humaines annonce les fonctions requises pour les professeurs et leurs assistants.<\/p>\n<p><strong><u>Les membres du corps professoral:-<\/u><\/strong><\/p>\n<table>\n<tbody>\n<tr>\n<td width=\"64\">*<\/td>\n<td width=\"315\">&nbsp;&nbsp;&nbsp;&nbsp;&nbsp;&nbsp;&nbsp;&nbsp;&nbsp;&nbsp;&nbsp; Nom<\/td>\n<td width=\"189\">&nbsp;Profession<\/td>\n<\/tr>\n<tr>\n<td width=\"64\">1<\/td>\n<td width=\"315\">Ahmad Abu Al-Abbas Mohamed Mustafa<\/td>\n<td width=\"189\">directeur<\/td>\n<\/tr>\n<tr>\n<td width=\"64\">2<\/td>\n<td width=\"315\">Hanan Hamdtu Mohamed<\/td>\n<td width=\"189\">sp\u00e9cialiste<\/td>\n<\/tr>\n<\/tbody>\n<\/table>\n","protected":false},"excerpt":{"rendered":"<p>Administration des ressources humaines Les t\u00e2ches de l&#8217;administration -L&#8217;administration des ressources humaines s&#8217;inscrit &nbsp;les formulaires mensuels sur les salaires, une prolongation et les formulaires de correction des membres du corps [&hellip;]<\/p>\n","protected":false},"author":2,"featured_media":0,"parent":0,"menu_order":0,"comment_status":"closed","ping_status":"closed","template":"","meta":[],"_links":{"self":[{"href":"https:\/\/www.svu.edu.eg\/faculties\/mass\/wp-json\/wp\/v2\/pages\/6653"}],"collection":[{"href":"https:\/\/www.svu.edu.eg\/faculties\/mass\/wp-json\/wp\/v2\/pages"}],"about":[{"href":"https:\/\/www.svu.edu.eg\/faculties\/mass\/wp-json\/wp\/v2\/types\/page"}],"author":[{"embeddable":true,"href":"https:\/\/www.svu.edu.eg\/faculties\/mass\/wp-json\/wp\/v2\/users\/2"}],"replies":[{"embeddable":true,"href":"https:\/\/www.svu.edu.eg\/faculties\/mass\/wp-json\/wp\/v2\/comments?post=6653"}],"version-history":[{"count":2,"href":"https:\/\/www.svu.edu.eg\/faculties\/mass\/wp-json\/wp\/v2\/pages\/6653\/revisions"}],"predecessor-version":[{"id":10371,"href":"https:\/\/www.svu.edu.eg\/faculties\/mass\/wp-json\/wp\/v2\/pages\/6653\/revisions\/10371"}],"wp:attachment":[{"href":"https:\/\/www.svu.edu.eg\/faculties\/mass\/wp-json\/wp\/v2\/media?parent=6653"}],"curies":[{"name":"wp","href":"https:\/\/api.w.org\/{rel}","templated":true}]}}