{"id":6649,"date":"2022-03-04T06:52:15","date_gmt":"2022-03-04T06:52:15","guid":{"rendered":"http:\/\/www.svu.edu.eg\/faculties\/mass\/?page_id=6649"},"modified":"2022-03-06T08:02:53","modified_gmt":"2022-03-06T08:02:53","slug":"protection-de-la-jeunesse","status":"publish","type":"page","link":"https:\/\/www.svu.edu.eg\/faculties\/mass\/fr\/protection-de-la-jeunesse\/","title":{"rendered":"Protection de la jeunesse"},"content":{"rendered":"<p>Protection de la jeunesse joue un r\u00f4le actif gr\u00e2ce \u00e0 des activit\u00e9s pour les \u00e9tudiants et \u00e0 beaucoup de services, notamment l\u2019aide financi\u00e8re , sociale , activit\u00e9s sportives, culturelles et r\u00e9cr\u00e9atives.<\/p>\n<p>E-mail: <strong>&nbsp;ycaremasscom@svu.edu.eg<\/strong><\/p>\n<p><strong>&nbsp; Services du d\u00e9partement<\/strong><\/p>\n<p><strong><u>D&#8217;abord la solidarit\u00e9 sociale<\/u><\/strong><\/p>\n<p>La facult\u00e9 fournit une aide sociale du fonds de solidarit\u00e9 sociale aux \u00e9tudiants qui sont incapables de se permettre un revenu familial de moins de 100 livres ou \u00e0 ceux qui ont des circonstances particuli\u00e8res, selon le comit\u00e9 d\u2019aide, qui est organis\u00e9 dans la facult\u00e9 comme les (frais de scolarit\u00e9 &#8211; livres scolaires &#8211; lunettes m\u00e9dicales \u2013 v\u00eatements etc.)<\/p>\n<p><strong><u>Deuxi\u00e8mement, Activit\u00e9 sportive:<\/u><\/strong><\/p>\n<p>L\u2019activit\u00e9 vise \u00e0 aider et \u00e0 encourager les \u00e9tudiants \u00e0 pratiquer l\u2019activit\u00e9, \u00e0 cr\u00e9er un esprit de comp\u00e9tition entre les \u00e9tudiants et \u00e0 aider les \u00e9tudiants \u00e0 construire leur corps correctement au moyen des activit\u00e9s suivantes&nbsp;:<br \/>\n-sports collectifs (football, basket-ball, volley-ball, etc.)<br \/>\nsports individuels (tennis. Athl\u00e9tisme, etc..)-<br \/>\n&#8211; Comp\u00e9titions d&#8217;aptitude physique, mini-jeux, journ\u00e9e sportive et festivals sportifs.<\/p>\n<p><strong><u>Troisi\u00e8mement, l\u2019activit\u00e9 culturelle&nbsp;:<\/u><\/strong><br \/>\nL\u2019\u00e9tudiant a pour objectif d\u2019obtenir de nouvelles informations, de les aider \u00e0 \u00e9changer des exp\u00e9riences, de les encourager \u00e0 pratiquer des activit\u00e9s et de d\u00e9velopper la conscience religieuse et culturelle en:<br \/>\n&#8211; s\u00e9minaires religieux, \u00e9ducatifs et politiques.<br \/>\n&#8211; concours religieux et culturels, po\u00e9sie et litt\u00e9rature.<br \/>\n-Magazines muraux et&nbsp; des revues.<\/p>\n<p><strong><u>Quatri\u00e8mement, l\u2019activit\u00e9 technique&nbsp;:<\/u><\/strong><br \/>\nvise \u00e0 d\u00e9velopper les comp\u00e9tences techniques et \u00e0 d\u00e9velopper le go\u00fbt artistique des \u00e9tudiants \u00e0 travers:<br \/>\n&#8211; concours artistiques de peinture et d\u2019arts plastiques.<br \/>\n&#8211; Concours de chant et de korals.<br \/>\n&#8211; Concours de th\u00e9\u00e2tre.<br \/>\n-les concerts que la facult\u00e9 organise.<\/p>\n<p><strong><u>Cinqui\u00e8mement, l\u2019activit\u00e9 des promenades et le service public&nbsp;:<\/u><\/strong><br \/>\nvise \u00e0 donner \u00e0 l\u2019individu la capacit\u00e9 de prendre des responsabilit\u00e9s et la capacit\u00e9 d\u2019agir et de d\u00e9velopper l\u2019esprit de loyaut\u00e9, d\u2019appartenance et de b\u00e9n\u00e9volat en&nbsp;:<br \/>\n&#8211; camp d\u2019accueil des nouveaux \u00e9tudiants.<br \/>\n&#8211; camp de s\u00e9lection et cr\u00e9ation des groupes des promenades.<br \/>\n&#8211; Camps de la fonction publique.<br \/>\n&#8211; une soir\u00e9e et les groupes de volontariat.<\/p>\n<p><strong><u>Sixi\u00e8mement, l\u2019activit\u00e9 sociale:<\/u><\/strong><br \/>\nvise \u00e0 acqu\u00e9rir des comp\u00e9tences sociales et r\u00e9cr\u00e9atives, \u00e0 \u00e9tablir des relations sociales et \u00e0 d\u00e9velopper la capacit\u00e9 d\u2019interaction sociale uniquement entre les \u00e9l\u00e8ves et la soci\u00e9t\u00e9 en&nbsp;:<br \/>\n&#8211; concours des id\u00e9aux \u00e9tudiants, \u00e9checs<br \/>\n&#8211; Excursions scientifiques et r\u00e9cr\u00e9atives<br \/>\n&#8211; les concerts organis\u00e9s pour les orphelins et le d\u00e9veloppement communautaire.<\/p>\n<p><strong><u>Septi\u00e8mement, l\u2019activit\u00e9 des familles \u00e9tudiantes&nbsp;:<\/u><\/strong><br \/>\nsous la supervision des protection de la jeunesse pour encourager les \u00e9l\u00e8ves \u00e0 travailler, \u00e0 tisser des liens sociaux entre eux, \u00e0 d\u00e9velopper des capacit\u00e9s cr\u00e9atives, \u00e0 inspirer l\u2019esprit communautaire et \u00e0 collaborer en&nbsp;:<br \/>\n&#8211; voyages en famille<br \/>\n&#8211; divers concours entre familles<br \/>\n<strong><u>Huiti\u00e8mement, l\u2019activit\u00e9 scientifique et technologique:<\/u><\/strong><br \/>\nsensibiliser les \u00e9tudiants \u00e0 la technologie, moyens modernes de communication et de technologie par:<br \/>\n&#8211; concours de meilleur CD \u00e0 propos de la facult\u00e9.<br \/>\n&#8211; concours de meilleur revue \u00e9lectronique.<br \/>\n&#8211; comp\u00e9titions d&#8217;information.<\/p>\n<p><strong><u>Employ\u00e9s<\/u><\/strong><strong><u> d\u2019administration&nbsp;:<\/u><\/strong><\/p>\n<table width=\"569\">\n<tbody>\n<tr>\n<td width=\"204\"><strong>Profession<\/strong><\/td>\n<td width=\"311\"><strong>Nom<\/strong><\/td>\n<td width=\"55\">*<\/td>\n<\/tr>\n<tr>\n<td width=\"204\">Directeur<\/td>\n<td width=\"311\">Eman Abdul Wahab Mohamed<\/td>\n<td width=\"55\">1<\/td>\n<\/tr>\n<tr>\n<td width=\"204\">Sp\u00e9cialiste des activit\u00e9s<\/td>\n<td width=\"311\">Mahmoud Jamal Mohamed Al Ghazali<\/td>\n<td width=\"55\">2<\/td>\n<\/tr>\n<tr>\n<td width=\"204\">Sp\u00e9cialiste des activit\u00e9s<\/td>\n<td width=\"311\">Reda Khairi Jadkarim<\/td>\n<td width=\"55\">3<\/td>\n<\/tr>\n<tr>\n<td width=\"204\">Sp\u00e9cialiste des activit\u00e9s<\/td>\n<td width=\"311\">Mohamed Salah al-Din Mohamed Moawad<\/td>\n<td width=\"55\">4<\/td>\n<\/tr>\n<tr>\n<td width=\"204\">D\u00e9tach\u00e9 de l\u2019\u00e9ducation<\/td>\n<td width=\"311\">Sami Abdul Rahim Mohammad<\/td>\n<td width=\"55\">5<\/td>\n<\/tr>\n<\/tbody>\n<\/table>\n","protected":false},"excerpt":{"rendered":"<p>Protection de la jeunesse joue un r\u00f4le actif gr\u00e2ce \u00e0 des activit\u00e9s pour les \u00e9tudiants et \u00e0 beaucoup de services, notamment l\u2019aide financi\u00e8re , sociale , activit\u00e9s sportives, culturelles et [&hellip;]<\/p>\n","protected":false},"author":2,"featured_media":0,"parent":0,"menu_order":0,"comment_status":"closed","ping_status":"closed","template":"","meta":[],"_links":{"self":[{"href":"https:\/\/www.svu.edu.eg\/faculties\/mass\/wp-json\/wp\/v2\/pages\/6649"}],"collection":[{"href":"https:\/\/www.svu.edu.eg\/faculties\/mass\/wp-json\/wp\/v2\/pages"}],"about":[{"href":"https:\/\/www.svu.edu.eg\/faculties\/mass\/wp-json\/wp\/v2\/types\/page"}],"author":[{"embeddable":true,"href":"https:\/\/www.svu.edu.eg\/faculties\/mass\/wp-json\/wp\/v2\/users\/2"}],"replies":[{"embeddable":true,"href":"https:\/\/www.svu.edu.eg\/faculties\/mass\/wp-json\/wp\/v2\/comments?post=6649"}],"version-history":[{"count":3,"href":"https:\/\/www.svu.edu.eg\/faculties\/mass\/wp-json\/wp\/v2\/pages\/6649\/revisions"}],"predecessor-version":[{"id":10368,"href":"https:\/\/www.svu.edu.eg\/faculties\/mass\/wp-json\/wp\/v2\/pages\/6649\/revisions\/10368"}],"wp:attachment":[{"href":"https:\/\/www.svu.edu.eg\/faculties\/mass\/wp-json\/wp\/v2\/media?parent=6649"}],"curies":[{"name":"wp","href":"https:\/\/api.w.org\/{rel}","templated":true}]}}