{"id":6610,"date":"2022-03-13T08:20:02","date_gmt":"2022-03-13T08:20:02","guid":{"rendered":"http:\/\/www.svu.edu.eg\/faculties\/mass\/?page_id=6610"},"modified":"2022-03-14T10:16:46","modified_gmt":"2022-03-14T10:16:46","slug":"objectifs-vision-et-mission-2","status":"publish","type":"page","link":"https:\/\/www.svu.edu.eg\/faculties\/mass\/fr\/objectifs-vision-et-mission-2\/","title":{"rendered":"Objectifs, Vision et Mission du centre de recherches de l\u2019opinion publique"},"content":{"rendered":"<p><strong>Objectifs, Vision et Mission du centre de recherches de l\u2019opinion publique<\/strong><\/p>\n\n\n<div class=\"wp-block-image\"><figure class=\"aligncenter is-resized\"><img decoding=\"async\" loading=\"lazy\" src=\"http:\/\/www.svu.edu.eg\/faculties\/mass\/wp-content\/uploads\/2020\/09\/FB_IMG_1600980459705.jpg\" alt=\"\" width=\"125\" height=\"125\"\/><\/figure><\/div>\n\n\n\n<ul><li><strong>Vision du centre<\/strong><strong><\/strong><\/li><\/ul>\n\n\n\n<ul><li>Excellence \u00e0 la domaine de la recherche scientifique pour gagner la      confiance du public et des institutions comp\u00e9tentes dans le      domaine des enqu\u00eates et de la mesure de l\u2019opinion publique \u00e9gyptienne et      dans divers cas nationaux, arabes et internationaux pour contribuer \u00e0 la      prise de d\u00e9cision nationale.<\/li><li><strong>Mission du centre<\/strong><\/li><li>Coop\u00e9ration continue avec les minist\u00e8res et les institutions \u00e0 travers      la recherche scientifique au service de la soci\u00e9t\u00e9 \u00e9gyptienne et arabe.<\/li><li>Conf\u00e9rences, symposiums, ateliers sp\u00e9cialis\u00e9s et s\u00e9minaires ont \u00e9t\u00e9      organis\u00e9s &nbsp;pour \u00e9changer des points      de vue.<\/li><li><strong>Objectifs du centre<\/strong><\/li><li>&nbsp; \u00c9tudes et recherches scientifiques sur les questions politiques, \u00e9conomiques et sociales relatives \u00e0 la soci\u00e9t\u00e9 \u00e9gyptienne;<br>* Mesurer les tendances de l\u2019opinion publique \u00e0 l\u2019\u00e9gard des enjeux critiques actuels.<br>* \u00c9change de points de vue scientifiques au moyen de conf\u00e9rences, de symposiums et d\u2019ateliers sp\u00e9cialis\u00e9s.<br>* D\u00e9veloppement des comp\u00e9tences professionnelles du personnel de recherche dans le domaine de l\u2019opinion publique <\/li><\/ul>\n","protected":false},"excerpt":{"rendered":"<p>Objectifs, Vision et Mission du centre de recherches de l\u2019opinion publique Vision du centre Excellence \u00e0 la domaine de la recherche scientifique pour gagner la confiance du public et des [&hellip;]<\/p>\n","protected":false},"author":2,"featured_media":0,"parent":0,"menu_order":0,"comment_status":"closed","ping_status":"closed","template":"","meta":[],"_links":{"self":[{"href":"https:\/\/www.svu.edu.eg\/faculties\/mass\/wp-json\/wp\/v2\/pages\/6610"}],"collection":[{"href":"https:\/\/www.svu.edu.eg\/faculties\/mass\/wp-json\/wp\/v2\/pages"}],"about":[{"href":"https:\/\/www.svu.edu.eg\/faculties\/mass\/wp-json\/wp\/v2\/types\/page"}],"author":[{"embeddable":true,"href":"https:\/\/www.svu.edu.eg\/faculties\/mass\/wp-json\/wp\/v2\/users\/2"}],"replies":[{"embeddable":true,"href":"https:\/\/www.svu.edu.eg\/faculties\/mass\/wp-json\/wp\/v2\/comments?post=6610"}],"version-history":[{"count":5,"href":"https:\/\/www.svu.edu.eg\/faculties\/mass\/wp-json\/wp\/v2\/pages\/6610\/revisions"}],"predecessor-version":[{"id":10604,"href":"https:\/\/www.svu.edu.eg\/faculties\/mass\/wp-json\/wp\/v2\/pages\/6610\/revisions\/10604"}],"wp:attachment":[{"href":"https:\/\/www.svu.edu.eg\/faculties\/mass\/wp-json\/wp\/v2\/media?parent=6610"}],"curies":[{"name":"wp","href":"https:\/\/api.w.org\/{rel}","templated":true}]}}