{"id":6606,"date":"2022-03-13T08:14:19","date_gmt":"2022-03-13T08:14:19","guid":{"rendered":"http:\/\/www.svu.edu.eg\/faculties\/mass\/?page_id=6606"},"modified":"2022-03-14T10:00:00","modified_gmt":"2022-03-14T10:00:00","slug":"recherches-de-lopinion-publique","status":"publish","type":"page","link":"https:\/\/www.svu.edu.eg\/faculties\/mass\/fr\/recherches-de-lopinion-publique\/","title":{"rendered":"Recherches de l&#8217;opinion publique"},"content":{"rendered":"<p><img decoding=\"async\" loading=\"lazy\" class=\"aligncenter\" src=\"http:\/\/www.svu.edu.eg\/faculties\/mass\/wp-content\/uploads\/2020\/09\/FB_IMG_1600980459705.jpg\" width=\"249\" height=\"249\" \/><\/p>\n\n\n<p><strong>Cr\u00e9ation<\/strong><strong> <\/strong><strong>du <\/strong><strong>centre<\/strong><\/p>\n\n\n\n<p>Centre de recherche sur l\u2019opinion publique a \u00e9t\u00e9 cr\u00e9\u00e9\nen 2016 en tant qu\u2019unit\u00e9 de formation scientifique consultative sp\u00e9ciale de la\nfacult\u00e9 des m\u00e9dia et de la communication \u2013 Universit\u00e9 du Sud de la vall\u00e9e.<\/p>\n\n\n\n<p>&nbsp;Centre a \u00e9t\u00e9 cr\u00e9\u00e9 dans le contexte de\nl\u2019orientation de l\u2019Universit\u00e9 du Sud de la vall\u00e9e vers la stimulation de la\nrecherche sur l\u2019opinion publique, l\u2019attention aux questions publiques,\nl\u2019organisation, l\u2019int\u00e9gration et la coordination des efforts de recherche,\ncr\u00e9er ainsi un environnement de recherche int\u00e9gr\u00e9 dans lequel les chercheurs.<\/p>\n\n\n\n<p><strong>Conseil d&#8217;administration<\/strong><strong><\/strong><\/p>\n\n\n\n<p>Prof. Dr. Helmi Mohaseb&#8212;&#8212;&#8212;&#8212;-Doyen de la\nfacult\u00e9 <\/p>\n\n\n\n<p>Prof. Dr. Mohamed Omaraa&#8212;&#8212;&#8211; Vice- doyen du\nservice communautaire et le d\u00e9veloppement environnemental<\/p>\n\n\n\n<p>Dr. Karimaa Kamal&#8212;&#8212;&#8212;&#8212;&#8212;&#8212;&#8212;-Directeur du\ncentre<\/p>\n\n\n\n<p>Prof. Dr. &nbsp;Mohamed Mahfouz El- Zohary&#8212;&#8212;&#8212;Membre<\/p>\n\n\n\n<p>Dr. Mostafa\nEl- Gezery&#8212;&#8212;&#8212; Membre<\/p>\n\n\n\n<p>Dr. Shimaa\nAbd El- Aty &#8212;&#8212;&#8211; Membre<\/p>\n\n\n\n<p>Dr. Abdo Kenawy&#8212;&#8212;&#8212;&#8212;&#8211; Membre\n\nDr. Enass Hassan &#8212;&#8212;&#8212;&#8212;Secr\u00e9taire du conseil\n\n\n\n<\/p>\n","protected":false},"excerpt":{"rendered":"<p>Cr\u00e9ation du centre Centre de recherche sur l\u2019opinion publique a \u00e9t\u00e9 cr\u00e9\u00e9 en 2016 en tant qu\u2019unit\u00e9 de formation scientifique consultative sp\u00e9ciale de la facult\u00e9 des m\u00e9dia et de la [&hellip;]<\/p>\n","protected":false},"author":2,"featured_media":0,"parent":0,"menu_order":0,"comment_status":"closed","ping_status":"closed","template":"","meta":[],"_links":{"self":[{"href":"https:\/\/www.svu.edu.eg\/faculties\/mass\/wp-json\/wp\/v2\/pages\/6606"}],"collection":[{"href":"https:\/\/www.svu.edu.eg\/faculties\/mass\/wp-json\/wp\/v2\/pages"}],"about":[{"href":"https:\/\/www.svu.edu.eg\/faculties\/mass\/wp-json\/wp\/v2\/types\/page"}],"author":[{"embeddable":true,"href":"https:\/\/www.svu.edu.eg\/faculties\/mass\/wp-json\/wp\/v2\/users\/2"}],"replies":[{"embeddable":true,"href":"https:\/\/www.svu.edu.eg\/faculties\/mass\/wp-json\/wp\/v2\/comments?post=6606"}],"version-history":[{"count":3,"href":"https:\/\/www.svu.edu.eg\/faculties\/mass\/wp-json\/wp\/v2\/pages\/6606\/revisions"}],"predecessor-version":[{"id":7068,"href":"https:\/\/www.svu.edu.eg\/faculties\/mass\/wp-json\/wp\/v2\/pages\/6606\/revisions\/7068"}],"wp:attachment":[{"href":"https:\/\/www.svu.edu.eg\/faculties\/mass\/wp-json\/wp\/v2\/media?parent=6606"}],"curies":[{"name":"wp","href":"https:\/\/api.w.org\/{rel}","templated":true}]}}