{"id":6599,"date":"2022-03-13T07:49:06","date_gmt":"2022-03-13T07:49:06","guid":{"rendered":"http:\/\/www.svu.edu.eg\/faculties\/mass\/?page_id=6599"},"modified":"2022-03-14T09:52:52","modified_gmt":"2022-03-14T09:52:52","slug":"service-public","status":"publish","type":"page","link":"https:\/\/www.svu.edu.eg\/faculties\/mass\/fr\/service-public\/","title":{"rendered":"Service Public"},"content":{"rendered":"<p><strong>Objectifs du centre de service public<\/strong><\/p>\n<p><strong>Conseil d\u2019administration du Centre<\/strong><\/p>\n<p>Dr. Helmi Mohsb, Doyen de la facult\u00e9.<br \/>\nDr. Mohamed Amara, Vice- doyen de la facult\u00e9 des affaires environnementales et communautaires.<br \/>\nTrois des membres du corps professoral sp\u00e9cialis\u00e9<br \/>\nDr. Mohamed Mahfouz Al-Zahri, professeur au d\u00e9partement des relations publiques et media.<br \/>\nDr. Hala Kamal Nawfel Chef de la radio et de la t\u00e9l\u00e9vision.<br \/>\nAsmaa Aram, Chef du d\u00e9partement de journalisme.<br \/>\nDr. Abdou Qanawi Ahmed, Directeur du Centre.<br \/>\nDr. Radwan Wahbi, Secr\u00e9taire g\u00e9n\u00e9ral de la facult\u00e9.<br \/>\nDr. Ahmed Mohamed Ahmed Mohamed, un sp\u00e9cialiste des finances.<br \/>\nDr. Salah Mahmoud Mohamed, Directeur du d\u00e9partement des Unit\u00e9s de l\u2019Universit\u00e9.<br \/>\nDr. Ali Fikri Ali, Directeur du r\u00e9seau d\u2019information universitaire.<\/p>\n<p>Dr. Shima Mohsen, professeur assistant du d\u00e9partement de journalisme,<br \/>\nDirecteur ex\u00e9cutif du centre.<\/p>\n","protected":false},"excerpt":{"rendered":"<p>Objectifs du centre de service public Conseil d\u2019administration du Centre Dr. Helmi Mohsb, Doyen de la facult\u00e9. Dr. Mohamed Amara, Vice- doyen de la facult\u00e9 des affaires environnementales et communautaires. [&hellip;]<\/p>\n","protected":false},"author":2,"featured_media":0,"parent":0,"menu_order":0,"comment_status":"closed","ping_status":"closed","template":"","meta":[],"_links":{"self":[{"href":"https:\/\/www.svu.edu.eg\/faculties\/mass\/wp-json\/wp\/v2\/pages\/6599"}],"collection":[{"href":"https:\/\/www.svu.edu.eg\/faculties\/mass\/wp-json\/wp\/v2\/pages"}],"about":[{"href":"https:\/\/www.svu.edu.eg\/faculties\/mass\/wp-json\/wp\/v2\/types\/page"}],"author":[{"embeddable":true,"href":"https:\/\/www.svu.edu.eg\/faculties\/mass\/wp-json\/wp\/v2\/users\/2"}],"replies":[{"embeddable":true,"href":"https:\/\/www.svu.edu.eg\/faculties\/mass\/wp-json\/wp\/v2\/comments?post=6599"}],"version-history":[{"count":1,"href":"https:\/\/www.svu.edu.eg\/faculties\/mass\/wp-json\/wp\/v2\/pages\/6599\/revisions"}],"predecessor-version":[{"id":6600,"href":"https:\/\/www.svu.edu.eg\/faculties\/mass\/wp-json\/wp\/v2\/pages\/6599\/revisions\/6600"}],"wp:attachment":[{"href":"https:\/\/www.svu.edu.eg\/faculties\/mass\/wp-json\/wp\/v2\/media?parent=6599"}],"curies":[{"name":"wp","href":"https:\/\/api.w.org\/{rel}","templated":true}]}}