{"id":6584,"date":"2022-03-13T09:59:41","date_gmt":"2022-03-13T09:59:41","guid":{"rendered":"http:\/\/www.svu.edu.eg\/faculties\/mass\/?page_id=6584"},"modified":"2022-03-14T08:45:23","modified_gmt":"2022-03-14T08:45:23","slug":"appelez-nous","status":"publish","type":"page","link":"https:\/\/www.svu.edu.eg\/faculties\/mass\/fr\/appelez-nous\/","title":{"rendered":"Appelez-nous"},"content":{"rendered":"<p><span style=\"font-size: 14pt;\"><strong>Appelez-nous<\/strong><\/span><\/p>\n<p><strong>Adresse: Facult\u00e9 de m\u00e9dia et communication &#8211; Unit\u00e9 de qualit\u00e9 du premier \u00e9tage. Salle 26&nbsp;&nbsp;&nbsp;&nbsp;&nbsp; <\/strong><\/p>\n<p><strong>E- mail: <a href=\"mailto:qualmasscom@svu.edu.eg\">qualmasscom@svu.edu.eg<\/a><\/strong><\/p>\n","protected":false},"excerpt":{"rendered":"<p>Appelez-nous Adresse: Facult\u00e9 de m\u00e9dia et communication &#8211; Unit\u00e9 de qualit\u00e9 du premier \u00e9tage. Salle 26&nbsp;&nbsp;&nbsp;&nbsp;&nbsp; E- mail: qualmasscom@svu.edu.eg<\/p>\n","protected":false},"author":2,"featured_media":0,"parent":0,"menu_order":0,"comment_status":"closed","ping_status":"closed","template":"","meta":[],"_links":{"self":[{"href":"https:\/\/www.svu.edu.eg\/faculties\/mass\/wp-json\/wp\/v2\/pages\/6584"}],"collection":[{"href":"https:\/\/www.svu.edu.eg\/faculties\/mass\/wp-json\/wp\/v2\/pages"}],"about":[{"href":"https:\/\/www.svu.edu.eg\/faculties\/mass\/wp-json\/wp\/v2\/types\/page"}],"author":[{"embeddable":true,"href":"https:\/\/www.svu.edu.eg\/faculties\/mass\/wp-json\/wp\/v2\/users\/2"}],"replies":[{"embeddable":true,"href":"https:\/\/www.svu.edu.eg\/faculties\/mass\/wp-json\/wp\/v2\/comments?post=6584"}],"version-history":[{"count":2,"href":"https:\/\/www.svu.edu.eg\/faculties\/mass\/wp-json\/wp\/v2\/pages\/6584\/revisions"}],"predecessor-version":[{"id":6586,"href":"https:\/\/www.svu.edu.eg\/faculties\/mass\/wp-json\/wp\/v2\/pages\/6584\/revisions\/6586"}],"wp:attachment":[{"href":"https:\/\/www.svu.edu.eg\/faculties\/mass\/wp-json\/wp\/v2\/media?parent=6584"}],"curies":[{"name":"wp","href":"https:\/\/api.w.org\/{rel}","templated":true}]}}